{"id":1159,"date":"2025-01-27T12:05:25","date_gmt":"2025-01-27T11:05:25","guid":{"rendered":"https:\/\/avenidaconseiletformation.com\/?page_id=1159"},"modified":"2025-06-12T11:37:20","modified_gmt":"2025-06-12T09:37:20","slug":"accompagnement-denfant","status":"publish","type":"page","link":"https:\/\/avenidaconseiletformation.com\/index.php\/accompagnement-denfant\/","title":{"rendered":"Accompagnement d&rsquo;enfant"},"content":{"rendered":"\t\t<div data-elementor-type=\"wp-page\" data-elementor-id=\"1159\" class=\"elementor elementor-1159\">\n\t\t\t\t<div class=\"elementor-element elementor-element-8a981a9 e-flex e-con-boxed wpr-particle-no wpr-jarallax-no wpr-parallax-no wpr-sticky-section-no wpr-equal-height-no e-con e-parent\" data-id=\"8a981a9\" data-element_type=\"container\" data-e-type=\"container\">\n\t\t\t\t\t<div class=\"e-con-inner\">\n\t\t\t\t<div class=\"elementor-element elementor-element-894652b elementor-widget elementor-widget-heading\" data-id=\"894652b\" data-element_type=\"widget\" data-e-type=\"widget\" data-widget_type=\"heading.default\">\n\t\t\t\t<div class=\"elementor-widget-container\">\n\t\t\t\t\t<h2 class=\"elementor-heading-title elementor-size-default\">Accompagnement d'enfant avec des troubles du comportement<\/h2>\t\t\t\t<\/div>\n\t\t\t\t<\/div>\n\t\t<div class=\"elementor-element elementor-element-9b51b98 e-con-full e-grid wpr-particle-no wpr-jarallax-no wpr-parallax-no wpr-sticky-section-no wpr-equal-height-no e-con e-child\" data-id=\"9b51b98\" data-element_type=\"container\" data-e-type=\"container\">\n\t\t<div class=\"elementor-element elementor-element-4847402 e-con-full e-flex wpr-particle-no wpr-jarallax-no wpr-parallax-no wpr-sticky-section-no wpr-equal-height-no e-con e-child\" data-id=\"4847402\" data-element_type=\"container\" data-e-type=\"container\">\n\t\t<div class=\"elementor-element elementor-element-9941800 e-con-full e-flex wpr-particle-no wpr-jarallax-no wpr-parallax-no wpr-sticky-section-no wpr-equal-height-no e-con e-child\" data-id=\"9941800\" data-element_type=\"container\" data-e-type=\"container\">\n\t\t\t\t<div class=\"elementor-element elementor-element-ac30086 elementor-widget elementor-widget-text-editor\" data-id=\"ac30086\" data-element_type=\"widget\" data-e-type=\"widget\" data-widget_type=\"text-editor.default\">\n\t\t\t\t<div class=\"elementor-widget-container\">\n\t\t\t\t\t\t\t\t\t<h5 class=\"western\"><span style=\"color: #2f8aa0;\">Pr\u00e9requis :<\/span><\/h5><p class=\"western\"><span style=\"color: #7a7a7a;\">AUCUN, pour plus d&rsquo;informations contactez-nous via le bouton ci-dessous.<\/span><\/p>\t\t\t\t\t\t\t\t<\/div>\n\t\t\t\t<\/div>\n\t\t\t\t<div class=\"elementor-element elementor-element-78c1b70 elementor-widget elementor-widget-text-editor\" data-id=\"78c1b70\" data-element_type=\"widget\" data-e-type=\"widget\" data-widget_type=\"text-editor.default\">\n\t\t\t\t<div class=\"elementor-widget-container\">\n\t\t\t\t\t\t\t\t\t<h5><span style=\"color: #2f8aa0; --wp-dark-mode-inline-color: #76b9c6;\" data-wp-dark-mode-inline-color=\"\">Tarif et dur\u00e9e :<\/span><\/h5><p><span style=\"color: #7a7a7a;\">Une dur\u00e9e de 21h\/3jours pour un prix TTC de 1200 \u20ac pour les entreprises et de 320\u20ac pour les particuliers.<\/span><\/p>\t\t\t\t\t\t\t\t<\/div>\n\t\t\t\t<\/div>\n\t\t\t\t<div class=\"elementor-element elementor-element-3446f9f elementor-widget elementor-widget-text-editor\" data-id=\"3446f9f\" data-element_type=\"widget\" data-e-type=\"widget\" data-widget_type=\"text-editor.default\">\n\t\t\t\t<div class=\"elementor-widget-container\">\n\t\t\t\t\t\t\t\t\t<h5 class=\"western\"><span style=\"color: #2f8aa0;\">Accessibilit\u00e9 :<\/span><\/h5><p><span style=\"color: #7a7a7a;\">L&rsquo;acc\u00e8s, le rythme et le contenu de nos formations peuvent \u00eatre adapt\u00e9s, n&rsquo;h\u00e9sitez pas \u00e0 nous contacter.<\/span><\/p>\t\t\t\t\t\t\t\t<\/div>\n\t\t\t\t<\/div>\n\t\t\t\t<\/div>\n\t\t<div class=\"elementor-element elementor-element-4615728 e-con-full e-flex wpr-particle-no wpr-jarallax-no wpr-parallax-no wpr-sticky-section-no wpr-equal-height-no e-con e-child\" data-id=\"4615728\" data-element_type=\"container\" data-e-type=\"container\">\n\t\t\t\t<div class=\"elementor-element elementor-element-7c36c28 elementor-widget elementor-widget-text-editor\" data-id=\"7c36c28\" data-element_type=\"widget\" data-e-type=\"widget\" data-widget_type=\"text-editor.default\">\n\t\t\t\t<div class=\"elementor-widget-container\">\n\t\t\t\t\t\t\t\t\t<h5 class=\"western\"><span style=\"color: #2f8aa0;\">M\u00e9thode d&rsquo;\u00e9valuation :<\/span><\/h5><p align=\"left\"><span style=\"color: #7a7a7a;\">Quizz de connaissances, \u00e9tude de cas.<\/span><\/p>\t\t\t\t\t\t\t\t<\/div>\n\t\t\t\t<\/div>\n\t\t\t\t<div class=\"elementor-element elementor-element-e338e5c elementor-widget elementor-widget-text-editor\" data-id=\"e338e5c\" data-element_type=\"widget\" data-e-type=\"widget\" data-widget_type=\"text-editor.default\">\n\t\t\t\t<div class=\"elementor-widget-container\">\n\t\t\t\t\t\t\t\t\t<h5><span style=\"color: #2f8aa0;\">M\u00e9thodes p\u00e9dagogiques :<\/span><\/h5><p><span style=\"color: #7a7a7a;\">Didactique, exp\u00e9rimentale, co-construction des savoirs, active, expositive.<\/span><\/p>\t\t\t\t\t\t\t\t<\/div>\n\t\t\t\t<\/div>\n\t\t<div class=\"elementor-element elementor-element-3ce6b43 e-con-full e-flex wpr-particle-no wpr-jarallax-no wpr-parallax-no wpr-sticky-section-no wpr-equal-height-no e-con e-child\" data-id=\"3ce6b43\" data-element_type=\"container\" data-e-type=\"container\">\n\t\t\t\t<div class=\"elementor-element elementor-element-4d3bc3d elementor-widget elementor-widget-text-editor\" data-id=\"4d3bc3d\" data-element_type=\"widget\" data-e-type=\"widget\" data-widget_type=\"text-editor.default\">\n\t\t\t\t<div class=\"elementor-widget-container\">\n\t\t\t\t\t\t\t\t\t<h5 class=\"western\" style=\"font-family: Roboto, sans-serif; color: #7a7a7a;\"><span style=\"color: #2f8aa0; --wp-dark-mode-inline-color: #76b9c6;\" data-wp-dark-mode-inline-color=\"\">Public vis\u00e9e :<\/span><\/h5><p style=\"font-size: 16px;\"><span style=\"color: #7a7a7a; --wp-dark-mode-inline-color: #9d9385;\" data-wp-dark-mode-inline-color=\"\">Toute personne travaillant dans le champs de la petite enfance, l&rsquo;enfance et la jeunesse.<\/span><\/p>\t\t\t\t\t\t\t\t<\/div>\n\t\t\t\t<\/div>\n\t\t\t\t<\/div>\n\t\t\t\t<\/div>\n\t\t<div class=\"elementor-element elementor-element-5d3baa2 e-con-full e-flex wpr-particle-no wpr-jarallax-no wpr-parallax-no wpr-sticky-section-no wpr-equal-height-no e-con e-child\" data-id=\"5d3baa2\" data-element_type=\"container\" data-e-type=\"container\">\n\t\t\t\t<div class=\"elementor-element elementor-element-0ba99e1 elementor-widget elementor-widget-text-editor\" data-id=\"0ba99e1\" data-element_type=\"widget\" data-e-type=\"widget\" data-widget_type=\"text-editor.default\">\n\t\t\t\t<div class=\"elementor-widget-container\">\n\t\t\t\t\t\t\t\t\t<h5 class=\"western\"><span style=\"color: #2f8aa0;\">D\u00e9lai d&rsquo;acc\u00e8s :<\/span><\/h5><p><span style=\"color: #7a7a7a;\">Les formations \u00e9tant faites sur mesure avec le donneur d&rsquo;ordre, L&rsquo;Imaginarium s&rsquo;engage \u00e0 donner une proposition chiffr\u00e9e et document\u00e9e en 30 jours ouvr\u00e9s apr\u00e8s la commande. Les calendriers sont mis en place avec le donneur d&rsquo;ordre.<\/span><\/p>\t\t\t\t\t\t\t\t<\/div>\n\t\t\t\t<\/div>\n\t\t\t\t<\/div>\n\t\t\t\t<\/div>\n\t\t<div class=\"elementor-element elementor-element-4745ee8 e-con-full e-flex wpr-particle-no wpr-jarallax-no wpr-parallax-no wpr-sticky-section-no wpr-equal-height-no e-con e-child\" data-id=\"4745ee8\" data-element_type=\"container\" data-e-type=\"container\">\n\t\t\t\t<div class=\"elementor-element elementor-element-3a410a6 elementor-widget elementor-widget-image\" data-id=\"3a410a6\" data-element_type=\"widget\" data-e-type=\"widget\" data-widget_type=\"image.default\">\n\t\t\t\t<div class=\"elementor-widget-container\">\n\t\t\t\t\t\t\t\t\t\t\t\t\t\t\t<img fetchpriority=\"high\" decoding=\"async\" width=\"800\" height=\"600\" src=\"https:\/\/avenidaconseiletformation.com\/wp-content\/uploads\/2025\/01\/Image4.jpeg\" class=\"attachment-large size-large wp-image-1181\" alt=\"\" srcset=\"https:\/\/avenidaconseiletformation.com\/wp-content\/uploads\/2025\/01\/Image4.jpeg 1024w, https:\/\/avenidaconseiletformation.com\/wp-content\/uploads\/2025\/01\/Image4-300x225.jpeg 300w, https:\/\/avenidaconseiletformation.com\/wp-content\/uploads\/2025\/01\/Image4-768x576.jpeg 768w\" sizes=\"(max-width: 800px) 100vw, 800px\" \/>\t\t\t\t\t\t\t\t\t\t\t\t\t\t\t<\/div>\n\t\t\t\t<\/div>\n\t\t\t\t<div class=\"elementor-element elementor-element-ed5db43 elementor-widget elementor-widget-text-editor\" data-id=\"ed5db43\" data-element_type=\"widget\" data-e-type=\"widget\" data-widget_type=\"text-editor.default\">\n\t\t\t\t<div class=\"elementor-widget-container\">\n\t\t\t\t\t\t\t\t\t<h5><span style=\"color: #2f8aa0;\">Objectifs de la formation :<\/span><\/h5><p><span style=\"color: #7a7a7a;\">\u00c0 l&rsquo;issue de la formation, le stagiaire sera en mesure de mieux comprendre l&rsquo;enfant avec un trouble du d\u00e9ficit de l&rsquo;attention avec ou sans hyperactivit\u00e9 dans son fonctionnement, ses besoins et sa singularit\u00e9 pour adopter une attitude ouverte et aider l&rsquo;enfant \u00e0 pallier ses difficult\u00e9s au quotidien.<\/span><\/p>\t\t\t\t\t\t\t\t<\/div>\n\t\t\t\t<\/div>\n\t\t\t\t<\/div>\n\t\t\t\t<\/div>\n\t\t<div class=\"elementor-element elementor-element-b6502b3 e-con-full e-grid wpr-particle-no wpr-jarallax-no wpr-parallax-no wpr-sticky-section-no wpr-equal-height-no e-con e-child\" data-id=\"b6502b3\" data-element_type=\"container\" data-e-type=\"container\">\n\t\t<div class=\"elementor-element elementor-element-b51b81c e-con-full e-flex wpr-particle-no wpr-jarallax-no wpr-parallax-no wpr-sticky-section-no wpr-equal-height-no e-con e-child\" data-id=\"b51b81c\" data-element_type=\"container\" data-e-type=\"container\">\n\t\t\t\t<div class=\"elementor-element elementor-element-cc08c3f elementor-widget elementor-widget-image\" data-id=\"cc08c3f\" data-element_type=\"widget\" data-e-type=\"widget\" data-widget_type=\"image.default\">\n\t\t\t\t<div class=\"elementor-widget-container\">\n\t\t\t\t\t\t\t\t\t\t\t\t\t\t\t<img decoding=\"async\" width=\"800\" height=\"600\" src=\"https:\/\/avenidaconseiletformation.com\/wp-content\/uploads\/2025\/01\/image3.jpeg\" class=\"attachment-large size-large wp-image-1182\" alt=\"\" srcset=\"https:\/\/avenidaconseiletformation.com\/wp-content\/uploads\/2025\/01\/image3.jpeg 1024w, https:\/\/avenidaconseiletformation.com\/wp-content\/uploads\/2025\/01\/image3-300x225.jpeg 300w, https:\/\/avenidaconseiletformation.com\/wp-content\/uploads\/2025\/01\/image3-768x576.jpeg 768w\" sizes=\"(max-width: 800px) 100vw, 800px\" \/>\t\t\t\t\t\t\t\t\t\t\t\t\t\t\t<\/div>\n\t\t\t\t<\/div>\n\t\t\t\t<\/div>\n\t\t<div class=\"elementor-element elementor-element-ee1c87d e-con-full e-flex wpr-particle-no wpr-jarallax-no wpr-parallax-no wpr-sticky-section-no wpr-equal-height-no e-con e-child\" data-id=\"ee1c87d\" data-element_type=\"container\" data-e-type=\"container\">\n\t\t\t\t<div class=\"elementor-element elementor-element-e2831ed elementor-widget elementor-widget-text-editor\" data-id=\"e2831ed\" data-element_type=\"widget\" data-e-type=\"widget\" data-widget_type=\"text-editor.default\">\n\t\t\t\t<div class=\"elementor-widget-container\">\n\t\t\t\t\t\t\t\t\t<h5><span style=\"color: #2f8aa0;\">Savoir :<\/span><\/h5><p><span style=\"color: #7a7a7a;\">Les repr\u00e9sentations sociales et les id\u00e9es re\u00e7ues sur le trouble du comportement. <\/span><span style=\"color: #7a7a7a;\">Le trouble du comportement, ses diff\u00e9rentes formes, les sympt\u00f4mes et les troubles associ\u00e9s. <\/span><span style=\"color: #7a7a7a;\">Les r\u00e9percussions du trouble du comportement sur la vie quotidienne et sur l&rsquo;estime de soi.<\/span><\/p><p><span style=\"color: #7a7a7a;\">Le r\u00f4le et les limites professionnelles. La d\u00e9marche de projet personnalis\u00e9 et les principes fondamentaux de la bientraitance suivant les recommandations de la HAS\/ANESM.<\/span><\/p><p><span style=\"color: #7a7a7a;\">Le recueil d&rsquo;informations et la d\u00e9marche d&rsquo;observation : objectifs, m\u00e9thodes et outils. <\/span><span style=\"color: #7a7a7a;\">Le partenariat parents &#8211; professionnels, le partage d&rsquo;informations et la coh\u00e9rence des interventions.<\/span><\/p><p><span style=\"color: #7a7a7a;\">Les fondamentaux de la communication interpersonnelle : l&rsquo;\u00e9coute active, le questionnement et la reformulation. <\/span><span style=\"color: #7a7a7a;\">Les difficult\u00e9s \u00e9motionnelles li\u00e9es au trouble du comportement. <\/span><span style=\"color: #7a7a7a;\">Les dispositifs de soutien pour les familles.<\/span><\/p>\t\t\t\t\t\t\t\t<\/div>\n\t\t\t\t<\/div>\n\t\t\t\t<\/div>\n\t\t\t\t<\/div>\n\t\t\t\t\t<\/div>\n\t\t\t\t<\/div>\n\t\t<div class=\"elementor-element elementor-element-b4eccbd e-flex e-con-boxed wpr-particle-no wpr-jarallax-no wpr-parallax-no wpr-sticky-section-no wpr-equal-height-no e-con e-parent\" data-id=\"b4eccbd\" data-element_type=\"container\" data-e-type=\"container\">\n\t\t\t\t\t<div class=\"e-con-inner\">\n\t\t<div class=\"elementor-element elementor-element-7c7ec6dd e-con-full e-flex wpr-particle-no wpr-jarallax-no wpr-parallax-no wpr-sticky-section-no wpr-equal-height-no e-con e-child\" data-id=\"7c7ec6dd\" data-element_type=\"container\" data-e-type=\"container\">\n\t\t\t\t<div class=\"elementor-element elementor-element-77badd2 elementor-widget elementor-widget-heading\" data-id=\"77badd2\" data-element_type=\"widget\" data-e-type=\"widget\" data-widget_type=\"heading.default\">\n\t\t\t\t<div class=\"elementor-widget-container\">\n\t\t\t\t\t<h2 class=\"elementor-heading-title elementor-size-default\">Sessions<\/h2>\t\t\t\t<\/div>\n\t\t\t\t<\/div>\n\t\t\t\t<div class=\"elementor-element elementor-element-7e042a04 elementor-widget elementor-widget-text-editor\" data-id=\"7e042a04\" data-element_type=\"widget\" data-e-type=\"widget\" data-widget_type=\"text-editor.default\">\n\t\t\t\t<div class=\"elementor-widget-container\">\n\t\t\t\t\t\t\t\t\t<p style=\"text-align: center;\"><span style=\"color: #2f8aa0; --wp-dark-mode-inline-color: #76b9c6;\" data-wp-dark-mode-inline-color=\"\">Session 20251112 :<\/span><\/p><p style=\"text-align: center;\">Les 10 et 24 novembre et le 8 d\u00e9cembre 2025.<\/p><p style=\"text-align: center;\"><span style=\"color: #2f8aa0; --wp-dark-mode-inline-color: #76b9c6;\" data-wp-dark-mode-inline-color=\"\">Sessions 20260103 :<\/span><\/p><p style=\"text-align: center;\">Les 19 janvier, 6 f\u00e9vrier et le 17 mars 2026.<\/p><p style=\"text-align: center;\"><span style=\"color: #2f8aa0; --wp-dark-mode-inline-color: #76b9c6;\" data-wp-dark-mode-inline-color=\"\">Sessions 20260506 :<\/span><\/p><p style=\"text-align: center;\">Les 5, 19 mai et le 5 juin 2026.<\/p>\t\t\t\t\t\t\t\t<\/div>\n\t\t\t\t<\/div>\n\t\t\t\t<\/div>\n\t\t\t\t\t<\/div>\n\t\t\t\t<\/div>\n\t\t<div class=\"elementor-element elementor-element-53d6f4e0 e-flex e-con-boxed wpr-particle-no wpr-jarallax-no wpr-parallax-no wpr-sticky-section-no wpr-equal-height-no e-con e-parent\" data-id=\"53d6f4e0\" data-element_type=\"container\" data-e-type=\"container\">\n\t\t\t\t\t<div class=\"e-con-inner\">\n\t\t\t\t<div class=\"elementor-element elementor-element-1ef3cdf8 elementor-widget elementor-widget-heading\" data-id=\"1ef3cdf8\" data-element_type=\"widget\" data-e-type=\"widget\" data-widget_type=\"heading.default\">\n\t\t\t\t<div class=\"elementor-widget-container\">\n\t\t\t\t\t<h2 class=\"elementor-heading-title elementor-size-default\">Envoyer la demande de pr\u00e9-inscription<\/h2>\t\t\t\t<\/div>\n\t\t\t\t<\/div>\n\t\t\t\t<div class=\"elementor-element elementor-element-7b14b393 wpr-step-type-number_text wpr-step-content-layout-vertical wpr-custom-styles-yes elementor-widget elementor-widget-wpr-form-builder\" data-id=\"7b14b393\" data-element_type=\"widget\" data-e-type=\"widget\" data-settings=\"{&quot;success_message&quot;:&quot;Submission successful&quot;,&quot;error_message&quot;:&quot;Submission failed&quot;,&quot;button_width&quot;:{&quot;unit&quot;:&quot;%&quot;,&quot;size&quot;:100,&quot;sizes&quot;:[]},&quot;button_width_tablet&quot;:{&quot;unit&quot;:&quot;px&quot;,&quot;size&quot;:&quot;&quot;,&quot;sizes&quot;:[]},&quot;button_width_mobile&quot;:{&quot;unit&quot;:&quot;px&quot;,&quot;size&quot;:&quot;&quot;,&quot;sizes&quot;:[]},&quot;step_type&quot;:&quot;number_text&quot;,&quot;step_content_layout&quot;:&quot;vertical&quot;}\" data-widget_type=\"wpr-form-builder.default\">\n\t\t\t\t<div class=\"elementor-widget-container\">\n\t\t\t\t\t\t\t<form class=\"wpr-form\" method=\"post\" name=\"New Form\" page=\"Accompagnement d&#039;enfant\" page_id=\"1159\" novalidate>\n\t\t\t<input type=\"hidden\" name=\"post_id\" value=\"1159\"\/>\n\t\t\t<input type=\"hidden\" name=\"form_id\" value=\"7b14b393\"\/>\n\t\t\t<input type=\"hidden\" name=\"referer_title\" value=\"\" \/>\n\n\t\t\t<div class=\"wpr-step-wrap\"><\/div>\n\t\t\t<div class=\"wpr-form-fields-wrap wpr-labels-above\">\n\t\t\t\t\t\t\t\t\t<div class=\"wpr-form-field-type-text wpr-field-group wpr-column wpr-field-group-nom elementor-repeater-item-0631b06 wpr-form-field-required\">\n\t\t\t\t\t\t\t\t\t\t\t\t\t\t<label for=\"form-field-nom\" class=\"wpr-form-field-label\" data-alt-label=\"Nom Pr\u00e9nom\">\n\t\t\t\t\t\t\t\t\tNom Pr\u00e9nom\t\t\t\t\t\t\t\t<\/label>\n\t\t\t\t\t\t\t<input size=\"1 \"type=\"text\" name=\"form_fields[nom]\" id=\"form-field-nom\" class=\"wpr-form-field  wpr-form-field-textual\" placeholder=\"Nom Pr\u00e9nom\" required=\"required\" aria-required=\"true\">\t\t\t\t\t<\/div>\n\t\t\t\t\t\t\t\t\t<div class=\"wpr-form-field-type-email wpr-field-group wpr-column wpr-field-group-email elementor-repeater-item-17c8eea wpr-form-field-required\">\n\t\t\t\t\t\t\t\t\t\t\t\t\t\t<label for=\"form-field-email\" class=\"wpr-form-field-label\" data-alt-label=\"Email\">\n\t\t\t\t\t\t\t\t\tEmail\t\t\t\t\t\t\t\t<\/label>\n\t\t\t\t\t\t\t<input size=\"1 \"type=\"email\" name=\"form_fields[email]\" id=\"form-field-email\" class=\"wpr-form-field  wpr-form-field-textual\" placeholder=\"Email\" required=\"required\" aria-required=\"true\">\t\t\t\t\t<\/div>\n\t\t\t\t\t\t\t\t\t<div class=\"wpr-form-field-type-select wpr-field-group wpr-column wpr-field-group-formulaire elementor-repeater-item-a72c1d6 wpr-form-field-required\">\n\t\t\t\t\t\t\t\t\t\t\t\t\t\t<label for=\"form-field-formulaire\" class=\"wpr-form-field-label\" data-alt-label=\"Choix des dates\">\n\t\t\t\t\t\t\t\t\tChoix des dates\t\t\t\t\t\t\t\t<\/label>\n\t\t\t\t\t\t\t\t\t<div class=\"wpr-form-field wpr-select-wrap wpr-fi-svg-yes remove-before \">\n\n\t\t\t\t\t\t\t<!-- <svg class=\"e-font-icon-svg e-eicon-caret-down\" viewBox=\"0 0 571.4 1000\" xmlns=\"http:\/\/www.w3.org\/2000\/svg\">\n\t\t\t\t\t<path d=\"M571 457q0-14-10-25l-250-250q-11-11-25-11t-25 11l-250 250q-11 11-11 25t11 25 25 11h500q14 0 25-11t10-25z\"\/>\n\t\t\t\t<\/svg> -->\n\t\t\t\t<!-- <svg class=\"e-font-icon-svg e-eicon-caret-up\" viewBox=\"0 0 1000 1000\" xmlns=\"http:\/\/www.w3.org\/2000\/svg\">\n\t\t\t\t\t<path d=\"M763 279c8-8 8-12 8-25 0-8-4-16-8-25-9-8-13-8-25-8h-459c-8 0-16 4-25 8 0 9-4 17-4 25 0 9 4 17 8 25l230 229c8 5 16 9 25 9 8 0 16-4 25-9l225-229z\"\/>\n\t\t\t\t<\/svg> -->\n\t\t\t\t<!-- <svg class=\"e-font-icon-svg e-eicon-caret-up\" viewBox=\"0 0 1000 500\" xmlns=\"http:\/\/www.w3.org\/2000\/svg\">\n\t\t\t\t\t<path d=\"M763 279c8-8 8-12 8-25 0-8-4-16-8-25-9-8-13-8-25-8h-459c-8 0-16 4-25 8 0 9-4 17-4 25 0 9 4 17 8 25l230 229c8 5 16 9 25 9 8 0 16-4 25-9l225-229z\"\/>\n\t\t\t\t<\/svg> -->\n\t\t\t\t<svg class=\"e-font-icon-svg e-eicon-caret-up\" viewBox=\"0 0 1000 500\" xmlns=\"http:\/\/www.w3.org\/2000\/svg\">\n\t\t\t\t\t<path d=\"M763 279c8-8 8-12 8-25 0-8-4-16-8-25-9-8-13-8-25-8h-459c-8 0-16 4-25 8 0 9-4 17-4 25 0 9 4 17 8 25l230 229c8 5 16 9 25 9 8 0 16-4 25-9l225-229z\"\/>\n\t\t\t\t<\/svg>\n\t\t\t\n\t\t\t<select name=\"form_fields[formulaire]\" id=\"form-field-formulaire\" class=\"wpr-form-field-textual\" required=\"required\" aria-required=\"true\">\n\n\t\t\t\t\t\t\t\t\t<option value=\"Session 20251112\">\n\t\t\t\t\tSession 20251112\t\t\t\t\t<\/option>\n\t\t\t\t\t\t\t\t\t<option value=\"Session 20260103\">\n\t\t\t\t\tSession 20260103\t\t\t\t\t<\/option>\n\t\t\t\t\t\t\t\t\t<option value=\"Session 20260506\">\n\t\t\t\t\tSession 20260506\t\t\t\t\t<\/option>\n\t\t\t\t\t\t\t<\/select>\n\t\t<\/div>\n\t\t\t\t\t\t\t<\/div>\n\t\t\t\t<div class=\"wpr-field-group wpr-stp-btns-wrap wpr-column wpr-form-field-type-submit\" data-actions=\"[&quot;email&quot;]\" data-redirect-url=\"\" data-mailchimp-fields=\"{&quot;email_field&quot;:&quot;&quot;,&quot;first_name_field&quot;:&quot;&quot;,&quot;last_name_field&quot;:&quot;&quot;,&quot;address_field&quot;:&quot;&quot;,&quot;phone_field&quot;:&quot;&quot;,&quot;birthday_field&quot;:&quot;&quot;,&quot;group_id&quot;:&quot;&quot;}\" data-list-id=\"\">\t\t\t<button type=\"submit\" class=\"wpr-button\">\n\t\t\t\t<span >\n\t\t\t\t\t\t\t\t\t\t\t\t\t\t\t\t<span>Envoyer<\/span>\n\t\t\t\t\t\t\t\t\t\t\t\t\t\t<\/span>\t\n\t\t\t\t<div class=\"wpr-double-bounce wpr-loader-hidden\">\n\t\t\t\t\t<div class=\"wpr-child wpr-double-bounce1\"><\/div>\n\t\t\t\t\t<div class=\"wpr-child wpr-double-bounce2\"><\/div>\n\t\t\t\t<\/div>\n\t\t\t<\/button>\n\t\t<\/div>\t\t\t\t\n\t\t\t<\/div>\n\t\t<\/form>\n\t  \t\t\t\t<\/div>\n\t\t\t\t<\/div>\n\t\t\t\t<div class=\"elementor-element elementor-element-6d77706d elementor-align-justify elementor-widget elementor-widget-button\" data-id=\"6d77706d\" data-element_type=\"widget\" data-e-type=\"widget\" data-widget_type=\"button.default\">\n\t\t\t\t<div class=\"elementor-widget-container\">\n\t\t\t\t\t\t\t\t\t<div class=\"elementor-button-wrapper\">\n\t\t\t\t\t<a class=\"elementor-button elementor-button-link elementor-size-sm\" href=\"https:\/\/avenidaconseiletformation.com\/index.php\/contact#idContact\">\n\t\t\t\t\t\t<span class=\"elementor-button-content-wrapper\">\n\t\t\t\t\t\t\t\t\t<span class=\"elementor-button-text\">Contact<\/span>\n\t\t\t\t\t<\/span>\n\t\t\t\t\t<\/a>\n\t\t\t\t<\/div>\n\t\t\t\t\t\t\t\t<\/div>\n\t\t\t\t<\/div>\n\t\t\t\t\t<\/div>\n\t\t\t\t<\/div>\n\t\t\t\t<\/div>\n\t\t","protected":false},"excerpt":{"rendered":"<p>Accompagnement d&rsquo;enfant avec des troubles du comportement Pr\u00e9requis : AUCUN, pour plus d&rsquo;informations contactez-nous via le bouton ci-dessous. Tarif et dur\u00e9e : Une dur\u00e9e de 21h\/3jours pour un prix TTC de 1200 \u20ac pour les entreprises et de 320\u20ac pour les particuliers. Accessibilit\u00e9 : L&rsquo;acc\u00e8s, le rythme et le contenu de nos formations peuvent \u00eatre adapt\u00e9s, n&rsquo;h\u00e9sitez pas \u00e0 nous contacter. M\u00e9thode d&rsquo;\u00e9valuation : Quizz de connaissances, \u00e9tude de cas. M\u00e9thodes p\u00e9dagogiques : Didactique, exp\u00e9rimentale, co-construction des savoirs, active, expositive. Public vis\u00e9e : Toute personne travaillant dans le champs de la petite enfance, l&rsquo;enfance et la jeunesse. D\u00e9lai d&rsquo;acc\u00e8s : Les formations \u00e9tant faites sur mesure avec le donneur d&rsquo;ordre, L&rsquo;Imaginarium s&rsquo;engage \u00e0 donner une proposition chiffr\u00e9e et document\u00e9e en 30 jours ouvr\u00e9s apr\u00e8s la commande. Les calendriers sont mis en place avec le donneur d&rsquo;ordre. Objectifs de la formation : \u00c0 l&rsquo;issue de la formation, le stagiaire sera en mesure de mieux comprendre l&rsquo;enfant avec un trouble du d\u00e9ficit de l&rsquo;attention avec ou sans hyperactivit\u00e9 dans son fonctionnement, ses besoins et sa singularit\u00e9 pour adopter une attitude ouverte et aider l&rsquo;enfant \u00e0 pallier ses difficult\u00e9s au quotidien. Savoir : Les repr\u00e9sentations sociales et les id\u00e9es re\u00e7ues sur le trouble du comportement. Le trouble du comportement, ses diff\u00e9rentes formes, les sympt\u00f4mes et les troubles associ\u00e9s. Les r\u00e9percussions du trouble du comportement sur la vie quotidienne et sur l&rsquo;estime de soi. Le r\u00f4le et les limites professionnelles. La d\u00e9marche de projet personnalis\u00e9 et les principes fondamentaux de la bientraitance suivant les recommandations de la HAS\/ANESM. Le recueil d&rsquo;informations et la d\u00e9marche d&rsquo;observation : objectifs, m\u00e9thodes et outils. Le partenariat parents &#8211; professionnels, le partage d&rsquo;informations et la coh\u00e9rence des interventions. Les fondamentaux de la communication interpersonnelle : l&rsquo;\u00e9coute active, le questionnement et la reformulation. Les difficult\u00e9s \u00e9motionnelles li\u00e9es au trouble du comportement. Les dispositifs de soutien pour les familles. Sessions Session 20251112 : Les 10 et 24 novembre et le 8 d\u00e9cembre 2025. Sessions 20260103 : Les 19 janvier, 6 f\u00e9vrier et le 17 mars 2026. Sessions 20260506 : Les 5, 19 mai et le 5 juin 2026. Envoyer la demande de pr\u00e9-inscription Nom Pr\u00e9nom Email Choix des dates Session 20251112 Session 20260103 Session 20260506 Envoyer Contact<\/p>\n","protected":false},"author":3,"featured_media":0,"parent":0,"menu_order":0,"comment_status":"closed","ping_status":"closed","template":"","meta":{"footnotes":""},"class_list":["post-1159","page","type-page","status-publish","hentry"],"_links":{"self":[{"href":"https:\/\/avenidaconseiletformation.com\/index.php\/wp-json\/wp\/v2\/pages\/1159","targetHints":{"allow":["GET"]}}],"collection":[{"href":"https:\/\/avenidaconseiletformation.com\/index.php\/wp-json\/wp\/v2\/pages"}],"about":[{"href":"https:\/\/avenidaconseiletformation.com\/index.php\/wp-json\/wp\/v2\/types\/page"}],"author":[{"embeddable":true,"href":"https:\/\/avenidaconseiletformation.com\/index.php\/wp-json\/wp\/v2\/users\/3"}],"replies":[{"embeddable":true,"href":"https:\/\/avenidaconseiletformation.com\/index.php\/wp-json\/wp\/v2\/comments?post=1159"}],"version-history":[{"count":54,"href":"https:\/\/avenidaconseiletformation.com\/index.php\/wp-json\/wp\/v2\/pages\/1159\/revisions"}],"predecessor-version":[{"id":2505,"href":"https:\/\/avenidaconseiletformation.com\/index.php\/wp-json\/wp\/v2\/pages\/1159\/revisions\/2505"}],"wp:attachment":[{"href":"https:\/\/avenidaconseiletformation.com\/index.php\/wp-json\/wp\/v2\/media?parent=1159"}],"curies":[{"name":"wp","href":"https:\/\/api.w.org\/{rel}","templated":true}]}}