{"id":1170,"date":"2025-01-27T13:30:52","date_gmt":"2025-01-27T12:30:52","guid":{"rendered":"https:\/\/avenidaconseiletformation.com\/?page_id=1170"},"modified":"2025-06-10T14:21:04","modified_gmt":"2025-06-10T12:21:04","slug":"analyse-de-pratique","status":"publish","type":"page","link":"https:\/\/avenidaconseiletformation.com\/index.php\/analyse-de-pratique\/","title":{"rendered":"ANALYSE DE PRATIQUE"},"content":{"rendered":"\t\t<div data-elementor-type=\"wp-page\" data-elementor-id=\"1170\" class=\"elementor elementor-1170\">\n\t\t\t\t<div class=\"elementor-element elementor-element-a309770 e-flex e-con-boxed wpr-particle-no wpr-jarallax-no wpr-parallax-no wpr-sticky-section-no wpr-equal-height-no e-con e-parent\" data-id=\"a309770\" data-element_type=\"container\" data-e-type=\"container\">\n\t\t\t\t\t<div class=\"e-con-inner\">\n\t\t\t\t<div class=\"elementor-element elementor-element-bf6b03b elementor-widget elementor-widget-heading\" data-id=\"bf6b03b\" data-element_type=\"widget\" data-e-type=\"widget\" data-widget_type=\"heading.default\">\n\t\t\t\t<div class=\"elementor-widget-container\">\n\t\t\t\t\t<h2 class=\"elementor-heading-title elementor-size-default\">ANALYSE DE PRATIQUE<\/h2>\t\t\t\t<\/div>\n\t\t\t\t<\/div>\n\t\t\t\t\t<\/div>\n\t\t\t\t<\/div>\n\t\t<div class=\"elementor-element elementor-element-45a3e4c e-flex e-con-boxed wpr-particle-no wpr-jarallax-no wpr-parallax-no wpr-sticky-section-no wpr-equal-height-no e-con e-parent\" data-id=\"45a3e4c\" data-element_type=\"container\" data-e-type=\"container\">\n\t\t\t\t\t<div class=\"e-con-inner\">\n\t\t<div class=\"elementor-element elementor-element-d3c13a3 e-grid e-con-full wpr-particle-no wpr-jarallax-no wpr-parallax-no wpr-sticky-section-no wpr-equal-height-no e-con e-child\" data-id=\"d3c13a3\" data-element_type=\"container\" data-e-type=\"container\">\n\t\t\t\t<div class=\"elementor-element elementor-element-04e5385 elementor-widget__width-initial elementor-widget elementor-widget-text-editor\" data-id=\"04e5385\" data-element_type=\"widget\" data-e-type=\"widget\" data-widget_type=\"text-editor.default\">\n\t\t\t\t<div class=\"elementor-widget-container\">\n\t\t\t\t\t\t\t\t\t<p style=\"text-align: center;\"><strong>Pr\u00e9requis<br \/><\/strong><\/p><p><span style=\"color: #7a7a7a;\">Pour toutes les structures ayant une \u00e9quipe.<\/span><\/p><p style=\"text-align: center;\"><strong>Tarif<\/strong><\/p><p><span style=\"color: #7a7a7a;\">2600 \u20ac\/an pour 1 s\u00e9ance de 2 heures par mois pour un maximum de 8 participants.<\/span><\/p><p style=\"text-align: center;\"><strong>Dur\u00e9e<\/strong><\/p><p><span style=\"color: #7a7a7a;\">2 heures par s\u00e9ance, 1 s\u00e9ance par mois.<\/span><\/p><p style=\"text-align: center;\"><strong>Modalit\u00e9 d\u2019acc\u00e8s<\/strong><\/p><p><span style=\"color: #7a7a7a;\">Contactez-nous via le bouton ci-dessous et au 06 60 27 78 52 pour plus d&rsquo;informations.<\/span><\/p><p style=\"text-align: center;\"><strong>Objectifs de la formation<br \/><\/strong><\/p><p><span style=\"color: #7a7a7a;\">Partager des exp\u00e9riences<\/span><br \/><span style=\"color: #7a7a7a;\">Renforcer la coh\u00e9sion d&rsquo;\u00e9quipe, a<\/span><span style=\"color: #7a7a7a;\">m\u00e9liorer les comp\u00e9tences, s<\/span><span style=\"color: #7a7a7a;\">&lsquo;adapter aux changements, <\/span><span style=\"color: #7a7a7a;\">prendre des d\u00e9cisions \u00e9clair\u00e9es, p<\/span><span style=\"color: #7a7a7a;\">r\u00e9venir le <\/span><span style=\"color: #7a7a7a;\">burn-out, p<\/span><span style=\"color: #7a7a7a;\">romouvoir une culture de l&rsquo;am\u00e9lioration continue, e<\/span><span style=\"color: #7a7a7a;\">ncourager la r\u00e9flexion critique.<\/span><\/p><p style=\"text-align: center;\"><strong>Programme<\/strong><\/p><p><span style=\"color: #7a7a7a;\">\u00c0 d\u00e9tailler par demi-journ\u00e9e lors de la mise en place des s\u00e9ances.<\/span><\/p><p style=\"text-align: center;\"><strong>Modalit\u00e9s p\u00e9dagogiques<\/strong><\/p><p><span style=\"color: #7a7a7a;\">Didactiques (cours) et exp\u00e9rimentation (pratique).<\/span><\/p><p style=\"text-align: center;\"><strong>Modalit\u00e9s d\u2019\u00e9valuation<\/strong><\/p><p><span style=\"color: #7a7a7a;\">Positionnement \u00e0 l\u2019entr\u00e9e de la formation et \u00e9valuation \u00e0 la sortie (quizz).<\/span><\/p><p style=\"text-align: center;\"><strong>Accessibilit\u00e9<\/strong><\/p><p><span style=\"color: #7a7a7a;\">Les personnes en situation de handicap ou avec des besoins particuliers sont invit\u00e9es \u00e0 contacter notre r\u00e9f\u00e9rent handicap afin d\u2019adapter notre rythme et le contenu de la formation.<\/span><\/p>\t\t\t\t\t\t\t\t<\/div>\n\t\t\t\t<\/div>\n\t\t\t\t<div class=\"elementor-element elementor-element-86efcae elementor-widget__width-initial elementor-widget elementor-widget-image\" data-id=\"86efcae\" data-element_type=\"widget\" data-e-type=\"widget\" data-widget_type=\"image.default\">\n\t\t\t\t<div class=\"elementor-widget-container\">\n\t\t\t\t\t\t\t\t\t\t\t\t\t\t\t<img fetchpriority=\"high\" decoding=\"async\" width=\"1024\" height=\"768\" src=\"https:\/\/avenidaconseiletformation.com\/wp-content\/uploads\/2025\/01\/img-cerveau.jpeg\" class=\"attachment-full size-full wp-image-1191\" alt=\"\" srcset=\"https:\/\/avenidaconseiletformation.com\/wp-content\/uploads\/2025\/01\/img-cerveau.jpeg 1024w, https:\/\/avenidaconseiletformation.com\/wp-content\/uploads\/2025\/01\/img-cerveau-300x225.jpeg 300w, https:\/\/avenidaconseiletformation.com\/wp-content\/uploads\/2025\/01\/img-cerveau-768x576.jpeg 768w\" sizes=\"(max-width: 1024px) 100vw, 1024px\" \/>\t\t\t\t\t\t\t\t\t\t\t\t\t\t\t<\/div>\n\t\t\t\t<\/div>\n\t\t\t\t<\/div>\n\t\t\t\t\t<\/div>\n\t\t\t\t<\/div>\n\t\t<div class=\"elementor-element elementor-element-b36702f e-flex e-con-boxed wpr-particle-no wpr-jarallax-no wpr-parallax-no wpr-sticky-section-no wpr-equal-height-no e-con e-parent\" data-id=\"b36702f\" data-element_type=\"container\" data-e-type=\"container\">\n\t\t\t\t\t<div class=\"e-con-inner\">\n\t\t<div class=\"elementor-element elementor-element-87c6f03 e-grid e-con-full wpr-particle-no wpr-jarallax-no wpr-parallax-no wpr-sticky-section-no wpr-equal-height-no e-con e-child\" data-id=\"87c6f03\" data-element_type=\"container\" data-e-type=\"container\">\n\t\t\t\t<div class=\"elementor-element elementor-element-53ad99e elementor-align-justify elementor-widget elementor-widget-button\" data-id=\"53ad99e\" data-element_type=\"widget\" data-e-type=\"widget\" data-widget_type=\"button.default\">\n\t\t\t\t<div class=\"elementor-widget-container\">\n\t\t\t\t\t\t\t\t\t<div class=\"elementor-button-wrapper\">\n\t\t\t\t\t<a class=\"elementor-button elementor-button-link elementor-size-sm\" href=\"https:\/\/avenidaconseiletformation.com\/index.php\/contact\/#idContact\">\n\t\t\t\t\t\t<span class=\"elementor-button-content-wrapper\">\n\t\t\t\t\t\t\t\t\t<span class=\"elementor-button-text\">Cliquez ici<\/span>\n\t\t\t\t\t<\/span>\n\t\t\t\t\t<\/a>\n\t\t\t\t<\/div>\n\t\t\t\t\t\t\t\t<\/div>\n\t\t\t\t<\/div>\n\t\t\t\t<\/div>\n\t\t\t\t\t<\/div>\n\t\t\t\t<\/div>\n\t\t\t\t<\/div>\n\t\t","protected":false},"excerpt":{"rendered":"<p>ANALYSE DE PRATIQUE Pr\u00e9requis Pour toutes les structures ayant une \u00e9quipe. Tarif 2600 \u20ac\/an pour 1 s\u00e9ance de 2 heures par mois pour un maximum de 8 participants. Dur\u00e9e 2 heures par s\u00e9ance, 1 s\u00e9ance par mois. Modalit\u00e9 d\u2019acc\u00e8s Contactez-nous via le bouton ci-dessous et au 06 60 27 78 52 pour plus d&rsquo;informations. Objectifs de la formation Partager des exp\u00e9riencesRenforcer la coh\u00e9sion d&rsquo;\u00e9quipe, am\u00e9liorer les comp\u00e9tences, s&rsquo;adapter aux changements, prendre des d\u00e9cisions \u00e9clair\u00e9es, pr\u00e9venir le burn-out, promouvoir une culture de l&rsquo;am\u00e9lioration continue, encourager la r\u00e9flexion critique. Programme \u00c0 d\u00e9tailler par demi-journ\u00e9e lors de la mise en place des s\u00e9ances. Modalit\u00e9s p\u00e9dagogiques Didactiques (cours) et exp\u00e9rimentation (pratique). Modalit\u00e9s d\u2019\u00e9valuation Positionnement \u00e0 l\u2019entr\u00e9e de la formation et \u00e9valuation \u00e0 la sortie (quizz). Accessibilit\u00e9 Les personnes en situation de handicap ou avec des besoins particuliers sont invit\u00e9es \u00e0 contacter notre r\u00e9f\u00e9rent handicap afin d\u2019adapter notre rythme et le contenu de la formation. Cliquez ici<\/p>\n","protected":false},"author":2,"featured_media":0,"parent":0,"menu_order":0,"comment_status":"closed","ping_status":"closed","template":"","meta":{"footnotes":""},"class_list":["post-1170","page","type-page","status-publish","hentry"],"_links":{"self":[{"href":"https:\/\/avenidaconseiletformation.com\/index.php\/wp-json\/wp\/v2\/pages\/1170","targetHints":{"allow":["GET"]}}],"collection":[{"href":"https:\/\/avenidaconseiletformation.com\/index.php\/wp-json\/wp\/v2\/pages"}],"about":[{"href":"https:\/\/avenidaconseiletformation.com\/index.php\/wp-json\/wp\/v2\/types\/page"}],"author":[{"embeddable":true,"href":"https:\/\/avenidaconseiletformation.com\/index.php\/wp-json\/wp\/v2\/users\/2"}],"replies":[{"embeddable":true,"href":"https:\/\/avenidaconseiletformation.com\/index.php\/wp-json\/wp\/v2\/comments?post=1170"}],"version-history":[{"count":31,"href":"https:\/\/avenidaconseiletformation.com\/index.php\/wp-json\/wp\/v2\/pages\/1170\/revisions"}],"predecessor-version":[{"id":2396,"href":"https:\/\/avenidaconseiletformation.com\/index.php\/wp-json\/wp\/v2\/pages\/1170\/revisions\/2396"}],"wp:attachment":[{"href":"https:\/\/avenidaconseiletformation.com\/index.php\/wp-json\/wp\/v2\/media?parent=1170"}],"curies":[{"name":"wp","href":"https:\/\/api.w.org\/{rel}","templated":true}]}}