{"id":1519,"date":"2025-02-11T20:50:31","date_gmt":"2025-02-11T19:50:31","guid":{"rendered":"https:\/\/avenidaconseiletformation.com\/?page_id=1519"},"modified":"2025-06-12T11:19:48","modified_gmt":"2025-06-12T09:19:48","slug":"la-theorie-de-lattachement-chez-les-enfants-places","status":"publish","type":"page","link":"https:\/\/avenidaconseiletformation.com\/index.php\/la-theorie-de-lattachement-chez-les-enfants-places\/","title":{"rendered":"LA TH\u00c9ORIE DE L&rsquo;ATTACHEMENT CHEZ LES ENFANTS PLAC\u00c9S"},"content":{"rendered":"\t\t<div data-elementor-type=\"wp-page\" data-elementor-id=\"1519\" class=\"elementor elementor-1519\">\n\t\t\t\t<div class=\"elementor-element elementor-element-7a1a22e e-flex e-con-boxed wpr-particle-no wpr-jarallax-no wpr-parallax-no wpr-sticky-section-no wpr-equal-height-no e-con e-parent\" data-id=\"7a1a22e\" data-element_type=\"container\" data-e-type=\"container\">\n\t\t\t\t\t<div class=\"e-con-inner\">\n\t\t\t\t<div class=\"elementor-element elementor-element-cddc835 elementor-widget elementor-widget-heading\" data-id=\"cddc835\" data-element_type=\"widget\" data-e-type=\"widget\" data-widget_type=\"heading.default\">\n\t\t\t\t<div class=\"elementor-widget-container\">\n\t\t\t\t\t<h2 class=\"elementor-heading-title elementor-size-default\">La th\u00e9orie de l'attachement chez les enfants plac\u00e9s <\/h2>\t\t\t\t<\/div>\n\t\t\t\t<\/div>\n\t\t<div class=\"elementor-element elementor-element-98d0308 e-grid e-con-full wpr-particle-no wpr-jarallax-no wpr-parallax-no wpr-sticky-section-no wpr-equal-height-no e-con e-child\" data-id=\"98d0308\" data-element_type=\"container\" data-e-type=\"container\">\n\t\t<div class=\"elementor-element elementor-element-b32221c e-con-full e-flex wpr-particle-no wpr-jarallax-no wpr-parallax-no wpr-sticky-section-no wpr-equal-height-no e-con e-child\" data-id=\"b32221c\" data-element_type=\"container\" data-e-type=\"container\">\n\t\t<div class=\"elementor-element elementor-element-18aeaf2 e-con-full e-flex wpr-particle-no wpr-jarallax-no wpr-parallax-no wpr-sticky-section-no wpr-equal-height-no e-con e-child\" data-id=\"18aeaf2\" data-element_type=\"container\" data-e-type=\"container\">\n\t\t\t\t<div class=\"elementor-element elementor-element-fdcc439 elementor-widget elementor-widget-text-editor\" data-id=\"fdcc439\" data-element_type=\"widget\" data-e-type=\"widget\" data-widget_type=\"text-editor.default\">\n\t\t\t\t<div class=\"elementor-widget-container\">\n\t\t\t\t\t\t\t\t\t<h5><span style=\"color: #2f8aa0;\">Pr\u00e9requis :<\/span><\/h5><p>Destin\u00e9 aux professionnels du secteur social, m\u00e9dico-social, \u00e9ducatif ou th\u00e9rapeutique travaillant avec des enfants plac\u00e9s ou vuln\u00e9rables.<\/p>\t\t\t\t\t\t\t\t<\/div>\n\t\t\t\t<\/div>\n\t\t\t\t<div class=\"elementor-element elementor-element-9a6839b elementor-widget elementor-widget-text-editor\" data-id=\"9a6839b\" data-element_type=\"widget\" data-e-type=\"widget\" data-widget_type=\"text-editor.default\">\n\t\t\t\t<div class=\"elementor-widget-container\">\n\t\t\t\t\t\t\t\t\t<h5><span style=\"color: #2f8aa0;\">Modalit\u00e9s d\u2019\u00e9valuation :<\/span><\/h5><p>Positionnement \u00e0 l\u2019entr\u00e9e de la formation (recueil des attentes, tour de table, ou quizz). \u00c9valuation \u00e0 la sortie (quizz).<\/p>\t\t\t\t\t\t\t\t<\/div>\n\t\t\t\t<\/div>\n\t\t\t\t<div class=\"elementor-element elementor-element-f2b4ac8 elementor-widget elementor-widget-text-editor\" data-id=\"f2b4ac8\" data-element_type=\"widget\" data-e-type=\"widget\" data-widget_type=\"text-editor.default\">\n\t\t\t\t<div class=\"elementor-widget-container\">\n\t\t\t\t\t\t\t\t\t<h5><span style=\"color: #2f8aa0;\">Modalit\u00e9s p\u00e9dagogiques : <\/span><\/h5><p>Approche pratique et interactive avec des mises en situation et des \u00e9changes de pratiques.<\/p>\t\t\t\t\t\t\t\t<\/div>\n\t\t\t\t<\/div>\n\t\t\t\t<div class=\"elementor-element elementor-element-57be00d elementor-widget elementor-widget-text-editor\" data-id=\"57be00d\" data-element_type=\"widget\" data-e-type=\"widget\" data-widget_type=\"text-editor.default\">\n\t\t\t\t<div class=\"elementor-widget-container\">\n\t\t\t\t\t\t\t\t\t<h5><span style=\"color: #2f8aa0; --wp-dark-mode-inline-color: #76b9c6;\" data-wp-dark-mode-inline-color=\"\">Tarif et dur\u00e9e :<\/span><\/h5><p>Intra entreprise : 3840\u20ac pour 8 participants maximum<\/p><p>Particulier ou inter entreprise : 480\u20ac (Financement OPCO) possible, H\u00e9bergement possible en suppl\u00e9ment.<\/p><p>Une dur\u00e9e de\u00a028 heures \/ 4 jours<\/p>\t\t\t\t\t\t\t\t<\/div>\n\t\t\t\t<\/div>\n\t\t\t\t<\/div>\n\t\t<div class=\"elementor-element elementor-element-da1c303 e-con-full e-flex wpr-particle-no wpr-jarallax-no wpr-parallax-no wpr-sticky-section-no wpr-equal-height-no e-con e-child\" data-id=\"da1c303\" data-element_type=\"container\" data-e-type=\"container\">\n\t\t\t\t<div class=\"elementor-element elementor-element-01b4ee0 elementor-widget elementor-widget-text-editor\" data-id=\"01b4ee0\" data-element_type=\"widget\" data-e-type=\"widget\" data-widget_type=\"text-editor.default\">\n\t\t\t\t<div class=\"elementor-widget-container\">\n\t\t\t\t\t\t\t\t\t<h5><span style=\"color: #2f8aa0;\">Accessibilit\u00e9 :\u00a0<\/span><\/h5><p>Les personnes en situation de handicap sont invit\u00e9es \u00e0 contacter le r\u00e9f\u00e9rent Handicap local afin d\u2019adapter au mieux le rythme et le contenu.<\/p>\t\t\t\t\t\t\t\t<\/div>\n\t\t\t\t<\/div>\n\t\t\t\t<div class=\"elementor-element elementor-element-7ae236a elementor-widget elementor-widget-text-editor\" data-id=\"7ae236a\" data-element_type=\"widget\" data-e-type=\"widget\" data-widget_type=\"text-editor.default\">\n\t\t\t\t<div class=\"elementor-widget-container\">\n\t\t\t\t\t\t\t\t\t<h5><span style=\"color: #2f8aa0;\">Objectifs de la formation :<\/span><\/h5><p>Comprendre les fondements th\u00e9oriques de la th\u00e9orie de l&rsquo;attachement.<\/p><p>Identifier les diff\u00e9rents types d&rsquo;attachement et leurs impacts sur le d\u00e9veloppement de l&rsquo;enfant.<\/p><p>Analyser les cons\u00e9quences des troubles de l&rsquo;attachement chez les enfants plac\u00e9s.<\/p><p>Proposer des strat\u00e9gies d&rsquo;accompagnement adapt\u00e9es aux enfants pr\u00e9sentant des troubles de l&rsquo;attachement.<\/p><p>Int\u00e9grer ces connaissances dans des pratiques professionnelles en protection de l&rsquo;enfance.<\/p>\t\t\t\t\t\t\t\t<\/div>\n\t\t\t\t<\/div>\n\t\t\t\t<\/div>\n\t\t\t\t<\/div>\n\t\t<div class=\"elementor-element elementor-element-574bb92 e-con-full e-flex wpr-particle-no wpr-jarallax-no wpr-parallax-no wpr-sticky-section-no wpr-equal-height-no e-con e-child\" data-id=\"574bb92\" data-element_type=\"container\" data-e-type=\"container\">\n\t\t\t\t<div class=\"elementor-element elementor-element-413eeb6 elementor-widget elementor-widget-image\" data-id=\"413eeb6\" data-element_type=\"widget\" data-e-type=\"widget\" data-widget_type=\"image.default\">\n\t\t\t\t<div class=\"elementor-widget-container\">\n\t\t\t\t\t\t\t\t\t\t\t\t\t\t\t<img fetchpriority=\"high\" decoding=\"async\" width=\"800\" height=\"600\" src=\"https:\/\/avenidaconseiletformation.com\/wp-content\/uploads\/2025\/02\/LA-THEORIE-DE-LATTACHEMENT_image1.png\" class=\"attachment-large size-large wp-image-1521\" alt=\"\" srcset=\"https:\/\/avenidaconseiletformation.com\/wp-content\/uploads\/2025\/02\/LA-THEORIE-DE-LATTACHEMENT_image1.png 1024w, https:\/\/avenidaconseiletformation.com\/wp-content\/uploads\/2025\/02\/LA-THEORIE-DE-LATTACHEMENT_image1-300x225.png 300w, https:\/\/avenidaconseiletformation.com\/wp-content\/uploads\/2025\/02\/LA-THEORIE-DE-LATTACHEMENT_image1-768x576.png 768w\" sizes=\"(max-width: 800px) 100vw, 800px\" \/>\t\t\t\t\t\t\t\t\t\t\t\t\t\t\t<\/div>\n\t\t\t\t<\/div>\n\t\t\t\t<div class=\"elementor-element elementor-element-7779975 elementor-widget elementor-widget-text-editor\" data-id=\"7779975\" data-element_type=\"widget\" data-e-type=\"widget\" data-widget_type=\"text-editor.default\">\n\t\t\t\t<div class=\"elementor-widget-container\">\n\t\t\t\t\t\t\t\t\t<p>Comprendre les fondements th\u00e9oriques de la th\u00e9orie de l&rsquo;attachement.Identifier les diff\u00e9rents types d&rsquo;attachement et leurs impacts sur le d\u00e9veloppement de l&rsquo;enfant.Analyser les cons\u00e9quences des troubles de l&rsquo;attachement chez les enfants plac\u00e9s.Proposer des strat\u00e9gies d&rsquo;accompagnement adapt\u00e9es aux enfants pr\u00e9sentant des troubles de l&rsquo;attachement.Int\u00e9grer ces connaissances dans des pratiques professionnelles en protection de l&rsquo;enfance.<\/p>\t\t\t\t\t\t\t\t<\/div>\n\t\t\t\t<\/div>\n\t\t\t\t<\/div>\n\t\t\t\t<\/div>\n\t\t\t\t\t<\/div>\n\t\t\t\t<\/div>\n\t\t<div class=\"elementor-element elementor-element-ddc0887 e-flex e-con-boxed wpr-particle-no wpr-jarallax-no wpr-parallax-no wpr-sticky-section-no wpr-equal-height-no e-con e-parent\" data-id=\"ddc0887\" data-element_type=\"container\" data-e-type=\"container\">\n\t\t\t\t\t<div class=\"e-con-inner\">\n\t\t<div class=\"elementor-element elementor-element-bc8e565 e-con-full e-flex wpr-particle-no wpr-jarallax-no wpr-parallax-no wpr-sticky-section-no wpr-equal-height-no e-con e-child\" data-id=\"bc8e565\" data-element_type=\"container\" data-e-type=\"container\">\n\t\t\t\t<div class=\"elementor-element elementor-element-8fd1367 elementor-widget elementor-widget-heading\" data-id=\"8fd1367\" data-element_type=\"widget\" data-e-type=\"widget\" data-widget_type=\"heading.default\">\n\t\t\t\t<div class=\"elementor-widget-container\">\n\t\t\t\t\t<h2 class=\"elementor-heading-title elementor-size-default\">Sessions<\/h2>\t\t\t\t<\/div>\n\t\t\t\t<\/div>\n\t\t\t\t<div class=\"elementor-element elementor-element-2ee37c7 elementor-widget elementor-widget-text-editor\" data-id=\"2ee37c7\" data-element_type=\"widget\" data-e-type=\"widget\" data-widget_type=\"text-editor.default\">\n\t\t\t\t<div class=\"elementor-widget-container\">\n\t\t\t\t\t\t\t\t\t<p style=\"text-align: center;\"><span style=\"color: #2f8aa0;\">Session 250910 :<\/span><\/p><p style=\"text-align: center;\">Les 8 et 9 septembre et 6 et 7 octobre.<\/p><p style=\"text-align: center;\"><span style=\"color: #2f8aa0;\">Sessions 251112 :<\/span><\/p><p style=\"text-align: center;\">Les 3 et 4 novembre et 15 et 16 d\u00e9cembre.<\/p><p style=\"text-align: center;\"><span style=\"color: #2f8aa0;\">Sessions 260102 :<\/span><\/p><p style=\"text-align: center;\">Les 22 et 23 janvier et 16 et 17 f\u00e9vrier.<\/p>\t\t\t\t\t\t\t\t<\/div>\n\t\t\t\t<\/div>\n\t\t\t\t<\/div>\n\t\t\t\t\t<\/div>\n\t\t\t\t<\/div>\n\t\t<div class=\"elementor-element elementor-element-108f7d3d e-flex e-con-boxed wpr-particle-no wpr-jarallax-no wpr-parallax-no wpr-sticky-section-no wpr-equal-height-no e-con e-parent\" data-id=\"108f7d3d\" data-element_type=\"container\" data-e-type=\"container\">\n\t\t\t\t\t<div class=\"e-con-inner\">\n\t\t\t\t<div class=\"elementor-element elementor-element-7de72d5 elementor-widget elementor-widget-heading\" data-id=\"7de72d5\" data-element_type=\"widget\" data-e-type=\"widget\" data-widget_type=\"heading.default\">\n\t\t\t\t<div class=\"elementor-widget-container\">\n\t\t\t\t\t<h2 class=\"elementor-heading-title elementor-size-default\">Envoyer la demande de pr\u00e9-inscription<\/h2>\t\t\t\t<\/div>\n\t\t\t\t<\/div>\n\t\t\t\t<div class=\"elementor-element elementor-element-7bd96962 wpr-step-type-number_text wpr-step-content-layout-vertical wpr-custom-styles-yes elementor-widget elementor-widget-wpr-form-builder\" data-id=\"7bd96962\" data-element_type=\"widget\" data-e-type=\"widget\" data-settings=\"{&quot;success_message&quot;:&quot;Submission successful&quot;,&quot;error_message&quot;:&quot;Submission failed&quot;,&quot;button_width&quot;:{&quot;unit&quot;:&quot;%&quot;,&quot;size&quot;:100,&quot;sizes&quot;:[]},&quot;button_width_tablet&quot;:{&quot;unit&quot;:&quot;px&quot;,&quot;size&quot;:&quot;&quot;,&quot;sizes&quot;:[]},&quot;button_width_mobile&quot;:{&quot;unit&quot;:&quot;px&quot;,&quot;size&quot;:&quot;&quot;,&quot;sizes&quot;:[]},&quot;step_type&quot;:&quot;number_text&quot;,&quot;step_content_layout&quot;:&quot;vertical&quot;}\" data-widget_type=\"wpr-form-builder.default\">\n\t\t\t\t<div class=\"elementor-widget-container\">\n\t\t\t\t\t\t\t<form class=\"wpr-form\" method=\"post\" name=\"New Form\" page=\"LA TH\u00c9ORIE DE L&#039;ATTACHEMENT CHEZ LES ENFANTS PLAC\u00c9S\" page_id=\"1519\" novalidate>\n\t\t\t<input type=\"hidden\" name=\"post_id\" value=\"1519\"\/>\n\t\t\t<input type=\"hidden\" name=\"form_id\" value=\"7bd96962\"\/>\n\t\t\t<input type=\"hidden\" name=\"referer_title\" value=\"\" \/>\n\n\t\t\t<div class=\"wpr-step-wrap\"><\/div>\n\t\t\t<div class=\"wpr-form-fields-wrap wpr-labels-above\">\n\t\t\t\t\t\t\t\t\t<div class=\"wpr-form-field-type-text wpr-field-group wpr-column wpr-field-group-nom elementor-repeater-item-0631b06 wpr-form-field-required\">\n\t\t\t\t\t\t\t\t\t\t\t\t\t\t<label for=\"form-field-nom\" class=\"wpr-form-field-label\" data-alt-label=\"Nom Pr\u00e9nom\">\n\t\t\t\t\t\t\t\t\tNom Pr\u00e9nom\t\t\t\t\t\t\t\t<\/label>\n\t\t\t\t\t\t\t<input size=\"1 \"type=\"text\" name=\"form_fields[nom]\" id=\"form-field-nom\" class=\"wpr-form-field  wpr-form-field-textual\" placeholder=\"Nom Pr\u00e9nom\" required=\"required\" aria-required=\"true\">\t\t\t\t\t<\/div>\n\t\t\t\t\t\t\t\t\t<div class=\"wpr-form-field-type-email wpr-field-group wpr-column wpr-field-group-email elementor-repeater-item-17c8eea wpr-form-field-required\">\n\t\t\t\t\t\t\t\t\t\t\t\t\t\t<label for=\"form-field-email\" class=\"wpr-form-field-label\" data-alt-label=\"Email\">\n\t\t\t\t\t\t\t\t\tEmail\t\t\t\t\t\t\t\t<\/label>\n\t\t\t\t\t\t\t<input size=\"1 \"type=\"email\" name=\"form_fields[email]\" id=\"form-field-email\" class=\"wpr-form-field  wpr-form-field-textual\" placeholder=\"Email\" required=\"required\" aria-required=\"true\">\t\t\t\t\t<\/div>\n\t\t\t\t\t\t\t\t\t<div class=\"wpr-form-field-type-select wpr-field-group wpr-column wpr-field-group-formulaire elementor-repeater-item-a72c1d6 wpr-form-field-required\">\n\t\t\t\t\t\t\t\t\t\t\t\t\t\t<label for=\"form-field-formulaire\" class=\"wpr-form-field-label\" data-alt-label=\"Choix de la session\">\n\t\t\t\t\t\t\t\t\tChoix de la session\t\t\t\t\t\t\t\t<\/label>\n\t\t\t\t\t\t\t\t\t<div class=\"wpr-form-field wpr-select-wrap wpr-fi-svg-yes remove-before \">\n\n\t\t\t\t\t\t\t<!-- <svg class=\"e-font-icon-svg e-eicon-caret-down\" viewBox=\"0 0 571.4 1000\" xmlns=\"http:\/\/www.w3.org\/2000\/svg\">\n\t\t\t\t\t<path d=\"M571 457q0-14-10-25l-250-250q-11-11-25-11t-25 11l-250 250q-11 11-11 25t11 25 25 11h500q14 0 25-11t10-25z\"\/>\n\t\t\t\t<\/svg> -->\n\t\t\t\t<!-- <svg class=\"e-font-icon-svg e-eicon-caret-up\" viewBox=\"0 0 1000 1000\" xmlns=\"http:\/\/www.w3.org\/2000\/svg\">\n\t\t\t\t\t<path d=\"M763 279c8-8 8-12 8-25 0-8-4-16-8-25-9-8-13-8-25-8h-459c-8 0-16 4-25 8 0 9-4 17-4 25 0 9 4 17 8 25l230 229c8 5 16 9 25 9 8 0 16-4 25-9l225-229z\"\/>\n\t\t\t\t<\/svg> -->\n\t\t\t\t<!-- <svg class=\"e-font-icon-svg e-eicon-caret-up\" viewBox=\"0 0 1000 500\" xmlns=\"http:\/\/www.w3.org\/2000\/svg\">\n\t\t\t\t\t<path d=\"M763 279c8-8 8-12 8-25 0-8-4-16-8-25-9-8-13-8-25-8h-459c-8 0-16 4-25 8 0 9-4 17-4 25 0 9 4 17 8 25l230 229c8 5 16 9 25 9 8 0 16-4 25-9l225-229z\"\/>\n\t\t\t\t<\/svg> -->\n\t\t\t\t<svg class=\"e-font-icon-svg e-eicon-caret-up\" viewBox=\"0 0 1000 500\" xmlns=\"http:\/\/www.w3.org\/2000\/svg\">\n\t\t\t\t\t<path d=\"M763 279c8-8 8-12 8-25 0-8-4-16-8-25-9-8-13-8-25-8h-459c-8 0-16 4-25 8 0 9-4 17-4 25 0 9 4 17 8 25l230 229c8 5 16 9 25 9 8 0 16-4 25-9l225-229z\"\/>\n\t\t\t\t<\/svg>\n\t\t\t\n\t\t\t<select name=\"form_fields[formulaire]\" id=\"form-field-formulaire\" class=\"wpr-form-field-textual\" required=\"required\" aria-required=\"true\">\n\n\t\t\t\t\t\t\t\t\t<option value=\"Session 250910\">\n\t\t\t\t\tSession 250910\t\t\t\t\t<\/option>\n\t\t\t\t\t\t\t\t\t<option value=\"Session 251112\">\n\t\t\t\t\tSession 251112\t\t\t\t\t<\/option>\n\t\t\t\t\t\t\t\t\t<option value=\"Session 20102\">\n\t\t\t\t\tSession 20102\t\t\t\t\t<\/option>\n\t\t\t\t\t\t\t<\/select>\n\t\t<\/div>\n\t\t\t\t\t\t\t<\/div>\n\t\t\t\t<div class=\"wpr-field-group wpr-stp-btns-wrap wpr-column wpr-form-field-type-submit\" data-actions=\"[&quot;email&quot;]\" data-redirect-url=\"\" data-mailchimp-fields=\"{&quot;email_field&quot;:&quot;&quot;,&quot;first_name_field&quot;:&quot;&quot;,&quot;last_name_field&quot;:&quot;&quot;,&quot;address_field&quot;:&quot;&quot;,&quot;phone_field&quot;:&quot;&quot;,&quot;birthday_field&quot;:&quot;&quot;,&quot;group_id&quot;:&quot;&quot;}\" data-list-id=\"\">\t\t\t<button type=\"submit\" class=\"wpr-button\">\n\t\t\t\t<span >\n\t\t\t\t\t\t\t\t\t\t\t\t\t\t\t\t<span>Envoyer<\/span>\n\t\t\t\t\t\t\t\t\t\t\t\t\t\t<\/span>\t\n\t\t\t\t<div class=\"wpr-double-bounce wpr-loader-hidden\">\n\t\t\t\t\t<div class=\"wpr-child wpr-double-bounce1\"><\/div>\n\t\t\t\t\t<div class=\"wpr-child wpr-double-bounce2\"><\/div>\n\t\t\t\t<\/div>\n\t\t\t<\/button>\n\t\t<\/div>\t\t\t\t\n\t\t\t<\/div>\n\t\t<\/form>\n\t  \t\t\t\t<\/div>\n\t\t\t\t<\/div>\n\t\t\t\t<div class=\"elementor-element elementor-element-6136145d elementor-align-justify elementor-widget elementor-widget-button\" data-id=\"6136145d\" data-element_type=\"widget\" data-e-type=\"widget\" data-widget_type=\"button.default\">\n\t\t\t\t<div class=\"elementor-widget-container\">\n\t\t\t\t\t\t\t\t\t<div class=\"elementor-button-wrapper\">\n\t\t\t\t\t<a class=\"elementor-button elementor-button-link elementor-size-sm\" href=\"https:\/\/avenidaconseiletformation.com\/index.php\/contact#idContact\">\n\t\t\t\t\t\t<span class=\"elementor-button-content-wrapper\">\n\t\t\t\t\t\t\t\t\t<span class=\"elementor-button-text\">Contact<\/span>\n\t\t\t\t\t<\/span>\n\t\t\t\t\t<\/a>\n\t\t\t\t<\/div>\n\t\t\t\t\t\t\t\t<\/div>\n\t\t\t\t<\/div>\n\t\t\t\t\t<\/div>\n\t\t\t\t<\/div>\n\t\t\t\t<\/div>\n\t\t","protected":false},"excerpt":{"rendered":"<p>La th\u00e9orie de l&rsquo;attachement chez les enfants plac\u00e9s Pr\u00e9requis : Destin\u00e9 aux professionnels du secteur social, m\u00e9dico-social, \u00e9ducatif ou th\u00e9rapeutique travaillant avec des enfants plac\u00e9s ou vuln\u00e9rables. Modalit\u00e9s d\u2019\u00e9valuation : Positionnement \u00e0 l\u2019entr\u00e9e de la formation (recueil des attentes, tour de table, ou quizz). \u00c9valuation \u00e0 la sortie (quizz). Modalit\u00e9s p\u00e9dagogiques : Approche pratique et interactive avec des mises en situation et des \u00e9changes de pratiques. Tarif et dur\u00e9e : Intra entreprise : 3840\u20ac pour 8 participants maximum Particulier ou inter entreprise : 480\u20ac (Financement OPCO) possible, H\u00e9bergement possible en suppl\u00e9ment. Une dur\u00e9e de\u00a028 heures \/ 4 jours Accessibilit\u00e9 :\u00a0 Les personnes en situation de handicap sont invit\u00e9es \u00e0 contacter le r\u00e9f\u00e9rent Handicap local afin d\u2019adapter au mieux le rythme et le contenu. Objectifs de la formation : Comprendre les fondements th\u00e9oriques de la th\u00e9orie de l&rsquo;attachement. Identifier les diff\u00e9rents types d&rsquo;attachement et leurs impacts sur le d\u00e9veloppement de l&rsquo;enfant. Analyser les cons\u00e9quences des troubles de l&rsquo;attachement chez les enfants plac\u00e9s. Proposer des strat\u00e9gies d&rsquo;accompagnement adapt\u00e9es aux enfants pr\u00e9sentant des troubles de l&rsquo;attachement. Int\u00e9grer ces connaissances dans des pratiques professionnelles en protection de l&rsquo;enfance. Comprendre les fondements th\u00e9oriques de la th\u00e9orie de l&rsquo;attachement.Identifier les diff\u00e9rents types d&rsquo;attachement et leurs impacts sur le d\u00e9veloppement de l&rsquo;enfant.Analyser les cons\u00e9quences des troubles de l&rsquo;attachement chez les enfants plac\u00e9s.Proposer des strat\u00e9gies d&rsquo;accompagnement adapt\u00e9es aux enfants pr\u00e9sentant des troubles de l&rsquo;attachement.Int\u00e9grer ces connaissances dans des pratiques professionnelles en protection de l&rsquo;enfance. Sessions Session 250910 : Les 8 et 9 septembre et 6 et 7 octobre. Sessions 251112 : Les 3 et 4 novembre et 15 et 16 d\u00e9cembre. Sessions 260102 : Les 22 et 23 janvier et 16 et 17 f\u00e9vrier. Envoyer la demande de pr\u00e9-inscription Nom Pr\u00e9nom Email Choix de la session Session 250910 Session 251112 Session 20102 Envoyer Contact<\/p>\n","protected":false},"author":3,"featured_media":0,"parent":0,"menu_order":0,"comment_status":"closed","ping_status":"closed","template":"","meta":{"footnotes":""},"class_list":["post-1519","page","type-page","status-publish","hentry"],"_links":{"self":[{"href":"https:\/\/avenidaconseiletformation.com\/index.php\/wp-json\/wp\/v2\/pages\/1519","targetHints":{"allow":["GET"]}}],"collection":[{"href":"https:\/\/avenidaconseiletformation.com\/index.php\/wp-json\/wp\/v2\/pages"}],"about":[{"href":"https:\/\/avenidaconseiletformation.com\/index.php\/wp-json\/wp\/v2\/types\/page"}],"author":[{"embeddable":true,"href":"https:\/\/avenidaconseiletformation.com\/index.php\/wp-json\/wp\/v2\/users\/3"}],"replies":[{"embeddable":true,"href":"https:\/\/avenidaconseiletformation.com\/index.php\/wp-json\/wp\/v2\/comments?post=1519"}],"version-history":[{"count":31,"href":"https:\/\/avenidaconseiletformation.com\/index.php\/wp-json\/wp\/v2\/pages\/1519\/revisions"}],"predecessor-version":[{"id":2494,"href":"https:\/\/avenidaconseiletformation.com\/index.php\/wp-json\/wp\/v2\/pages\/1519\/revisions\/2494"}],"wp:attachment":[{"href":"https:\/\/avenidaconseiletformation.com\/index.php\/wp-json\/wp\/v2\/media?parent=1519"}],"curies":[{"name":"wp","href":"https:\/\/api.w.org\/{rel}","templated":true}]}}