{"id":1560,"date":"2025-02-14T11:04:19","date_gmt":"2025-02-14T10:04:19","guid":{"rendered":"https:\/\/avenidaconseiletformation.com\/?page_id=1560"},"modified":"2025-06-11T11:24:28","modified_gmt":"2025-06-11T09:24:28","slug":"construire-un-projet-danimation","status":"publish","type":"page","link":"https:\/\/avenidaconseiletformation.com\/index.php\/construire-un-projet-danimation\/","title":{"rendered":"Construire un projet d&rsquo;animation"},"content":{"rendered":"\t\t<div data-elementor-type=\"wp-page\" data-elementor-id=\"1560\" class=\"elementor elementor-1560\">\n\t\t\t\t<div class=\"elementor-element elementor-element-9c4b023 e-flex e-con-boxed wpr-particle-no wpr-jarallax-no wpr-parallax-no wpr-sticky-section-no wpr-equal-height-no e-con e-parent\" data-id=\"9c4b023\" data-element_type=\"container\" data-e-type=\"container\">\n\t\t\t\t\t<div class=\"e-con-inner\">\n\t\t\t\t<div class=\"elementor-element elementor-element-9b2afb9 elementor-widget elementor-widget-heading\" data-id=\"9b2afb9\" data-element_type=\"widget\" data-e-type=\"widget\" data-widget_type=\"heading.default\">\n\t\t\t\t<div class=\"elementor-widget-container\">\n\t\t\t\t\t<h2 class=\"elementor-heading-title elementor-size-default\">CONSTRUIRE UN PROJET D'ANIMATION<\/h2>\t\t\t\t<\/div>\n\t\t\t\t<\/div>\n\t\t<div class=\"elementor-element elementor-element-3006ad6 e-grid e-con-full wpr-particle-no wpr-jarallax-no wpr-parallax-no wpr-sticky-section-no wpr-equal-height-no e-con e-child\" data-id=\"3006ad6\" data-element_type=\"container\" data-e-type=\"container\">\n\t\t<div class=\"elementor-element elementor-element-f510bdb e-con-full e-flex wpr-particle-no wpr-jarallax-no wpr-parallax-no wpr-sticky-section-no wpr-equal-height-no e-con e-child\" data-id=\"f510bdb\" data-element_type=\"container\" data-e-type=\"container\">\n\t\t<div class=\"elementor-element elementor-element-799d3f8 e-con-full e-flex wpr-particle-no wpr-jarallax-no wpr-parallax-no wpr-sticky-section-no wpr-equal-height-no e-con e-child\" data-id=\"799d3f8\" data-element_type=\"container\" data-e-type=\"container\">\n\t\t\t\t<div class=\"elementor-element elementor-element-d055553 elementor-widget elementor-widget-text-editor\" data-id=\"d055553\" data-element_type=\"widget\" data-e-type=\"widget\" data-widget_type=\"text-editor.default\">\n\t\t\t\t<div class=\"elementor-widget-container\">\n\t\t\t\t\t\t\t\t\t<h5 class=\"western\"><span style=\"color: #2f8aa0;\">Pr\u00e9requis :<\/span><\/h5><p>Destin\u00e9 \u00e0 toutes les personnes travaillant dans des structures o\u00f9 il y a de l&rsquo;animation. Si vous avez des besoins particuliers, contactez-nous via le bouton ci-dessous.<\/p><h5 class=\"western\"><span style=\"color: #2f8aa0;\">Tarif et dur\u00e9e :<\/span><\/h5><p><strong>Intra entreprise<\/strong> : Nous contacter<\/p><p><strong>Inter entreprise<\/strong> : 360 \u20ac (possibilit\u00e9 d&rsquo;h\u00e9bergement)<\/p><p>Financement OPCO possible<\/p><p>Une dur\u00e9e de 14 heures \/ 2 jours<\/p>\t\t\t\t\t\t\t\t<\/div>\n\t\t\t\t<\/div>\n\t\t\t\t<div class=\"elementor-element elementor-element-ef6802e elementor-widget elementor-widget-text-editor\" data-id=\"ef6802e\" data-element_type=\"widget\" data-e-type=\"widget\" data-widget_type=\"text-editor.default\">\n\t\t\t\t<div class=\"elementor-widget-container\">\n\t\t\t\t\t\t\t\t\t<h5><span style=\"color: #2f8aa0; --wp-dark-mode-inline-color: #76b9c6;\" data-wp-dark-mode-inline-color=\"\">Modalit\u00e9s p\u00e9dagogiques :<\/span><\/h5><p>\u00c9tude de cas, apport th\u00e9orique, co-construction des savoirs.<\/p>\t\t\t\t\t\t\t\t<\/div>\n\t\t\t\t<\/div>\n\t\t\t\t<\/div>\n\t\t<div class=\"elementor-element elementor-element-ac01ed5 e-con-full e-flex wpr-particle-no wpr-jarallax-no wpr-parallax-no wpr-sticky-section-no wpr-equal-height-no e-con e-child\" data-id=\"ac01ed5\" data-element_type=\"container\" data-e-type=\"container\">\n\t\t\t\t<div class=\"elementor-element elementor-element-7d3011f elementor-widget elementor-widget-text-editor\" data-id=\"7d3011f\" data-element_type=\"widget\" data-e-type=\"widget\" data-widget_type=\"text-editor.default\">\n\t\t\t\t<div class=\"elementor-widget-container\">\n\t\t\t\t\t\t\t\t\t<h5 class=\"western\"><span style=\"color: #2f8aa0;\">Objectifs de la formation : <\/span><\/h5><p>Acqu\u00e9rir des comp\u00e9tences cl\u00e9s dans la conception, la mise en \u0153uvre et l&rsquo;\u00e9valuation d&rsquo;un projet d&rsquo;animation. D\u00e9velopper une approche m\u00e9thodologique pour analyser le contexte et les besoins du public cible.<\/p><p>Comprendre les fondamentaux du projet d&rsquo;animation. Analyser le contexte et le public. Concevoir un projet d&rsquo;animation coh\u00e9rent.G\u00e9rer efficacement la mise en \u0153uvre du projet. \u00c9valuer le projet d&rsquo;animation. Pratiquer la mise en \u0153uvre d&rsquo;un projet.<\/p>\t\t\t\t\t\t\t\t<\/div>\n\t\t\t\t<\/div>\n\t\t\t\t<div class=\"elementor-element elementor-element-0ad7207 elementor-widget elementor-widget-text-editor\" data-id=\"0ad7207\" data-element_type=\"widget\" data-e-type=\"widget\" data-widget_type=\"text-editor.default\">\n\t\t\t\t<div class=\"elementor-widget-container\">\n\t\t\t\t\t\t\t\t\t<h5><span style=\"color: #2f8aa0; --wp-dark-mode-inline-color: #76b9c6;\" data-wp-dark-mode-inline-color=\"\">Modalit\u00e9s d&rsquo;acc\u00e8s :<\/span><\/h5><p>Sur inscription.<\/p>\t\t\t\t\t\t\t\t<\/div>\n\t\t\t\t<\/div>\n\t\t\t\t<\/div>\n\t\t\t\t<\/div>\n\t\t<div class=\"elementor-element elementor-element-a37b221 e-con-full e-flex wpr-particle-no wpr-jarallax-no wpr-parallax-no wpr-sticky-section-no wpr-equal-height-no e-con e-child\" data-id=\"a37b221\" data-element_type=\"container\" data-e-type=\"container\">\n\t\t\t\t<div class=\"elementor-element elementor-element-a29e901 elementor-widget elementor-widget-image\" data-id=\"a29e901\" data-element_type=\"widget\" data-e-type=\"widget\" data-widget_type=\"image.default\">\n\t\t\t\t<div class=\"elementor-widget-container\">\n\t\t\t\t\t\t\t\t\t\t\t\t\t\t\t<img fetchpriority=\"high\" decoding=\"async\" width=\"800\" height=\"600\" src=\"https:\/\/avenidaconseiletformation.com\/wp-content\/uploads\/2025\/02\/CONSTRUIRE-UN-PROJET2.png\" class=\"attachment-large size-large wp-image-1591\" alt=\"\" srcset=\"https:\/\/avenidaconseiletformation.com\/wp-content\/uploads\/2025\/02\/CONSTRUIRE-UN-PROJET2.png 1024w, https:\/\/avenidaconseiletformation.com\/wp-content\/uploads\/2025\/02\/CONSTRUIRE-UN-PROJET2-300x225.png 300w, https:\/\/avenidaconseiletformation.com\/wp-content\/uploads\/2025\/02\/CONSTRUIRE-UN-PROJET2-768x576.png 768w\" sizes=\"(max-width: 800px) 100vw, 800px\" \/>\t\t\t\t\t\t\t\t\t\t\t\t\t\t\t<\/div>\n\t\t\t\t<\/div>\n\t\t\t\t<div class=\"elementor-element elementor-element-c815790 elementor-widget__width-initial elementor-widget elementor-widget-text-editor\" data-id=\"c815790\" data-element_type=\"widget\" data-e-type=\"widget\" data-widget_type=\"text-editor.default\">\n\t\t\t\t<div class=\"elementor-widget-container\">\n\t\t\t\t\t\t\t\t\t<h5 style=\"text-align: left;\"><span style=\"color: #2f8aa0; --wp-dark-mode-inline-color: #76b9c6;\" data-wp-dark-mode-inline-color=\"\">Modalit\u00e9s d&rsquo;\u00e9valuation :<\/span><\/h5><p style=\"text-align: left;\">Un quiz a l&rsquo;entr\u00e9 et a la sortie de la formation<\/p>\t\t\t\t\t\t\t\t<\/div>\n\t\t\t\t<\/div>\n\t\t\t\t<div class=\"elementor-element elementor-element-ad29cab elementor-widget elementor-widget-text-editor\" data-id=\"ad29cab\" data-element_type=\"widget\" data-e-type=\"widget\" data-widget_type=\"text-editor.default\">\n\t\t\t\t<div class=\"elementor-widget-container\">\n\t\t\t\t\t\t\t\t\t<h5><span style=\"color: #2f8aa0;\">Accessibilit\u00e9 :\u00a0<\/span><\/h5><p>Les personnes en situation de handicap sont invit\u00e9es \u00e0 contacter le r\u00e9f\u00e9rent Handicap local afin d\u2019adapter au mieux le rythme et le contenu.<\/p>\t\t\t\t\t\t\t\t<\/div>\n\t\t\t\t<\/div>\n\t\t\t\t<\/div>\n\t\t\t\t<\/div>\n\t\t\t\t<div class=\"elementor-element elementor-element-979e92a elementor-widget elementor-widget-heading\" data-id=\"979e92a\" data-element_type=\"widget\" data-e-type=\"widget\" data-widget_type=\"heading.default\">\n\t\t\t\t<div class=\"elementor-widget-container\">\n\t\t\t\t\t<h2 class=\"elementor-heading-title elementor-size-default\">Acc\u00e8s \u00e0 la formation<\/h2>\t\t\t\t<\/div>\n\t\t\t\t<\/div>\n\t\t\t\t\t<\/div>\n\t\t\t\t<\/div>\n\t\t<div class=\"elementor-element elementor-element-75aa608b e-flex e-con-boxed wpr-particle-no wpr-jarallax-no wpr-parallax-no wpr-sticky-section-no wpr-equal-height-no e-con e-parent\" data-id=\"75aa608b\" data-element_type=\"container\" data-e-type=\"container\">\n\t\t\t\t\t<div class=\"e-con-inner\">\n\t\t<div class=\"elementor-element elementor-element-54c8b55f e-con-full e-flex wpr-particle-no wpr-jarallax-no wpr-parallax-no wpr-sticky-section-no wpr-equal-height-no e-con e-child\" data-id=\"54c8b55f\" data-element_type=\"container\" data-e-type=\"container\">\n\t\t\t\t<div class=\"elementor-element elementor-element-5cba7650 elementor-widget elementor-widget-text-editor\" data-id=\"5cba7650\" data-element_type=\"widget\" data-e-type=\"widget\" data-widget_type=\"text-editor.default\">\n\t\t\t\t<div class=\"elementor-widget-container\">\n\t\t\t\t\t\t\t\t\t<p>Afin de demander \u00e0 rejoindre la formation, veuillez remplir le formulaire. Afin d&rsquo;acqu\u00e9rir ce formulaire, cliquez sur le bouton :<\/p><p style=\"text-align: center;\">\u00ab\u00a0<strong>Formulaire de pr\u00e9-inscription<\/strong>\u00ab\u00a0<\/p><p>Ensuite, il vous suffit de joindre la fiche remplie dans le formulaire ci-dessous et de nous l&rsquo;envoyer.<\/p><p>Si vous avez des questions, n&rsquo;h\u00e9sitez pas \u00e0 nous les poser en cliquant sur le bouton :<\/p><p style=\"text-align: center;\">\u00ab\u00a0<strong>Contact<\/strong>\u00ab\u00a0<\/p>\t\t\t\t\t\t\t\t<\/div>\n\t\t\t\t<\/div>\n\t\t\t\t<\/div>\n\t\t<div class=\"elementor-element elementor-element-211f20fa e-con-full e-flex wpr-particle-no wpr-jarallax-no wpr-parallax-no wpr-sticky-section-no wpr-equal-height-no e-con e-child\" data-id=\"211f20fa\" data-element_type=\"container\" data-e-type=\"container\">\n\t\t\t\t<div class=\"elementor-element elementor-element-6952cc2a elementor-widget elementor-widget-text-editor\" data-id=\"6952cc2a\" data-element_type=\"widget\" data-e-type=\"widget\" data-widget_type=\"text-editor.default\">\n\t\t\t\t<div class=\"elementor-widget-container\">\n\t\t\t\t\t\t\t\t\t<p style=\"text-align: center;\"><strong>Lien vers le formulaire de pr\u00e9-inscription aux formations :<\/strong><\/p>\t\t\t\t\t\t\t\t<\/div>\n\t\t\t\t<\/div>\n\t\t\t\t<div class=\"elementor-element elementor-element-41ca7c2b elementor-align-justify elementor-widget elementor-widget-button\" data-id=\"41ca7c2b\" data-element_type=\"widget\" data-e-type=\"widget\" data-widget_type=\"button.default\">\n\t\t\t\t<div class=\"elementor-widget-container\">\n\t\t\t\t\t\t\t\t\t<div class=\"elementor-button-wrapper\">\n\t\t\t\t\t<a class=\"elementor-button elementor-button-link elementor-size-sm\" href=\"http:\/\/avenidaconseiletformation.com\/wp-content\/uploads\/2025\/06\/Fiche-pre-inscription.pdf\" target=\"_blank\">\n\t\t\t\t\t\t<span class=\"elementor-button-content-wrapper\">\n\t\t\t\t\t\t\t\t\t<span class=\"elementor-button-text\">Formulaire de pr\u00e9-inscription<\/span>\n\t\t\t\t\t<\/span>\n\t\t\t\t\t<\/a>\n\t\t\t\t<\/div>\n\t\t\t\t\t\t\t\t<\/div>\n\t\t\t\t<\/div>\n\t\t\t\t<div class=\"elementor-element elementor-element-1670ccd5 elementor-widget elementor-widget-text-editor\" data-id=\"1670ccd5\" data-element_type=\"widget\" data-e-type=\"widget\" data-widget_type=\"text-editor.default\">\n\t\t\t\t<div class=\"elementor-widget-container\">\n\t\t\t\t\t\t\t\t\t<p style=\"text-align: center;\"><strong>Page vous permettant de nous contacter :<\/strong><\/p>\t\t\t\t\t\t\t\t<\/div>\n\t\t\t\t<\/div>\n\t\t\t\t<div class=\"elementor-element elementor-element-130d08a0 elementor-align-justify elementor-widget elementor-widget-button\" data-id=\"130d08a0\" data-element_type=\"widget\" data-e-type=\"widget\" data-widget_type=\"button.default\">\n\t\t\t\t<div class=\"elementor-widget-container\">\n\t\t\t\t\t\t\t\t\t<div class=\"elementor-button-wrapper\">\n\t\t\t\t\t<a class=\"elementor-button elementor-button-link elementor-size-sm\" href=\"https:\/\/avenidaconseiletformation.com\/index.php\/contact#idContact\">\n\t\t\t\t\t\t<span class=\"elementor-button-content-wrapper\">\n\t\t\t\t\t\t\t\t\t<span class=\"elementor-button-text\">Contact<\/span>\n\t\t\t\t\t<\/span>\n\t\t\t\t\t<\/a>\n\t\t\t\t<\/div>\n\t\t\t\t\t\t\t\t<\/div>\n\t\t\t\t<\/div>\n\t\t\t\t<\/div>\n\t\t\t\t\t<\/div>\n\t\t\t\t<\/div>\n\t\t<div class=\"elementor-element elementor-element-4a73ba0 e-flex e-con-boxed wpr-particle-no wpr-jarallax-no wpr-parallax-no wpr-sticky-section-no wpr-equal-height-no e-con e-parent\" data-id=\"4a73ba0\" data-element_type=\"container\" data-e-type=\"container\">\n\t\t\t\t\t<div class=\"e-con-inner\">\n\t\t\t\t<div class=\"elementor-element elementor-element-3dfc1362 elementor-widget elementor-widget-heading\" data-id=\"3dfc1362\" data-element_type=\"widget\" data-e-type=\"widget\" data-widget_type=\"heading.default\">\n\t\t\t\t<div class=\"elementor-widget-container\">\n\t\t\t\t\t<h2 class=\"elementor-heading-title elementor-size-default\">Envoyer la demande de pr\u00e9-inscription<\/h2>\t\t\t\t<\/div>\n\t\t\t\t<\/div>\n\t\t\t\t<div class=\"elementor-element elementor-element-4052b592 wpr-step-type-number_text wpr-step-content-layout-vertical wpr-custom-styles-yes elementor-widget elementor-widget-wpr-form-builder\" data-id=\"4052b592\" data-element_type=\"widget\" data-e-type=\"widget\" data-settings=\"{&quot;success_message&quot;:&quot;Submission successful&quot;,&quot;error_message&quot;:&quot;Submission failed&quot;,&quot;button_width&quot;:{&quot;unit&quot;:&quot;%&quot;,&quot;size&quot;:100,&quot;sizes&quot;:[]},&quot;button_width_tablet&quot;:{&quot;unit&quot;:&quot;px&quot;,&quot;size&quot;:&quot;&quot;,&quot;sizes&quot;:[]},&quot;button_width_mobile&quot;:{&quot;unit&quot;:&quot;px&quot;,&quot;size&quot;:&quot;&quot;,&quot;sizes&quot;:[]},&quot;step_type&quot;:&quot;number_text&quot;,&quot;step_content_layout&quot;:&quot;vertical&quot;}\" data-widget_type=\"wpr-form-builder.default\">\n\t\t\t\t<div class=\"elementor-widget-container\">\n\t\t\t\t\t\t\t<form class=\"wpr-form\" method=\"post\" name=\"New Form\" page=\"Construire un projet d&#039;animation\" page_id=\"1560\" novalidate>\n\t\t\t<input type=\"hidden\" name=\"post_id\" value=\"1560\"\/>\n\t\t\t<input type=\"hidden\" name=\"form_id\" value=\"4052b592\"\/>\n\t\t\t<input type=\"hidden\" name=\"referer_title\" value=\"\" \/>\n\n\t\t\t<div class=\"wpr-step-wrap\"><\/div>\n\t\t\t<div class=\"wpr-form-fields-wrap wpr-labels-above\">\n\t\t\t\t\t\t\t\t\t<div class=\"wpr-form-field-type-text wpr-field-group wpr-column wpr-field-group-nom elementor-repeater-item-0631b06\">\n\t\t\t\t\t\t\t\t\t\t\t\t\t\t<label for=\"form-field-nom\" class=\"wpr-form-field-label\" data-alt-label=\"Nom\">\n\t\t\t\t\t\t\t\t\tNom\t\t\t\t\t\t\t\t<\/label>\n\t\t\t\t\t\t\t<input size=\"1 \"type=\"text\" name=\"form_fields[nom]\" id=\"form-field-nom\" class=\"wpr-form-field  wpr-form-field-textual\" placeholder=\"Nom\">\t\t\t\t\t<\/div>\n\t\t\t\t\t\t\t\t\t<div class=\"wpr-form-field-type-email wpr-field-group wpr-column wpr-field-group-email elementor-repeater-item-17c8eea wpr-form-field-required\">\n\t\t\t\t\t\t\t\t\t\t\t\t\t\t<label for=\"form-field-email\" class=\"wpr-form-field-label\" data-alt-label=\"Email\">\n\t\t\t\t\t\t\t\t\tEmail\t\t\t\t\t\t\t\t<\/label>\n\t\t\t\t\t\t\t<input size=\"1 \"type=\"email\" name=\"form_fields[email]\" id=\"form-field-email\" class=\"wpr-form-field  wpr-form-field-textual\" placeholder=\"Email\" required=\"required\" aria-required=\"true\">\t\t\t\t\t<\/div>\n\t\t\t\t\t\t\t\t\t<div class=\"wpr-form-field-type-upload wpr-field-group wpr-column wpr-field-group-formulaire elementor-repeater-item-a72c1d6 wpr-form-field-required\">\n\t\t\t\t\t\t\t\t\t\t\t\t\t\t<label for=\"form-field-formulaire\" class=\"wpr-form-field-label\" data-alt-label=\"Formulaire de pr\u00e9-inscription\">\n\t\t\t\t\t\t\t\t\tFormulaire de pr\u00e9-inscription\t\t\t\t\t\t\t\t<\/label>\n\t\t\t\t\t\t\t<input size=\"1 \"type=\"file\" name=\"form_fields[formulaire]\" id=\"form-field-formulaire\" class=\"wpr-form-field \" required=\"required\" aria-required=\"true\" data-allft=\"pdf\">\t\t\t\t\t<\/div>\n\t\t\t\t<div class=\"wpr-field-group wpr-stp-btns-wrap wpr-column wpr-form-field-type-submit\" data-actions=\"[&quot;email&quot;]\" data-redirect-url=\"\" data-mailchimp-fields=\"{&quot;email_field&quot;:&quot;&quot;,&quot;first_name_field&quot;:&quot;&quot;,&quot;last_name_field&quot;:&quot;&quot;,&quot;address_field&quot;:&quot;&quot;,&quot;phone_field&quot;:&quot;&quot;,&quot;birthday_field&quot;:&quot;&quot;,&quot;group_id&quot;:&quot;&quot;}\" data-list-id=\"\">\t\t\t<button type=\"submit\" class=\"wpr-button\">\n\t\t\t\t<span >\n\t\t\t\t\t\t\t\t\t\t\t\t\t\t\t\t<span>Envoyer<\/span>\n\t\t\t\t\t\t\t\t\t\t\t\t\t\t<\/span>\t\n\t\t\t\t<div class=\"wpr-double-bounce wpr-loader-hidden\">\n\t\t\t\t\t<div class=\"wpr-child wpr-double-bounce1\"><\/div>\n\t\t\t\t\t<div class=\"wpr-child wpr-double-bounce2\"><\/div>\n\t\t\t\t<\/div>\n\t\t\t<\/button>\n\t\t<\/div>\t\t\t\t\n\t\t\t<\/div>\n\t\t<\/form>\n\t  \t\t\t\t<\/div>\n\t\t\t\t<\/div>\n\t\t\t\t\t<\/div>\n\t\t\t\t<\/div>\n\t\t\t\t<\/div>\n\t\t","protected":false},"excerpt":{"rendered":"<p>CONSTRUIRE UN PROJET D&rsquo;ANIMATION Pr\u00e9requis : Destin\u00e9 \u00e0 toutes les personnes travaillant dans des structures o\u00f9 il y a de l&rsquo;animation. Si vous avez des besoins particuliers, contactez-nous via le bouton ci-dessous. Tarif et dur\u00e9e : Intra entreprise : Nous contacter Inter entreprise : 360 \u20ac (possibilit\u00e9 d&rsquo;h\u00e9bergement) Financement OPCO possible Une dur\u00e9e de 14 heures \/ 2 jours Modalit\u00e9s p\u00e9dagogiques : \u00c9tude de cas, apport th\u00e9orique, co-construction des savoirs. Objectifs de la formation : Acqu\u00e9rir des comp\u00e9tences cl\u00e9s dans la conception, la mise en \u0153uvre et l&rsquo;\u00e9valuation d&rsquo;un projet d&rsquo;animation. D\u00e9velopper une approche m\u00e9thodologique pour analyser le contexte et les besoins du public cible. Comprendre les fondamentaux du projet d&rsquo;animation. Analyser le contexte et le public. Concevoir un projet d&rsquo;animation coh\u00e9rent.G\u00e9rer efficacement la mise en \u0153uvre du projet. \u00c9valuer le projet d&rsquo;animation. Pratiquer la mise en \u0153uvre d&rsquo;un projet. Modalit\u00e9s d&rsquo;acc\u00e8s : Sur inscription. Modalit\u00e9s d&rsquo;\u00e9valuation : Un quiz a l&rsquo;entr\u00e9 et a la sortie de la formation Accessibilit\u00e9 :\u00a0 Les personnes en situation de handicap sont invit\u00e9es \u00e0 contacter le r\u00e9f\u00e9rent Handicap local afin d\u2019adapter au mieux le rythme et le contenu. Acc\u00e8s \u00e0 la formation Afin de demander \u00e0 rejoindre la formation, veuillez remplir le formulaire. Afin d&rsquo;acqu\u00e9rir ce formulaire, cliquez sur le bouton : \u00ab\u00a0Formulaire de pr\u00e9-inscription\u00ab\u00a0 Ensuite, il vous suffit de joindre la fiche remplie dans le formulaire ci-dessous et de nous l&rsquo;envoyer. Si vous avez des questions, n&rsquo;h\u00e9sitez pas \u00e0 nous les poser en cliquant sur le bouton : \u00ab\u00a0Contact\u00ab\u00a0 Lien vers le formulaire de pr\u00e9-inscription aux formations : Formulaire de pr\u00e9-inscription Page vous permettant de nous contacter : Contact Envoyer la demande de pr\u00e9-inscription Nom Email Formulaire de pr\u00e9-inscription Envoyer<\/p>\n","protected":false},"author":2,"featured_media":0,"parent":0,"menu_order":0,"comment_status":"closed","ping_status":"closed","template":"","meta":{"footnotes":""},"class_list":["post-1560","page","type-page","status-publish","hentry"],"_links":{"self":[{"href":"https:\/\/avenidaconseiletformation.com\/index.php\/wp-json\/wp\/v2\/pages\/1560","targetHints":{"allow":["GET"]}}],"collection":[{"href":"https:\/\/avenidaconseiletformation.com\/index.php\/wp-json\/wp\/v2\/pages"}],"about":[{"href":"https:\/\/avenidaconseiletformation.com\/index.php\/wp-json\/wp\/v2\/types\/page"}],"author":[{"embeddable":true,"href":"https:\/\/avenidaconseiletformation.com\/index.php\/wp-json\/wp\/v2\/users\/2"}],"replies":[{"embeddable":true,"href":"https:\/\/avenidaconseiletformation.com\/index.php\/wp-json\/wp\/v2\/comments?post=1560"}],"version-history":[{"count":25,"href":"https:\/\/avenidaconseiletformation.com\/index.php\/wp-json\/wp\/v2\/pages\/1560\/revisions"}],"predecessor-version":[{"id":2439,"href":"https:\/\/avenidaconseiletformation.com\/index.php\/wp-json\/wp\/v2\/pages\/1560\/revisions\/2439"}],"wp:attachment":[{"href":"https:\/\/avenidaconseiletformation.com\/index.php\/wp-json\/wp\/v2\/media?parent=1560"}],"curies":[{"name":"wp","href":"https:\/\/api.w.org\/{rel}","templated":true}]}}