{"id":1602,"date":"2025-02-14T11:46:30","date_gmt":"2025-02-14T10:46:30","guid":{"rendered":"https:\/\/avenidaconseiletformation.com\/?page_id=1602"},"modified":"2025-06-10T14:20:53","modified_gmt":"2025-06-10T12:20:53","slug":"lart-scenique","status":"publish","type":"page","link":"https:\/\/avenidaconseiletformation.com\/index.php\/lart-scenique\/","title":{"rendered":"L&rsquo;art sc\u00e9nique"},"content":{"rendered":"\t\t<div data-elementor-type=\"wp-page\" data-elementor-id=\"1602\" class=\"elementor elementor-1602\">\n\t\t\t\t<div class=\"elementor-element elementor-element-f9d02a1 e-flex e-con-boxed wpr-particle-no wpr-jarallax-no wpr-parallax-no wpr-sticky-section-no wpr-equal-height-no e-con e-parent\" data-id=\"f9d02a1\" data-element_type=\"container\" data-e-type=\"container\">\n\t\t\t\t\t<div class=\"e-con-inner\">\n\t\t\t\t<div class=\"elementor-element elementor-element-a7b0838 elementor-widget elementor-widget-heading\" data-id=\"a7b0838\" data-element_type=\"widget\" data-e-type=\"widget\" data-widget_type=\"heading.default\">\n\t\t\t\t<div class=\"elementor-widget-container\">\n\t\t\t\t\t<h2 class=\"elementor-heading-title elementor-size-default\">L'ART SC\u00c9NIQUE<\/h2>\t\t\t\t<\/div>\n\t\t\t\t<\/div>\n\t\t<div class=\"elementor-element elementor-element-05e2a31 e-con-full e-grid wpr-particle-no wpr-jarallax-no wpr-parallax-no wpr-sticky-section-no wpr-equal-height-no e-con e-child\" data-id=\"05e2a31\" data-element_type=\"container\" data-e-type=\"container\">\n\t\t<div class=\"elementor-element elementor-element-f0a1a3e e-con-full e-flex wpr-particle-no wpr-jarallax-no wpr-parallax-no wpr-sticky-section-no wpr-equal-height-no e-con e-child\" data-id=\"f0a1a3e\" data-element_type=\"container\" data-e-type=\"container\">\n\t\t<div class=\"elementor-element elementor-element-8a10a25 e-grid e-con-full wpr-particle-no wpr-jarallax-no wpr-parallax-no wpr-sticky-section-no wpr-equal-height-no e-con e-child\" data-id=\"8a10a25\" data-element_type=\"container\" data-e-type=\"container\">\n\t\t\t\t<div class=\"elementor-element elementor-element-9b6aa54 elementor-widget elementor-widget-text-editor\" data-id=\"9b6aa54\" data-element_type=\"widget\" data-e-type=\"widget\" data-widget_type=\"text-editor.default\">\n\t\t\t\t<div class=\"elementor-widget-container\">\n\t\t\t\t\t\t\t\t\t<h5 style=\"text-align: center;\"><span style=\"color: #2f8aa0;\"><strong>Pr\u00e9requis :<\/strong><\/span><\/h5><p style=\"text-align: center;\">Destin\u00e9 \u00e0 toutes les personnes du monde du spectacle, \u00e0 partir de 4 personnes. Si vous avez des besoins particuliers, contactez-nous via le bouton ci-dessous.<\/p>\t\t\t\t\t\t\t\t<\/div>\n\t\t\t\t<\/div>\n\t\t\t\t<div class=\"elementor-element elementor-element-60cff36 elementor-widget elementor-widget-text-editor\" data-id=\"60cff36\" data-element_type=\"widget\" data-e-type=\"widget\" data-widget_type=\"text-editor.default\">\n\t\t\t\t<div class=\"elementor-widget-container\">\n\t\t\t\t\t\t\t\t\t<h5 style=\"text-align: center;\"><span style=\"color: #2f8aa0;\"><strong>Tarif :<\/strong><\/span><\/h5><p style=\"text-align: center;\">Inter entreprise : 250 \u20ac<br \/>Intra entreprise : Nous contacter<br \/>Possibilit\u00e9 de financement OPCO<br \/>H\u00e9bergement sur place : 35 \u20ac<\/p>\t\t\t\t\t\t\t\t<\/div>\n\t\t\t\t<\/div>\n\t\t\t\t<\/div>\n\t\t\t\t<div class=\"elementor-element elementor-element-bda40ff elementor-widget elementor-widget-text-editor\" data-id=\"bda40ff\" data-element_type=\"widget\" data-e-type=\"widget\" data-widget_type=\"text-editor.default\">\n\t\t\t\t<div class=\"elementor-widget-container\">\n\t\t\t\t\t\t\t\t\t<h5><span style=\"color: #2f8aa0;\"><strong>Objectifs de la formation :<\/strong><\/span><\/h5><p style=\"text-align: center;\">Comprendre les bases de l&rsquo;art sc\u00e9nique.<\/p><p style=\"text-align: center;\">Identifier les \u00e9l\u00e9ments cl\u00e9s d&rsquo;une performance sc\u00e9nique.<\/p><p style=\"text-align: center;\">D\u00e9couvrir les techniques de base de la performance sc\u00e9nique.<\/p><p style=\"text-align: center;\">Comprendre le processus de mise en sc\u00e8ne d&rsquo;une performance.<\/p><p style=\"text-align: center;\">Explorer la relation entre les artistes et le public.<\/p><p style=\"text-align: center;\">Appliquer les connaissances acquises \u00e0 une performance.<\/p>\t\t\t\t\t\t\t\t<\/div>\n\t\t\t\t<\/div>\n\t\t\t\t<\/div>\n\t\t<div class=\"elementor-element elementor-element-7d1ce49 e-con-full e-flex wpr-particle-no wpr-jarallax-no wpr-parallax-no wpr-sticky-section-no wpr-equal-height-no e-con e-child\" data-id=\"7d1ce49\" data-element_type=\"container\" data-e-type=\"container\">\n\t\t\t\t<div class=\"elementor-element elementor-element-2aa0d31 elementor-widget elementor-widget-image\" data-id=\"2aa0d31\" data-element_type=\"widget\" data-e-type=\"widget\" data-widget_type=\"image.default\">\n\t\t\t\t<div class=\"elementor-widget-container\">\n\t\t\t\t\t\t\t\t\t\t\t\t\t\t\t<img fetchpriority=\"high\" decoding=\"async\" width=\"800\" height=\"600\" src=\"https:\/\/avenidaconseiletformation.com\/wp-content\/uploads\/2025\/02\/ART-SENIQUE2.png\" class=\"attachment-large size-large wp-image-1611\" alt=\"\" srcset=\"https:\/\/avenidaconseiletformation.com\/wp-content\/uploads\/2025\/02\/ART-SENIQUE2.png 1024w, https:\/\/avenidaconseiletformation.com\/wp-content\/uploads\/2025\/02\/ART-SENIQUE2-300x225.png 300w, https:\/\/avenidaconseiletformation.com\/wp-content\/uploads\/2025\/02\/ART-SENIQUE2-768x576.png 768w\" sizes=\"(max-width: 800px) 100vw, 800px\" \/>\t\t\t\t\t\t\t\t\t\t\t\t\t\t\t<\/div>\n\t\t\t\t<\/div>\n\t\t\t\t<\/div>\n\t\t\t\t<\/div>\n\t\t\t\t<div class=\"elementor-element elementor-element-ca6f23b elementor-widget elementor-widget-heading\" data-id=\"ca6f23b\" data-element_type=\"widget\" data-e-type=\"widget\" data-widget_type=\"heading.default\">\n\t\t\t\t<div class=\"elementor-widget-container\">\n\t\t\t\t\t<h2 class=\"elementor-heading-title elementor-size-default\">Acc\u00e8s \u00e0 la formation<\/h2>\t\t\t\t<\/div>\n\t\t\t\t<\/div>\n\t\t\t\t\t<\/div>\n\t\t\t\t<\/div>\n\t\t<div class=\"elementor-element elementor-element-2a8de8b7 e-flex e-con-boxed wpr-particle-no wpr-jarallax-no wpr-parallax-no wpr-sticky-section-no wpr-equal-height-no e-con e-parent\" data-id=\"2a8de8b7\" data-element_type=\"container\" data-e-type=\"container\">\n\t\t\t\t\t<div class=\"e-con-inner\">\n\t\t<div class=\"elementor-element elementor-element-2ea6ca63 e-con-full e-flex wpr-particle-no wpr-jarallax-no wpr-parallax-no wpr-sticky-section-no wpr-equal-height-no e-con e-child\" data-id=\"2ea6ca63\" data-element_type=\"container\" data-e-type=\"container\">\n\t\t\t\t<div class=\"elementor-element elementor-element-65c9909e elementor-widget elementor-widget-text-editor\" data-id=\"65c9909e\" data-element_type=\"widget\" data-e-type=\"widget\" data-widget_type=\"text-editor.default\">\n\t\t\t\t<div class=\"elementor-widget-container\">\n\t\t\t\t\t\t\t\t\t<p>Afin de demander \u00e0 rejoindre la formation, veuillez remplir le formulaire. Afin d&rsquo;acqu\u00e9rir ce formulaire, cliquez sur le bouton :<\/p><p style=\"text-align: center;\">\u00ab\u00a0<strong>Formulaire de pr\u00e9-inscription<\/strong>\u00ab\u00a0<\/p><p>Ensuite, il vous suffit de joindre la fiche remplie dans le formulaire ci-dessous et de nous l&rsquo;envoyer.<\/p><p>Si vous avez des questions, n&rsquo;h\u00e9sitez pas \u00e0 nous les poser en cliquant sur le bouton :<\/p><p style=\"text-align: center;\">\u00ab\u00a0<strong>Contact<\/strong>\u00ab\u00a0<\/p>\t\t\t\t\t\t\t\t<\/div>\n\t\t\t\t<\/div>\n\t\t\t\t<\/div>\n\t\t<div class=\"elementor-element elementor-element-3bcd0ce5 e-con-full e-flex wpr-particle-no wpr-jarallax-no wpr-parallax-no wpr-sticky-section-no wpr-equal-height-no e-con e-child\" data-id=\"3bcd0ce5\" data-element_type=\"container\" data-e-type=\"container\">\n\t\t\t\t<div class=\"elementor-element elementor-element-17cf3f8e elementor-widget elementor-widget-text-editor\" data-id=\"17cf3f8e\" data-element_type=\"widget\" data-e-type=\"widget\" data-widget_type=\"text-editor.default\">\n\t\t\t\t<div class=\"elementor-widget-container\">\n\t\t\t\t\t\t\t\t\t<p style=\"text-align: center;\"><strong>Lien vers le formulaire de pr\u00e9-inscription aux formations :<\/strong><\/p>\t\t\t\t\t\t\t\t<\/div>\n\t\t\t\t<\/div>\n\t\t\t\t<div class=\"elementor-element elementor-element-58f2871a elementor-align-justify elementor-widget elementor-widget-button\" data-id=\"58f2871a\" data-element_type=\"widget\" data-e-type=\"widget\" data-widget_type=\"button.default\">\n\t\t\t\t<div class=\"elementor-widget-container\">\n\t\t\t\t\t\t\t\t\t<div class=\"elementor-button-wrapper\">\n\t\t\t\t\t<a class=\"elementor-button elementor-button-link elementor-size-sm\" href=\"http:\/\/avenidaconseiletformation.com\/wp-content\/uploads\/2025\/06\/Fiche-pre-inscription.pdf\" target=\"_blank\">\n\t\t\t\t\t\t<span class=\"elementor-button-content-wrapper\">\n\t\t\t\t\t\t\t\t\t<span class=\"elementor-button-text\">Formulaire de pr\u00e9-inscription<\/span>\n\t\t\t\t\t<\/span>\n\t\t\t\t\t<\/a>\n\t\t\t\t<\/div>\n\t\t\t\t\t\t\t\t<\/div>\n\t\t\t\t<\/div>\n\t\t\t\t<div class=\"elementor-element elementor-element-6c004ac elementor-widget elementor-widget-text-editor\" data-id=\"6c004ac\" data-element_type=\"widget\" data-e-type=\"widget\" data-widget_type=\"text-editor.default\">\n\t\t\t\t<div class=\"elementor-widget-container\">\n\t\t\t\t\t\t\t\t\t<p style=\"text-align: center;\"><strong>Page vous permettant de nous contacter :<\/strong><\/p>\t\t\t\t\t\t\t\t<\/div>\n\t\t\t\t<\/div>\n\t\t\t\t<div class=\"elementor-element elementor-element-407bf611 elementor-align-justify elementor-widget elementor-widget-button\" data-id=\"407bf611\" data-element_type=\"widget\" data-e-type=\"widget\" data-widget_type=\"button.default\">\n\t\t\t\t<div class=\"elementor-widget-container\">\n\t\t\t\t\t\t\t\t\t<div class=\"elementor-button-wrapper\">\n\t\t\t\t\t<a class=\"elementor-button elementor-button-link elementor-size-sm\" href=\"https:\/\/avenidaconseiletformation.com\/index.php\/contact#idContact\">\n\t\t\t\t\t\t<span class=\"elementor-button-content-wrapper\">\n\t\t\t\t\t\t\t\t\t<span class=\"elementor-button-text\">Contact<\/span>\n\t\t\t\t\t<\/span>\n\t\t\t\t\t<\/a>\n\t\t\t\t<\/div>\n\t\t\t\t\t\t\t\t<\/div>\n\t\t\t\t<\/div>\n\t\t\t\t<\/div>\n\t\t\t\t\t<\/div>\n\t\t\t\t<\/div>\n\t\t<div class=\"elementor-element elementor-element-297f41ff e-flex e-con-boxed wpr-particle-no wpr-jarallax-no wpr-parallax-no wpr-sticky-section-no wpr-equal-height-no e-con e-parent\" data-id=\"297f41ff\" data-element_type=\"container\" data-e-type=\"container\">\n\t\t\t\t\t<div class=\"e-con-inner\">\n\t\t\t\t<div class=\"elementor-element elementor-element-405d99bb elementor-widget elementor-widget-heading\" data-id=\"405d99bb\" data-element_type=\"widget\" data-e-type=\"widget\" data-widget_type=\"heading.default\">\n\t\t\t\t<div class=\"elementor-widget-container\">\n\t\t\t\t\t<h2 class=\"elementor-heading-title elementor-size-default\">Envoyer la demande de pr\u00e9-inscription<\/h2>\t\t\t\t<\/div>\n\t\t\t\t<\/div>\n\t\t\t\t<div class=\"elementor-element elementor-element-7bc1eb8a wpr-step-type-number_text wpr-step-content-layout-vertical wpr-custom-styles-yes elementor-widget elementor-widget-wpr-form-builder\" data-id=\"7bc1eb8a\" data-element_type=\"widget\" data-e-type=\"widget\" data-settings=\"{&quot;success_message&quot;:&quot;Submission successful&quot;,&quot;error_message&quot;:&quot;Submission failed&quot;,&quot;button_width&quot;:{&quot;unit&quot;:&quot;%&quot;,&quot;size&quot;:100,&quot;sizes&quot;:[]},&quot;button_width_tablet&quot;:{&quot;unit&quot;:&quot;px&quot;,&quot;size&quot;:&quot;&quot;,&quot;sizes&quot;:[]},&quot;button_width_mobile&quot;:{&quot;unit&quot;:&quot;px&quot;,&quot;size&quot;:&quot;&quot;,&quot;sizes&quot;:[]},&quot;step_type&quot;:&quot;number_text&quot;,&quot;step_content_layout&quot;:&quot;vertical&quot;}\" data-widget_type=\"wpr-form-builder.default\">\n\t\t\t\t<div class=\"elementor-widget-container\">\n\t\t\t\t\t\t\t<form class=\"wpr-form\" method=\"post\" name=\"New Form\" page=\"L&#039;art sc\u00e9nique\" page_id=\"1602\" novalidate>\n\t\t\t<input type=\"hidden\" name=\"post_id\" value=\"1602\"\/>\n\t\t\t<input type=\"hidden\" name=\"form_id\" value=\"7bc1eb8a\"\/>\n\t\t\t<input type=\"hidden\" name=\"referer_title\" value=\"\" \/>\n\n\t\t\t<div class=\"wpr-step-wrap\"><\/div>\n\t\t\t<div class=\"wpr-form-fields-wrap wpr-labels-above\">\n\t\t\t\t\t\t\t\t\t<div class=\"wpr-form-field-type-text wpr-field-group wpr-column wpr-field-group-nom elementor-repeater-item-0631b06\">\n\t\t\t\t\t\t\t\t\t\t\t\t\t\t<label for=\"form-field-nom\" class=\"wpr-form-field-label\" data-alt-label=\"Nom\">\n\t\t\t\t\t\t\t\t\tNom\t\t\t\t\t\t\t\t<\/label>\n\t\t\t\t\t\t\t<input size=\"1 \"type=\"text\" name=\"form_fields[nom]\" id=\"form-field-nom\" class=\"wpr-form-field  wpr-form-field-textual\" placeholder=\"Nom\">\t\t\t\t\t<\/div>\n\t\t\t\t\t\t\t\t\t<div class=\"wpr-form-field-type-email wpr-field-group wpr-column wpr-field-group-email elementor-repeater-item-17c8eea wpr-form-field-required\">\n\t\t\t\t\t\t\t\t\t\t\t\t\t\t<label for=\"form-field-email\" class=\"wpr-form-field-label\" data-alt-label=\"Email\">\n\t\t\t\t\t\t\t\t\tEmail\t\t\t\t\t\t\t\t<\/label>\n\t\t\t\t\t\t\t<input size=\"1 \"type=\"email\" name=\"form_fields[email]\" id=\"form-field-email\" class=\"wpr-form-field  wpr-form-field-textual\" placeholder=\"Email\" required=\"required\" aria-required=\"true\">\t\t\t\t\t<\/div>\n\t\t\t\t\t\t\t\t\t<div class=\"wpr-form-field-type-upload wpr-field-group wpr-column wpr-field-group-formulaire elementor-repeater-item-a72c1d6 wpr-form-field-required\">\n\t\t\t\t\t\t\t\t\t\t\t\t\t\t<label for=\"form-field-formulaire\" class=\"wpr-form-field-label\" data-alt-label=\"Formulaire de pr\u00e9-inscription\">\n\t\t\t\t\t\t\t\t\tFormulaire de pr\u00e9-inscription\t\t\t\t\t\t\t\t<\/label>\n\t\t\t\t\t\t\t<input size=\"1 \"type=\"file\" name=\"form_fields[formulaire]\" id=\"form-field-formulaire\" class=\"wpr-form-field \" required=\"required\" aria-required=\"true\" data-allft=\"pdf\">\t\t\t\t\t<\/div>\n\t\t\t\t<div class=\"wpr-field-group wpr-stp-btns-wrap wpr-column wpr-form-field-type-submit\" data-actions=\"[&quot;email&quot;]\" data-redirect-url=\"\" data-mailchimp-fields=\"{&quot;email_field&quot;:&quot;&quot;,&quot;first_name_field&quot;:&quot;&quot;,&quot;last_name_field&quot;:&quot;&quot;,&quot;address_field&quot;:&quot;&quot;,&quot;phone_field&quot;:&quot;&quot;,&quot;birthday_field&quot;:&quot;&quot;,&quot;group_id&quot;:&quot;&quot;}\" data-list-id=\"\">\t\t\t<button type=\"submit\" class=\"wpr-button\">\n\t\t\t\t<span >\n\t\t\t\t\t\t\t\t\t\t\t\t\t\t\t\t<span>Envoyer<\/span>\n\t\t\t\t\t\t\t\t\t\t\t\t\t\t<\/span>\t\n\t\t\t\t<div class=\"wpr-double-bounce wpr-loader-hidden\">\n\t\t\t\t\t<div class=\"wpr-child wpr-double-bounce1\"><\/div>\n\t\t\t\t\t<div class=\"wpr-child wpr-double-bounce2\"><\/div>\n\t\t\t\t<\/div>\n\t\t\t<\/button>\n\t\t<\/div>\t\t\t\t\n\t\t\t<\/div>\n\t\t<\/form>\n\t  \t\t\t\t<\/div>\n\t\t\t\t<\/div>\n\t\t\t\t\t<\/div>\n\t\t\t\t<\/div>\n\t\t\t\t<\/div>\n\t\t","protected":false},"excerpt":{"rendered":"<p>L&rsquo;ART SC\u00c9NIQUE Pr\u00e9requis : Destin\u00e9 \u00e0 toutes les personnes du monde du spectacle, \u00e0 partir de 4 personnes. Si vous avez des besoins particuliers, contactez-nous via le bouton ci-dessous. Tarif : Inter entreprise : 250 \u20acIntra entreprise : Nous contacterPossibilit\u00e9 de financement OPCOH\u00e9bergement sur place : 35 \u20ac Objectifs de la formation : Comprendre les bases de l&rsquo;art sc\u00e9nique. Identifier les \u00e9l\u00e9ments cl\u00e9s d&rsquo;une performance sc\u00e9nique. D\u00e9couvrir les techniques de base de la performance sc\u00e9nique. Comprendre le processus de mise en sc\u00e8ne d&rsquo;une performance. Explorer la relation entre les artistes et le public. Appliquer les connaissances acquises \u00e0 une performance. Acc\u00e8s \u00e0 la formation Afin de demander \u00e0 rejoindre la formation, veuillez remplir le formulaire. Afin d&rsquo;acqu\u00e9rir ce formulaire, cliquez sur le bouton : \u00ab\u00a0Formulaire de pr\u00e9-inscription\u00ab\u00a0 Ensuite, il vous suffit de joindre la fiche remplie dans le formulaire ci-dessous et de nous l&rsquo;envoyer. Si vous avez des questions, n&rsquo;h\u00e9sitez pas \u00e0 nous les poser en cliquant sur le bouton : \u00ab\u00a0Contact\u00ab\u00a0 Lien vers le formulaire de pr\u00e9-inscription aux formations : Formulaire de pr\u00e9-inscription Page vous permettant de nous contacter : Contact Envoyer la demande de pr\u00e9-inscription Nom Email Formulaire de pr\u00e9-inscription Envoyer<\/p>\n","protected":false},"author":2,"featured_media":0,"parent":0,"menu_order":0,"comment_status":"closed","ping_status":"closed","template":"","meta":{"footnotes":""},"class_list":["post-1602","page","type-page","status-publish","hentry"],"_links":{"self":[{"href":"https:\/\/avenidaconseiletformation.com\/index.php\/wp-json\/wp\/v2\/pages\/1602","targetHints":{"allow":["GET"]}}],"collection":[{"href":"https:\/\/avenidaconseiletformation.com\/index.php\/wp-json\/wp\/v2\/pages"}],"about":[{"href":"https:\/\/avenidaconseiletformation.com\/index.php\/wp-json\/wp\/v2\/types\/page"}],"author":[{"embeddable":true,"href":"https:\/\/avenidaconseiletformation.com\/index.php\/wp-json\/wp\/v2\/users\/2"}],"replies":[{"embeddable":true,"href":"https:\/\/avenidaconseiletformation.com\/index.php\/wp-json\/wp\/v2\/comments?post=1602"}],"version-history":[{"count":40,"href":"https:\/\/avenidaconseiletformation.com\/index.php\/wp-json\/wp\/v2\/pages\/1602\/revisions"}],"predecessor-version":[{"id":2393,"href":"https:\/\/avenidaconseiletformation.com\/index.php\/wp-json\/wp\/v2\/pages\/1602\/revisions\/2393"}],"wp:attachment":[{"href":"https:\/\/avenidaconseiletformation.com\/index.php\/wp-json\/wp\/v2\/media?parent=1602"}],"curies":[{"name":"wp","href":"https:\/\/api.w.org\/{rel}","templated":true}]}}