{"id":1668,"date":"2025-02-17T10:13:54","date_gmt":"2025-02-17T09:13:54","guid":{"rendered":"https:\/\/avenidaconseiletformation.com\/?page_id=1668"},"modified":"2025-06-10T15:21:19","modified_gmt":"2025-06-10T13:21:19","slug":"lecriture-creative","status":"publish","type":"page","link":"https:\/\/avenidaconseiletformation.com\/index.php\/lecriture-creative\/","title":{"rendered":"L&rsquo;\u00e9criture cr\u00e9ative"},"content":{"rendered":"\t\t<div data-elementor-type=\"wp-page\" data-elementor-id=\"1668\" class=\"elementor elementor-1668\">\n\t\t\t\t<div class=\"elementor-element elementor-element-e4b5ff0 e-flex e-con-boxed wpr-particle-no wpr-jarallax-no wpr-parallax-no wpr-sticky-section-no wpr-equal-height-no e-con e-parent\" data-id=\"e4b5ff0\" data-element_type=\"container\" data-e-type=\"container\">\n\t\t\t\t\t<div class=\"e-con-inner\">\n\t\t\t\t<div class=\"elementor-element elementor-element-79f0ebe elementor-widget elementor-widget-heading\" data-id=\"79f0ebe\" data-element_type=\"widget\" data-e-type=\"widget\" data-widget_type=\"heading.default\">\n\t\t\t\t<div class=\"elementor-widget-container\">\n\t\t\t\t\t<h2 class=\"elementor-heading-title elementor-size-default\">L'\u00c9CRITURE CR\u00c9ATIVE<\/h2>\t\t\t\t<\/div>\n\t\t\t\t<\/div>\n\t\t<div class=\"elementor-element elementor-element-1ca5a5b e-con-full e-grid wpr-particle-no wpr-jarallax-no wpr-parallax-no wpr-sticky-section-no wpr-equal-height-no e-con e-child\" data-id=\"1ca5a5b\" data-element_type=\"container\" data-e-type=\"container\">\n\t\t<div class=\"elementor-element elementor-element-6749c089 e-con-full e-flex wpr-particle-no wpr-jarallax-no wpr-parallax-no wpr-sticky-section-no wpr-equal-height-no e-con e-child\" data-id=\"6749c089\" data-element_type=\"container\" data-e-type=\"container\">\n\t\t<div class=\"elementor-element elementor-element-7ae73e99 e-grid e-con-full wpr-particle-no wpr-jarallax-no wpr-parallax-no wpr-sticky-section-no wpr-equal-height-no e-con e-child\" data-id=\"7ae73e99\" data-element_type=\"container\" data-e-type=\"container\">\n\t\t\t\t<div class=\"elementor-element elementor-element-8e54fd9 elementor-widget elementor-widget-text-editor\" data-id=\"8e54fd9\" data-element_type=\"widget\" data-e-type=\"widget\" data-widget_type=\"text-editor.default\">\n\t\t\t\t<div class=\"elementor-widget-container\">\n\t\t\t\t\t\t\t\t\t<h5 style=\"text-align: center;\"><span style=\"color: #2f8aa0;\"><strong>Pr\u00e9requis :<\/strong><\/span><\/h5><p style=\"text-align: center;\"><span style=\"color: #7a7a7a;\">Destin\u00e9 \u00e0 toutes les personnes du monde du spectacle, \u00e0 partir de 4 personnes. Si vous avez des besoins particuliers, contactez-nous via le bouton ci-dessous.<\/span><\/p>\t\t\t\t\t\t\t\t<\/div>\n\t\t\t\t<\/div>\n\t\t\t\t<div class=\"elementor-element elementor-element-645681df elementor-widget elementor-widget-text-editor\" data-id=\"645681df\" data-element_type=\"widget\" data-e-type=\"widget\" data-widget_type=\"text-editor.default\">\n\t\t\t\t<div class=\"elementor-widget-container\">\n\t\t\t\t\t\t\t\t\t<h5 style=\"text-align: center;\"><span style=\"color: #2f8aa0;\"><strong>Tarif :<\/strong><\/span><\/h5><p style=\"text-align: center;\"><span style=\"color: #7a7a7a;\">Inter entreprise : 250 \u20ac<\/span><br \/><span style=\"color: #7a7a7a;\">Intra entreprise : Nous contacter<\/span><br \/><span style=\"color: #7a7a7a;\">Possibilit\u00e9 de financement OPCO<\/span><br \/><span style=\"color: #7a7a7a;\">H\u00e9bergement sur place : 35 \u20ac<\/span><\/p>\t\t\t\t\t\t\t\t<\/div>\n\t\t\t\t<\/div>\n\t\t\t\t<\/div>\n\t\t\t\t<div class=\"elementor-element elementor-element-aa6c094 elementor-widget elementor-widget-text-editor\" data-id=\"aa6c094\" data-element_type=\"widget\" data-e-type=\"widget\" data-widget_type=\"text-editor.default\">\n\t\t\t\t<div class=\"elementor-widget-container\">\n\t\t\t\t\t\t\t\t\t<h5 style=\"text-align: center;\"><span style=\"color: #2f8aa0;\"><strong>Objectifs de la formation :<\/strong><\/span><\/h5><p style=\"text-align: center;\"><span style=\"color: #7a7a7a;\">Comprendre les bases de l&rsquo;\u00e9criture cr\u00e9ative et ses diff\u00e9rentes formes.<\/span><\/p><p style=\"text-align: center;\"><span style=\"color: #7a7a7a;\">Explorer des sources d&rsquo;inspiration pour l&rsquo;\u00e9criture.<\/span><\/p><p style=\"text-align: center;\"><span style=\"color: #7a7a7a;\">Apprendre \u00e0 cr\u00e9er des personnages cr\u00e9dibles et int\u00e9ressants.<\/span><\/p><p style=\"text-align: center;\"><span style=\"color: #7a7a7a;\">Comprendre les \u00e9l\u00e9ments d&rsquo;une intrigue efficace.<\/span><\/p><p style=\"text-align: center;\"><span style=\"color: #7a7a7a;\">Apprendre \u00e0 \u00e9crire des sc\u00e8nes captivantes.<\/span><\/p><p style=\"text-align: center;\"><span style=\"color: #7a7a7a;\">Comprendre l&rsquo;importance de la r\u00e9vision dans le processus d&rsquo;\u00e9criture.<\/span><\/p><p style=\"text-align: center;\"><span style=\"color: #7a7a7a;\">Partager les \u00e9crits et c\u00e9l\u00e9brer le -processus cr\u00e9atif.<\/span><\/p>\t\t\t\t\t\t\t\t<\/div>\n\t\t\t\t<\/div>\n\t\t\t\t<\/div>\n\t\t<div class=\"elementor-element elementor-element-51af4450 e-con-full e-flex wpr-particle-no wpr-jarallax-no wpr-parallax-no wpr-sticky-section-no wpr-equal-height-no e-con e-child\" data-id=\"51af4450\" data-element_type=\"container\" data-e-type=\"container\">\n\t\t\t\t<div class=\"elementor-element elementor-element-74dea45b elementor-widget elementor-widget-image\" data-id=\"74dea45b\" data-element_type=\"widget\" data-e-type=\"widget\" data-widget_type=\"image.default\">\n\t\t\t\t<div class=\"elementor-widget-container\">\n\t\t\t\t\t\t\t\t\t\t\t\t\t\t\t<img fetchpriority=\"high\" decoding=\"async\" width=\"800\" height=\"600\" src=\"https:\/\/avenidaconseiletformation.com\/wp-content\/uploads\/2025\/02\/ecriture-crerative2.png\" class=\"attachment-large size-large wp-image-1678\" alt=\"\" srcset=\"https:\/\/avenidaconseiletformation.com\/wp-content\/uploads\/2025\/02\/ecriture-crerative2.png 1024w, https:\/\/avenidaconseiletformation.com\/wp-content\/uploads\/2025\/02\/ecriture-crerative2-300x225.png 300w, https:\/\/avenidaconseiletformation.com\/wp-content\/uploads\/2025\/02\/ecriture-crerative2-768x576.png 768w\" sizes=\"(max-width: 800px) 100vw, 800px\" \/>\t\t\t\t\t\t\t\t\t\t\t\t\t\t\t<\/div>\n\t\t\t\t<\/div>\n\t\t\t\t<\/div>\n\t\t\t\t<\/div>\n\t\t\t\t<div class=\"elementor-element elementor-element-9f27a6a elementor-widget elementor-widget-heading\" data-id=\"9f27a6a\" data-element_type=\"widget\" data-e-type=\"widget\" data-widget_type=\"heading.default\">\n\t\t\t\t<div class=\"elementor-widget-container\">\n\t\t\t\t\t<h2 class=\"elementor-heading-title elementor-size-default\">Acc\u00e8s \u00e0 la formation<\/h2>\t\t\t\t<\/div>\n\t\t\t\t<\/div>\n\t\t\t\t\t<\/div>\n\t\t\t\t<\/div>\n\t\t<div class=\"elementor-element elementor-element-2e8665ac e-flex e-con-boxed wpr-particle-no wpr-jarallax-no wpr-parallax-no wpr-sticky-section-no wpr-equal-height-no e-con e-parent\" data-id=\"2e8665ac\" data-element_type=\"container\" data-e-type=\"container\">\n\t\t\t\t\t<div class=\"e-con-inner\">\n\t\t<div class=\"elementor-element elementor-element-5c911398 e-con-full e-flex wpr-particle-no wpr-jarallax-no wpr-parallax-no wpr-sticky-section-no wpr-equal-height-no e-con e-child\" data-id=\"5c911398\" data-element_type=\"container\" data-e-type=\"container\">\n\t\t\t\t<div class=\"elementor-element elementor-element-72a3e447 elementor-widget elementor-widget-text-editor\" data-id=\"72a3e447\" data-element_type=\"widget\" data-e-type=\"widget\" data-widget_type=\"text-editor.default\">\n\t\t\t\t<div class=\"elementor-widget-container\">\n\t\t\t\t\t\t\t\t\t<p>Afin de demander \u00e0 rejoindre la formation, veuillez remplir le formulaire. Afin d&rsquo;acqu\u00e9rir ce formulaire, cliquez sur le bouton :<\/p><p style=\"text-align: center;\">\u00ab\u00a0<strong>Formulaire de pr\u00e9-inscription<\/strong>\u00ab\u00a0<\/p><p>Ensuite, il vous suffit de joindre la fiche remplie dans le formulaire ci-dessous et de nous l&rsquo;envoyer.<\/p><p>Si vous avez des questions, n&rsquo;h\u00e9sitez pas \u00e0 nous les poser en cliquant sur le bouton :<\/p><p style=\"text-align: center;\">\u00ab\u00a0<strong>Contact<\/strong>\u00ab\u00a0<\/p>\t\t\t\t\t\t\t\t<\/div>\n\t\t\t\t<\/div>\n\t\t\t\t<\/div>\n\t\t<div class=\"elementor-element elementor-element-46f30569 e-con-full e-flex wpr-particle-no wpr-jarallax-no wpr-parallax-no wpr-sticky-section-no wpr-equal-height-no e-con e-child\" data-id=\"46f30569\" data-element_type=\"container\" data-e-type=\"container\">\n\t\t\t\t<div class=\"elementor-element elementor-element-cb35e93 elementor-widget elementor-widget-text-editor\" data-id=\"cb35e93\" data-element_type=\"widget\" data-e-type=\"widget\" data-widget_type=\"text-editor.default\">\n\t\t\t\t<div class=\"elementor-widget-container\">\n\t\t\t\t\t\t\t\t\t<p style=\"text-align: center;\"><strong>Lien vers le formulaire de pr\u00e9-inscription aux formations :<\/strong><\/p>\t\t\t\t\t\t\t\t<\/div>\n\t\t\t\t<\/div>\n\t\t\t\t<div class=\"elementor-element elementor-element-7e241ea9 elementor-align-justify elementor-widget elementor-widget-button\" data-id=\"7e241ea9\" data-element_type=\"widget\" data-e-type=\"widget\" data-widget_type=\"button.default\">\n\t\t\t\t<div class=\"elementor-widget-container\">\n\t\t\t\t\t\t\t\t\t<div class=\"elementor-button-wrapper\">\n\t\t\t\t\t<a class=\"elementor-button elementor-button-link elementor-size-sm\" href=\"http:\/\/avenidaconseiletformation.com\/wp-content\/uploads\/2025\/06\/Fiche-pre-inscription.pdf\" target=\"_blank\">\n\t\t\t\t\t\t<span class=\"elementor-button-content-wrapper\">\n\t\t\t\t\t\t\t\t\t<span class=\"elementor-button-text\">Formulaire de pr\u00e9-inscription<\/span>\n\t\t\t\t\t<\/span>\n\t\t\t\t\t<\/a>\n\t\t\t\t<\/div>\n\t\t\t\t\t\t\t\t<\/div>\n\t\t\t\t<\/div>\n\t\t\t\t<div class=\"elementor-element elementor-element-70a5c268 elementor-widget elementor-widget-text-editor\" data-id=\"70a5c268\" data-element_type=\"widget\" data-e-type=\"widget\" data-widget_type=\"text-editor.default\">\n\t\t\t\t<div class=\"elementor-widget-container\">\n\t\t\t\t\t\t\t\t\t<p style=\"text-align: center;\"><strong>Page vous permettant de nous contacter :<\/strong><\/p>\t\t\t\t\t\t\t\t<\/div>\n\t\t\t\t<\/div>\n\t\t\t\t<div class=\"elementor-element elementor-element-e907465 elementor-align-justify elementor-widget elementor-widget-button\" data-id=\"e907465\" data-element_type=\"widget\" data-e-type=\"widget\" data-widget_type=\"button.default\">\n\t\t\t\t<div class=\"elementor-widget-container\">\n\t\t\t\t\t\t\t\t\t<div class=\"elementor-button-wrapper\">\n\t\t\t\t\t<a class=\"elementor-button elementor-button-link elementor-size-sm\" href=\"https:\/\/avenidaconseiletformation.com\/index.php\/contact#idContact\">\n\t\t\t\t\t\t<span class=\"elementor-button-content-wrapper\">\n\t\t\t\t\t\t\t\t\t<span class=\"elementor-button-text\">Contact<\/span>\n\t\t\t\t\t<\/span>\n\t\t\t\t\t<\/a>\n\t\t\t\t<\/div>\n\t\t\t\t\t\t\t\t<\/div>\n\t\t\t\t<\/div>\n\t\t\t\t<\/div>\n\t\t\t\t\t<\/div>\n\t\t\t\t<\/div>\n\t\t<div class=\"elementor-element elementor-element-655dbdbe e-flex e-con-boxed wpr-particle-no wpr-jarallax-no wpr-parallax-no wpr-sticky-section-no wpr-equal-height-no e-con e-parent\" data-id=\"655dbdbe\" data-element_type=\"container\" data-e-type=\"container\">\n\t\t\t\t\t<div class=\"e-con-inner\">\n\t\t\t\t<div class=\"elementor-element elementor-element-573b73cb elementor-widget elementor-widget-heading\" data-id=\"573b73cb\" data-element_type=\"widget\" data-e-type=\"widget\" data-widget_type=\"heading.default\">\n\t\t\t\t<div class=\"elementor-widget-container\">\n\t\t\t\t\t<h2 class=\"elementor-heading-title elementor-size-default\">Envoyer la demande de pr\u00e9-inscription<\/h2>\t\t\t\t<\/div>\n\t\t\t\t<\/div>\n\t\t\t\t<div class=\"elementor-element elementor-element-75c2d3df wpr-step-type-number_text wpr-step-content-layout-vertical wpr-custom-styles-yes elementor-widget elementor-widget-wpr-form-builder\" data-id=\"75c2d3df\" data-element_type=\"widget\" data-e-type=\"widget\" data-settings=\"{&quot;success_message&quot;:&quot;Submission successful&quot;,&quot;error_message&quot;:&quot;Submission failed&quot;,&quot;button_width&quot;:{&quot;unit&quot;:&quot;%&quot;,&quot;size&quot;:100,&quot;sizes&quot;:[]},&quot;button_width_tablet&quot;:{&quot;unit&quot;:&quot;px&quot;,&quot;size&quot;:&quot;&quot;,&quot;sizes&quot;:[]},&quot;button_width_mobile&quot;:{&quot;unit&quot;:&quot;px&quot;,&quot;size&quot;:&quot;&quot;,&quot;sizes&quot;:[]},&quot;step_type&quot;:&quot;number_text&quot;,&quot;step_content_layout&quot;:&quot;vertical&quot;}\" data-widget_type=\"wpr-form-builder.default\">\n\t\t\t\t<div class=\"elementor-widget-container\">\n\t\t\t\t\t\t\t<form class=\"wpr-form\" method=\"post\" name=\"New Form\" page=\"L&#039;\u00e9criture cr\u00e9ative\" page_id=\"1668\" novalidate>\n\t\t\t<input type=\"hidden\" name=\"post_id\" value=\"1668\"\/>\n\t\t\t<input type=\"hidden\" name=\"form_id\" value=\"75c2d3df\"\/>\n\t\t\t<input type=\"hidden\" name=\"referer_title\" value=\"\" \/>\n\n\t\t\t<div class=\"wpr-step-wrap\"><\/div>\n\t\t\t<div class=\"wpr-form-fields-wrap wpr-labels-above\">\n\t\t\t\t\t\t\t\t\t<div class=\"wpr-form-field-type-text wpr-field-group wpr-column wpr-field-group-nom elementor-repeater-item-0631b06\">\n\t\t\t\t\t\t\t\t\t\t\t\t\t\t<label for=\"form-field-nom\" class=\"wpr-form-field-label\" data-alt-label=\"Nom\">\n\t\t\t\t\t\t\t\t\tNom\t\t\t\t\t\t\t\t<\/label>\n\t\t\t\t\t\t\t<input size=\"1 \"type=\"text\" name=\"form_fields[nom]\" id=\"form-field-nom\" class=\"wpr-form-field  wpr-form-field-textual\" placeholder=\"Nom\">\t\t\t\t\t<\/div>\n\t\t\t\t\t\t\t\t\t<div class=\"wpr-form-field-type-email wpr-field-group wpr-column wpr-field-group-email elementor-repeater-item-17c8eea wpr-form-field-required\">\n\t\t\t\t\t\t\t\t\t\t\t\t\t\t<label for=\"form-field-email\" class=\"wpr-form-field-label\" data-alt-label=\"Email\">\n\t\t\t\t\t\t\t\t\tEmail\t\t\t\t\t\t\t\t<\/label>\n\t\t\t\t\t\t\t<input size=\"1 \"type=\"email\" name=\"form_fields[email]\" id=\"form-field-email\" class=\"wpr-form-field  wpr-form-field-textual\" placeholder=\"Email\" required=\"required\" aria-required=\"true\">\t\t\t\t\t<\/div>\n\t\t\t\t\t\t\t\t\t<div class=\"wpr-form-field-type-upload wpr-field-group wpr-column wpr-field-group-formulaire elementor-repeater-item-a72c1d6 wpr-form-field-required\">\n\t\t\t\t\t\t\t\t\t\t\t\t\t\t<label for=\"form-field-formulaire\" class=\"wpr-form-field-label\" data-alt-label=\"Formulaire de pr\u00e9-inscription\">\n\t\t\t\t\t\t\t\t\tFormulaire de pr\u00e9-inscription\t\t\t\t\t\t\t\t<\/label>\n\t\t\t\t\t\t\t<input size=\"1 \"type=\"file\" name=\"form_fields[formulaire]\" id=\"form-field-formulaire\" class=\"wpr-form-field \" required=\"required\" aria-required=\"true\" data-allft=\"pdf\">\t\t\t\t\t<\/div>\n\t\t\t\t<div class=\"wpr-field-group wpr-stp-btns-wrap wpr-column wpr-form-field-type-submit\" data-actions=\"[&quot;email&quot;]\" data-redirect-url=\"\" data-mailchimp-fields=\"{&quot;email_field&quot;:&quot;&quot;,&quot;first_name_field&quot;:&quot;&quot;,&quot;last_name_field&quot;:&quot;&quot;,&quot;address_field&quot;:&quot;&quot;,&quot;phone_field&quot;:&quot;&quot;,&quot;birthday_field&quot;:&quot;&quot;,&quot;group_id&quot;:&quot;&quot;}\" data-list-id=\"\">\t\t\t<button type=\"submit\" class=\"wpr-button\">\n\t\t\t\t<span >\n\t\t\t\t\t\t\t\t\t\t\t\t\t\t\t\t<span>Envoyer<\/span>\n\t\t\t\t\t\t\t\t\t\t\t\t\t\t<\/span>\t\n\t\t\t\t<div class=\"wpr-double-bounce wpr-loader-hidden\">\n\t\t\t\t\t<div class=\"wpr-child wpr-double-bounce1\"><\/div>\n\t\t\t\t\t<div class=\"wpr-child wpr-double-bounce2\"><\/div>\n\t\t\t\t<\/div>\n\t\t\t<\/button>\n\t\t<\/div>\t\t\t\t\n\t\t\t<\/div>\n\t\t<\/form>\n\t  \t\t\t\t<\/div>\n\t\t\t\t<\/div>\n\t\t\t\t\t<\/div>\n\t\t\t\t<\/div>\n\t\t\t\t<\/div>\n\t\t","protected":false},"excerpt":{"rendered":"<p>L&rsquo;\u00c9CRITURE CR\u00c9ATIVE Pr\u00e9requis : Destin\u00e9 \u00e0 toutes les personnes du monde du spectacle, \u00e0 partir de 4 personnes. Si vous avez des besoins particuliers, contactez-nous via le bouton ci-dessous. Tarif : Inter entreprise : 250 \u20acIntra entreprise : Nous contacterPossibilit\u00e9 de financement OPCOH\u00e9bergement sur place : 35 \u20ac Objectifs de la formation : Comprendre les bases de l&rsquo;\u00e9criture cr\u00e9ative et ses diff\u00e9rentes formes. Explorer des sources d&rsquo;inspiration pour l&rsquo;\u00e9criture. Apprendre \u00e0 cr\u00e9er des personnages cr\u00e9dibles et int\u00e9ressants. Comprendre les \u00e9l\u00e9ments d&rsquo;une intrigue efficace. Apprendre \u00e0 \u00e9crire des sc\u00e8nes captivantes. Comprendre l&rsquo;importance de la r\u00e9vision dans le processus d&rsquo;\u00e9criture. Partager les \u00e9crits et c\u00e9l\u00e9brer le -processus cr\u00e9atif. Acc\u00e8s \u00e0 la formation Afin de demander \u00e0 rejoindre la formation, veuillez remplir le formulaire. Afin d&rsquo;acqu\u00e9rir ce formulaire, cliquez sur le bouton : \u00ab\u00a0Formulaire de pr\u00e9-inscription\u00ab\u00a0 Ensuite, il vous suffit de joindre la fiche remplie dans le formulaire ci-dessous et de nous l&rsquo;envoyer. Si vous avez des questions, n&rsquo;h\u00e9sitez pas \u00e0 nous les poser en cliquant sur le bouton : \u00ab\u00a0Contact\u00ab\u00a0 Lien vers le formulaire de pr\u00e9-inscription aux formations : Formulaire de pr\u00e9-inscription Page vous permettant de nous contacter : Contact Envoyer la demande de pr\u00e9-inscription Nom Email Formulaire de pr\u00e9-inscription Envoyer<\/p>\n","protected":false},"author":2,"featured_media":0,"parent":0,"menu_order":0,"comment_status":"closed","ping_status":"closed","template":"","meta":{"footnotes":""},"class_list":["post-1668","page","type-page","status-publish","hentry"],"_links":{"self":[{"href":"https:\/\/avenidaconseiletformation.com\/index.php\/wp-json\/wp\/v2\/pages\/1668","targetHints":{"allow":["GET"]}}],"collection":[{"href":"https:\/\/avenidaconseiletformation.com\/index.php\/wp-json\/wp\/v2\/pages"}],"about":[{"href":"https:\/\/avenidaconseiletformation.com\/index.php\/wp-json\/wp\/v2\/types\/page"}],"author":[{"embeddable":true,"href":"https:\/\/avenidaconseiletformation.com\/index.php\/wp-json\/wp\/v2\/users\/2"}],"replies":[{"embeddable":true,"href":"https:\/\/avenidaconseiletformation.com\/index.php\/wp-json\/wp\/v2\/comments?post=1668"}],"version-history":[{"count":25,"href":"https:\/\/avenidaconseiletformation.com\/index.php\/wp-json\/wp\/v2\/pages\/1668\/revisions"}],"predecessor-version":[{"id":2413,"href":"https:\/\/avenidaconseiletformation.com\/index.php\/wp-json\/wp\/v2\/pages\/1668\/revisions\/2413"}],"wp:attachment":[{"href":"https:\/\/avenidaconseiletformation.com\/index.php\/wp-json\/wp\/v2\/media?parent=1668"}],"curies":[{"name":"wp","href":"https:\/\/api.w.org\/{rel}","templated":true}]}}