{"id":1701,"date":"2025-02-17T11:11:50","date_gmt":"2025-02-17T10:11:50","guid":{"rendered":"https:\/\/avenidaconseiletformation.com\/?page_id=1701"},"modified":"2025-06-10T15:44:37","modified_gmt":"2025-06-10T13:44:37","slug":"ameliorer-mon-jeu-dacteur","status":"publish","type":"page","link":"https:\/\/avenidaconseiletformation.com\/index.php\/ameliorer-mon-jeu-dacteur\/","title":{"rendered":"Am\u00e9liorer mon jeu d&rsquo;acteur"},"content":{"rendered":"\t\t<div data-elementor-type=\"wp-page\" data-elementor-id=\"1701\" class=\"elementor elementor-1701\">\n\t\t\t\t<div class=\"elementor-element elementor-element-dbe5d38 e-flex e-con-boxed wpr-particle-no wpr-jarallax-no wpr-parallax-no wpr-sticky-section-no wpr-equal-height-no e-con e-parent\" data-id=\"dbe5d38\" data-element_type=\"container\" data-e-type=\"container\">\n\t\t\t\t\t<div class=\"e-con-inner\">\n\t\t\t\t<div class=\"elementor-element elementor-element-3fe218c elementor-widget elementor-widget-heading\" data-id=\"3fe218c\" data-element_type=\"widget\" data-e-type=\"widget\" data-widget_type=\"heading.default\">\n\t\t\t\t<div class=\"elementor-widget-container\">\n\t\t\t\t\t<h2 class=\"elementor-heading-title elementor-size-default\">AM\u00c9LIORER MON JEU D'ACTEUR<\/h2>\t\t\t\t<\/div>\n\t\t\t\t<\/div>\n\t\t<div class=\"elementor-element elementor-element-d6dd030 e-con-full e-grid wpr-particle-no wpr-jarallax-no wpr-parallax-no wpr-sticky-section-no wpr-equal-height-no e-con e-child\" data-id=\"d6dd030\" data-element_type=\"container\" data-e-type=\"container\">\n\t\t<div class=\"elementor-element elementor-element-415111e9 e-con-full e-flex wpr-particle-no wpr-jarallax-no wpr-parallax-no wpr-sticky-section-no wpr-equal-height-no e-con e-child\" data-id=\"415111e9\" data-element_type=\"container\" data-e-type=\"container\">\n\t\t<div class=\"elementor-element elementor-element-5b4631cf e-grid e-con-full wpr-particle-no wpr-jarallax-no wpr-parallax-no wpr-sticky-section-no wpr-equal-height-no e-con e-child\" data-id=\"5b4631cf\" data-element_type=\"container\" data-e-type=\"container\">\n\t\t\t\t<div class=\"elementor-element elementor-element-d978cd8 elementor-widget elementor-widget-text-editor\" data-id=\"d978cd8\" data-element_type=\"widget\" data-e-type=\"widget\" data-widget_type=\"text-editor.default\">\n\t\t\t\t<div class=\"elementor-widget-container\">\n\t\t\t\t\t\t\t\t\t<h5 style=\"text-align: center;\"><span style=\"color: #2f8aa0;\"><strong>Pr\u00e9requis :<\/strong><\/span><\/h5><p style=\"text-align: center;\"><span style=\"color: #7a7a7a;\">Destin\u00e9 \u00e0 toutes les personnes du monde du spectacle, \u00e0 partir de 4 personnes. Si vous avez des besoins particuliers, contactez-nous via le bouton ci-dessous.<\/span><\/p>\t\t\t\t\t\t\t\t<\/div>\n\t\t\t\t<\/div>\n\t\t\t\t<div class=\"elementor-element elementor-element-2e80c7ba elementor-widget elementor-widget-text-editor\" data-id=\"2e80c7ba\" data-element_type=\"widget\" data-e-type=\"widget\" data-widget_type=\"text-editor.default\">\n\t\t\t\t<div class=\"elementor-widget-container\">\n\t\t\t\t\t\t\t\t\t<h5 style=\"text-align: center;\"><span style=\"color: #2f8aa0;\"><strong>Tarif :<\/strong><\/span><\/h5><p style=\"text-align: center;\"><span style=\"color: #7a7a7a;\">Inter entreprise : 250 \u20ac<\/span><br \/><span style=\"color: #7a7a7a;\">Intra entreprise : Nous contacter<\/span><br \/><span style=\"color: #7a7a7a;\">Possibilit\u00e9 de financement OPCO<\/span><br \/><span style=\"color: #7a7a7a;\">H\u00e9bergement sur place : 35 \u20ac<\/span><\/p>\t\t\t\t\t\t\t\t<\/div>\n\t\t\t\t<\/div>\n\t\t\t\t<\/div>\n\t\t\t\t<div class=\"elementor-element elementor-element-6a37aa71 elementor-widget elementor-widget-text-editor\" data-id=\"6a37aa71\" data-element_type=\"widget\" data-e-type=\"widget\" data-widget_type=\"text-editor.default\">\n\t\t\t\t<div class=\"elementor-widget-container\">\n\t\t\t\t\t\t\t\t\t<h5 style=\"text-align: center;\"><span style=\"color: #2f8aa0;\"><strong>Objectifs de la formation :<\/strong><\/span><\/h5><p style=\"text-align: center;\"><span style=\"color: #7a7a7a;\">D\u00e9velopper les comp\u00e9tences techniques et expressives n\u00e9cessaires pour incarner des personnages de mani\u00e8re authentique et convaincante.<\/span><\/p><p style=\"text-align: center;\"><span style=\"color: #7a7a7a;\">Ma\u00eetriser les techniques de base du jeu d&rsquo;acteur.<\/span><\/p><p style=\"text-align: center;\"><span style=\"color: #7a7a7a;\">D\u00e9velopper la conscience corporelle et vocale.<\/span><\/p><p style=\"text-align: center;\"><span style=\"color: #7a7a7a;\">Renforcer la confiance en soi sur sc\u00e8ne.<\/span><\/p><p style=\"text-align: center;\"><span style=\"color: #7a7a7a;\">Am\u00e9liorer la capacit\u00e9 \u00e0 capter et maintenir l&rsquo;attention du public.<\/span><br \/><span style=\"color: #7a7a7a;\">Approfondir la compr\u00e9hension et l&rsquo;expression des \u00e9motions.<\/span><\/p><p style=\"text-align: center;\"><span style=\"color: #7a7a7a;\">D\u00e9velopper la capacit\u00e9 \u00e0 acc\u00e9der \u00e0 des \u00e9tats \u00e9motionnels vari\u00e9s.<\/span><\/p><p style=\"text-align: center;\"><span style=\"color: #7a7a7a;\">Apprendre \u00e0 construire des personnages complexes et cr\u00e9dibles.<\/span><\/p><p style=\"text-align: center;\"><span style=\"color: #7a7a7a;\">D\u00e9velopper la capacit\u00e9 \u00e0 s&rsquo;immerger dans un r\u00f4le.\u00a0\u00a0\u00a0\u00a0\u00a0\u00a0\u00a0\u00a0\u00a0\u00a0<\/span><\/p>\t\t\t\t\t\t\t\t<\/div>\n\t\t\t\t<\/div>\n\t\t\t\t<\/div>\n\t\t<div class=\"elementor-element elementor-element-216c5b3f e-con-full e-flex wpr-particle-no wpr-jarallax-no wpr-parallax-no wpr-sticky-section-no wpr-equal-height-no e-con e-child\" data-id=\"216c5b3f\" data-element_type=\"container\" data-e-type=\"container\">\n\t\t\t\t<div class=\"elementor-element elementor-element-269fc189 elementor-widget elementor-widget-image\" data-id=\"269fc189\" data-element_type=\"widget\" data-e-type=\"widget\" data-widget_type=\"image.default\">\n\t\t\t\t<div class=\"elementor-widget-container\">\n\t\t\t\t\t\t\t\t\t\t\t\t\t\t\t<img fetchpriority=\"high\" decoding=\"async\" width=\"800\" height=\"600\" src=\"https:\/\/avenidaconseiletformation.com\/wp-content\/uploads\/2025\/02\/jeu-dacteur1.png\" class=\"attachment-large size-large wp-image-1708\" alt=\"\" srcset=\"https:\/\/avenidaconseiletformation.com\/wp-content\/uploads\/2025\/02\/jeu-dacteur1.png 1024w, https:\/\/avenidaconseiletformation.com\/wp-content\/uploads\/2025\/02\/jeu-dacteur1-300x225.png 300w, https:\/\/avenidaconseiletformation.com\/wp-content\/uploads\/2025\/02\/jeu-dacteur1-768x576.png 768w\" sizes=\"(max-width: 800px) 100vw, 800px\" \/>\t\t\t\t\t\t\t\t\t\t\t\t\t\t\t<\/div>\n\t\t\t\t<\/div>\n\t\t\t\t<\/div>\n\t\t\t\t<\/div>\n\t\t\t\t<div class=\"elementor-element elementor-element-ed1c895 elementor-widget elementor-widget-heading\" data-id=\"ed1c895\" data-element_type=\"widget\" data-e-type=\"widget\" data-widget_type=\"heading.default\">\n\t\t\t\t<div class=\"elementor-widget-container\">\n\t\t\t\t\t<h2 class=\"elementor-heading-title elementor-size-default\">Acc\u00e8s \u00e0 la formation<\/h2>\t\t\t\t<\/div>\n\t\t\t\t<\/div>\n\t\t\t\t\t<\/div>\n\t\t\t\t<\/div>\n\t\t<div class=\"elementor-element elementor-element-1634a6cd e-flex e-con-boxed wpr-particle-no wpr-jarallax-no wpr-parallax-no wpr-sticky-section-no wpr-equal-height-no e-con e-parent\" data-id=\"1634a6cd\" data-element_type=\"container\" data-e-type=\"container\">\n\t\t\t\t\t<div class=\"e-con-inner\">\n\t\t<div class=\"elementor-element elementor-element-17dcfb5f e-con-full e-flex wpr-particle-no wpr-jarallax-no wpr-parallax-no wpr-sticky-section-no wpr-equal-height-no e-con e-child\" data-id=\"17dcfb5f\" data-element_type=\"container\" data-e-type=\"container\">\n\t\t\t\t<div class=\"elementor-element elementor-element-584f8b1f elementor-widget elementor-widget-text-editor\" data-id=\"584f8b1f\" data-element_type=\"widget\" data-e-type=\"widget\" data-widget_type=\"text-editor.default\">\n\t\t\t\t<div class=\"elementor-widget-container\">\n\t\t\t\t\t\t\t\t\t<p>Afin de demander \u00e0 rejoindre la formation, veuillez remplir le formulaire. Afin d&rsquo;acqu\u00e9rir ce formulaire, cliquez sur le bouton :<\/p><p style=\"text-align: center;\">\u00ab\u00a0<strong>Formulaire de pr\u00e9-inscription<\/strong>\u00ab\u00a0<\/p><p>Ensuite, il vous suffit de joindre la fiche remplie dans le formulaire ci-dessous et de nous l&rsquo;envoyer.<\/p><p>Si vous avez des questions, n&rsquo;h\u00e9sitez pas \u00e0 nous les poser en cliquant sur le bouton :<\/p><p style=\"text-align: center;\">\u00ab\u00a0<strong>Contact<\/strong>\u00ab\u00a0<\/p>\t\t\t\t\t\t\t\t<\/div>\n\t\t\t\t<\/div>\n\t\t\t\t<\/div>\n\t\t<div class=\"elementor-element elementor-element-135e287c e-con-full e-flex wpr-particle-no wpr-jarallax-no wpr-parallax-no wpr-sticky-section-no wpr-equal-height-no e-con e-child\" data-id=\"135e287c\" data-element_type=\"container\" data-e-type=\"container\">\n\t\t\t\t<div class=\"elementor-element elementor-element-3878f1ac elementor-widget elementor-widget-text-editor\" data-id=\"3878f1ac\" data-element_type=\"widget\" data-e-type=\"widget\" data-widget_type=\"text-editor.default\">\n\t\t\t\t<div class=\"elementor-widget-container\">\n\t\t\t\t\t\t\t\t\t<p style=\"text-align: center;\"><strong>Lien vers le formulaire de pr\u00e9-inscription aux formations :<\/strong><\/p>\t\t\t\t\t\t\t\t<\/div>\n\t\t\t\t<\/div>\n\t\t\t\t<div class=\"elementor-element elementor-element-2b61cfc elementor-align-justify elementor-widget elementor-widget-button\" data-id=\"2b61cfc\" data-element_type=\"widget\" data-e-type=\"widget\" data-widget_type=\"button.default\">\n\t\t\t\t<div class=\"elementor-widget-container\">\n\t\t\t\t\t\t\t\t\t<div class=\"elementor-button-wrapper\">\n\t\t\t\t\t<a class=\"elementor-button elementor-button-link elementor-size-sm\" href=\"http:\/\/avenidaconseiletformation.com\/wp-content\/uploads\/2025\/06\/Fiche-pre-inscription.pdf\" target=\"_blank\">\n\t\t\t\t\t\t<span class=\"elementor-button-content-wrapper\">\n\t\t\t\t\t\t\t\t\t<span class=\"elementor-button-text\">Formulaire de pr\u00e9-inscription<\/span>\n\t\t\t\t\t<\/span>\n\t\t\t\t\t<\/a>\n\t\t\t\t<\/div>\n\t\t\t\t\t\t\t\t<\/div>\n\t\t\t\t<\/div>\n\t\t\t\t<div class=\"elementor-element elementor-element-4593b2e elementor-widget elementor-widget-text-editor\" data-id=\"4593b2e\" data-element_type=\"widget\" data-e-type=\"widget\" data-widget_type=\"text-editor.default\">\n\t\t\t\t<div class=\"elementor-widget-container\">\n\t\t\t\t\t\t\t\t\t<p style=\"text-align: center;\"><strong>Page vous permettant de nous contacter :<\/strong><\/p>\t\t\t\t\t\t\t\t<\/div>\n\t\t\t\t<\/div>\n\t\t\t\t<div class=\"elementor-element elementor-element-1a31cebf elementor-align-justify elementor-widget elementor-widget-button\" data-id=\"1a31cebf\" data-element_type=\"widget\" data-e-type=\"widget\" data-widget_type=\"button.default\">\n\t\t\t\t<div class=\"elementor-widget-container\">\n\t\t\t\t\t\t\t\t\t<div class=\"elementor-button-wrapper\">\n\t\t\t\t\t<a class=\"elementor-button elementor-button-link elementor-size-sm\" href=\"https:\/\/avenidaconseiletformation.com\/index.php\/contact#idContact\">\n\t\t\t\t\t\t<span class=\"elementor-button-content-wrapper\">\n\t\t\t\t\t\t\t\t\t<span class=\"elementor-button-text\">Contact<\/span>\n\t\t\t\t\t<\/span>\n\t\t\t\t\t<\/a>\n\t\t\t\t<\/div>\n\t\t\t\t\t\t\t\t<\/div>\n\t\t\t\t<\/div>\n\t\t\t\t<\/div>\n\t\t\t\t\t<\/div>\n\t\t\t\t<\/div>\n\t\t<div class=\"elementor-element elementor-element-786a5206 e-flex e-con-boxed wpr-particle-no wpr-jarallax-no wpr-parallax-no wpr-sticky-section-no wpr-equal-height-no e-con e-parent\" data-id=\"786a5206\" data-element_type=\"container\" data-e-type=\"container\">\n\t\t\t\t\t<div class=\"e-con-inner\">\n\t\t\t\t<div class=\"elementor-element elementor-element-224789da elementor-widget elementor-widget-heading\" data-id=\"224789da\" data-element_type=\"widget\" data-e-type=\"widget\" data-widget_type=\"heading.default\">\n\t\t\t\t<div class=\"elementor-widget-container\">\n\t\t\t\t\t<h2 class=\"elementor-heading-title elementor-size-default\">Envoyer la demande de pr\u00e9-inscription<\/h2>\t\t\t\t<\/div>\n\t\t\t\t<\/div>\n\t\t\t\t<div class=\"elementor-element elementor-element-6124b0f8 wpr-step-type-number_text wpr-step-content-layout-vertical wpr-custom-styles-yes elementor-widget elementor-widget-wpr-form-builder\" data-id=\"6124b0f8\" data-element_type=\"widget\" data-e-type=\"widget\" data-settings=\"{&quot;success_message&quot;:&quot;Submission successful&quot;,&quot;error_message&quot;:&quot;Submission failed&quot;,&quot;button_width&quot;:{&quot;unit&quot;:&quot;%&quot;,&quot;size&quot;:100,&quot;sizes&quot;:[]},&quot;button_width_tablet&quot;:{&quot;unit&quot;:&quot;px&quot;,&quot;size&quot;:&quot;&quot;,&quot;sizes&quot;:[]},&quot;button_width_mobile&quot;:{&quot;unit&quot;:&quot;px&quot;,&quot;size&quot;:&quot;&quot;,&quot;sizes&quot;:[]},&quot;step_type&quot;:&quot;number_text&quot;,&quot;step_content_layout&quot;:&quot;vertical&quot;}\" data-widget_type=\"wpr-form-builder.default\">\n\t\t\t\t<div class=\"elementor-widget-container\">\n\t\t\t\t\t\t\t<form class=\"wpr-form\" method=\"post\" name=\"New Form\" page=\"Am\u00e9liorer mon jeu d&#039;acteur\" page_id=\"1701\" novalidate>\n\t\t\t<input type=\"hidden\" name=\"post_id\" value=\"1701\"\/>\n\t\t\t<input type=\"hidden\" name=\"form_id\" value=\"6124b0f8\"\/>\n\t\t\t<input type=\"hidden\" name=\"referer_title\" value=\"\" \/>\n\n\t\t\t<div class=\"wpr-step-wrap\"><\/div>\n\t\t\t<div class=\"wpr-form-fields-wrap wpr-labels-above\">\n\t\t\t\t\t\t\t\t\t<div class=\"wpr-form-field-type-text wpr-field-group wpr-column wpr-field-group-nom elementor-repeater-item-0631b06\">\n\t\t\t\t\t\t\t\t\t\t\t\t\t\t<label for=\"form-field-nom\" class=\"wpr-form-field-label\" data-alt-label=\"Nom\">\n\t\t\t\t\t\t\t\t\tNom\t\t\t\t\t\t\t\t<\/label>\n\t\t\t\t\t\t\t<input size=\"1 \"type=\"text\" name=\"form_fields[nom]\" id=\"form-field-nom\" class=\"wpr-form-field  wpr-form-field-textual\" placeholder=\"Nom\">\t\t\t\t\t<\/div>\n\t\t\t\t\t\t\t\t\t<div class=\"wpr-form-field-type-email wpr-field-group wpr-column wpr-field-group-email elementor-repeater-item-17c8eea wpr-form-field-required\">\n\t\t\t\t\t\t\t\t\t\t\t\t\t\t<label for=\"form-field-email\" class=\"wpr-form-field-label\" data-alt-label=\"Email\">\n\t\t\t\t\t\t\t\t\tEmail\t\t\t\t\t\t\t\t<\/label>\n\t\t\t\t\t\t\t<input size=\"1 \"type=\"email\" name=\"form_fields[email]\" id=\"form-field-email\" class=\"wpr-form-field  wpr-form-field-textual\" placeholder=\"Email\" required=\"required\" aria-required=\"true\">\t\t\t\t\t<\/div>\n\t\t\t\t\t\t\t\t\t<div class=\"wpr-form-field-type-upload wpr-field-group wpr-column wpr-field-group-formulaire elementor-repeater-item-a72c1d6 wpr-form-field-required\">\n\t\t\t\t\t\t\t\t\t\t\t\t\t\t<label for=\"form-field-formulaire\" class=\"wpr-form-field-label\" data-alt-label=\"Formulaire de pr\u00e9-inscription\">\n\t\t\t\t\t\t\t\t\tFormulaire de pr\u00e9-inscription\t\t\t\t\t\t\t\t<\/label>\n\t\t\t\t\t\t\t<input size=\"1 \"type=\"file\" name=\"form_fields[formulaire]\" id=\"form-field-formulaire\" class=\"wpr-form-field \" required=\"required\" aria-required=\"true\" data-allft=\"pdf\">\t\t\t\t\t<\/div>\n\t\t\t\t<div class=\"wpr-field-group wpr-stp-btns-wrap wpr-column wpr-form-field-type-submit\" data-actions=\"[&quot;email&quot;]\" data-redirect-url=\"\" data-mailchimp-fields=\"{&quot;email_field&quot;:&quot;&quot;,&quot;first_name_field&quot;:&quot;&quot;,&quot;last_name_field&quot;:&quot;&quot;,&quot;address_field&quot;:&quot;&quot;,&quot;phone_field&quot;:&quot;&quot;,&quot;birthday_field&quot;:&quot;&quot;,&quot;group_id&quot;:&quot;&quot;}\" data-list-id=\"\">\t\t\t<button type=\"submit\" class=\"wpr-button\">\n\t\t\t\t<span >\n\t\t\t\t\t\t\t\t\t\t\t\t\t\t\t\t<span>Envoyer<\/span>\n\t\t\t\t\t\t\t\t\t\t\t\t\t\t<\/span>\t\n\t\t\t\t<div class=\"wpr-double-bounce wpr-loader-hidden\">\n\t\t\t\t\t<div class=\"wpr-child wpr-double-bounce1\"><\/div>\n\t\t\t\t\t<div class=\"wpr-child wpr-double-bounce2\"><\/div>\n\t\t\t\t<\/div>\n\t\t\t<\/button>\n\t\t<\/div>\t\t\t\t\n\t\t\t<\/div>\n\t\t<\/form>\n\t  \t\t\t\t<\/div>\n\t\t\t\t<\/div>\n\t\t\t\t\t<\/div>\n\t\t\t\t<\/div>\n\t\t\t\t<\/div>\n\t\t","protected":false},"excerpt":{"rendered":"<p>AM\u00c9LIORER MON JEU D&rsquo;ACTEUR Pr\u00e9requis : Destin\u00e9 \u00e0 toutes les personnes du monde du spectacle, \u00e0 partir de 4 personnes. Si vous avez des besoins particuliers, contactez-nous via le bouton ci-dessous. Tarif : Inter entreprise : 250 \u20acIntra entreprise : Nous contacterPossibilit\u00e9 de financement OPCOH\u00e9bergement sur place : 35 \u20ac Objectifs de la formation : D\u00e9velopper les comp\u00e9tences techniques et expressives n\u00e9cessaires pour incarner des personnages de mani\u00e8re authentique et convaincante. Ma\u00eetriser les techniques de base du jeu d&rsquo;acteur. D\u00e9velopper la conscience corporelle et vocale. Renforcer la confiance en soi sur sc\u00e8ne. Am\u00e9liorer la capacit\u00e9 \u00e0 capter et maintenir l&rsquo;attention du public.Approfondir la compr\u00e9hension et l&rsquo;expression des \u00e9motions. D\u00e9velopper la capacit\u00e9 \u00e0 acc\u00e9der \u00e0 des \u00e9tats \u00e9motionnels vari\u00e9s. Apprendre \u00e0 construire des personnages complexes et cr\u00e9dibles. D\u00e9velopper la capacit\u00e9 \u00e0 s&rsquo;immerger dans un r\u00f4le.\u00a0\u00a0\u00a0\u00a0\u00a0\u00a0\u00a0\u00a0\u00a0\u00a0 Acc\u00e8s \u00e0 la formation Afin de demander \u00e0 rejoindre la formation, veuillez remplir le formulaire. Afin d&rsquo;acqu\u00e9rir ce formulaire, cliquez sur le bouton : \u00ab\u00a0Formulaire de pr\u00e9-inscription\u00ab\u00a0 Ensuite, il vous suffit de joindre la fiche remplie dans le formulaire ci-dessous et de nous l&rsquo;envoyer. Si vous avez des questions, n&rsquo;h\u00e9sitez pas \u00e0 nous les poser en cliquant sur le bouton : \u00ab\u00a0Contact\u00ab\u00a0 Lien vers le formulaire de pr\u00e9-inscription aux formations : Formulaire de pr\u00e9-inscription Page vous permettant de nous contacter : Contact Envoyer la demande de pr\u00e9-inscription Nom Email Formulaire de pr\u00e9-inscription Envoyer<\/p>\n","protected":false},"author":2,"featured_media":0,"parent":0,"menu_order":0,"comment_status":"closed","ping_status":"closed","template":"","meta":{"footnotes":""},"class_list":["post-1701","page","type-page","status-publish","hentry"],"_links":{"self":[{"href":"https:\/\/avenidaconseiletformation.com\/index.php\/wp-json\/wp\/v2\/pages\/1701","targetHints":{"allow":["GET"]}}],"collection":[{"href":"https:\/\/avenidaconseiletformation.com\/index.php\/wp-json\/wp\/v2\/pages"}],"about":[{"href":"https:\/\/avenidaconseiletformation.com\/index.php\/wp-json\/wp\/v2\/types\/page"}],"author":[{"embeddable":true,"href":"https:\/\/avenidaconseiletformation.com\/index.php\/wp-json\/wp\/v2\/users\/2"}],"replies":[{"embeddable":true,"href":"https:\/\/avenidaconseiletformation.com\/index.php\/wp-json\/wp\/v2\/comments?post=1701"}],"version-history":[{"count":25,"href":"https:\/\/avenidaconseiletformation.com\/index.php\/wp-json\/wp\/v2\/pages\/1701\/revisions"}],"predecessor-version":[{"id":2421,"href":"https:\/\/avenidaconseiletformation.com\/index.php\/wp-json\/wp\/v2\/pages\/1701\/revisions\/2421"}],"wp:attachment":[{"href":"https:\/\/avenidaconseiletformation.com\/index.php\/wp-json\/wp\/v2\/media?parent=1701"}],"curies":[{"name":"wp","href":"https:\/\/api.w.org\/{rel}","templated":true}]}}