{"id":1750,"date":"2025-05-28T15:42:44","date_gmt":"2025-05-28T13:42:44","guid":{"rendered":"https:\/\/avenidaconseiletformation.com\/?page_id=1750"},"modified":"2025-06-10T11:24:46","modified_gmt":"2025-06-10T09:24:46","slug":"sejour-tousistique","status":"publish","type":"page","link":"https:\/\/avenidaconseiletformation.com\/index.php\/sejour-tousistique\/","title":{"rendered":"S\u00e9jour tousistique"},"content":{"rendered":"\t\t<div data-elementor-type=\"wp-post\" data-elementor-id=\"1750\" class=\"elementor elementor-1750\">\n\t\t\t\t<div class=\"elementor-element elementor-element-922c2b5 e-flex e-con-boxed wpr-particle-no wpr-jarallax-no wpr-parallax-no wpr-sticky-section-no wpr-equal-height-no e-con e-parent\" data-id=\"922c2b5\" data-element_type=\"container\" data-e-type=\"container\">\n\t\t\t\t\t<div class=\"e-con-inner\">\n\t\t<div class=\"elementor-element elementor-element-dae7ca5 e-con-full e-flex wpr-particle-no wpr-jarallax-no wpr-parallax-no wpr-sticky-section-no wpr-equal-height-no e-con e-child\" data-id=\"dae7ca5\" data-element_type=\"container\" data-e-type=\"container\">\n\t\t<div class=\"elementor-element elementor-element-43aca0e e-con-full e-flex wpr-particle-no wpr-jarallax-no wpr-parallax-no wpr-sticky-section-no wpr-equal-height-no e-con e-child\" data-id=\"43aca0e\" data-element_type=\"container\" data-e-type=\"container\">\n\t\t<div class=\"elementor-element elementor-element-4605f03 e-con-full e-flex wpr-particle-no wpr-jarallax-no wpr-parallax-no wpr-sticky-section-no wpr-equal-height-no e-con e-child\" data-id=\"4605f03\" data-element_type=\"container\" data-e-type=\"container\">\n\t\t\t\t<div class=\"elementor-element elementor-element-b07a968 elementor-widget elementor-widget-heading\" data-id=\"b07a968\" data-element_type=\"widget\" data-e-type=\"widget\" data-widget_type=\"heading.default\">\n\t\t\t\t<div class=\"elementor-widget-container\">\n\t\t\t\t\t<h2 class=\"elementor-heading-title elementor-size-default\">S\u00e9jour touristique<\/h2>\t\t\t\t<\/div>\n\t\t\t\t<\/div>\n\t\t\t\t<\/div>\n\t\t\t\t<div class=\"elementor-element elementor-element-ad695c6 elementor-widget elementor-widget-text-editor\" data-id=\"ad695c6\" data-element_type=\"widget\" data-e-type=\"widget\" data-widget_type=\"text-editor.default\">\n\t\t\t\t<div class=\"elementor-widget-container\">\n\t\t\t\t\t\t\t\t\t<p data-pm-slice=\"0 0 []\">3 Jours au c\u0153ur\u00a0du Quercy Blanc. D\u00e9couverte de l\u2019art du cavage (Truffe) et des vignobles du Quercy<\/p>\t\t\t\t\t\t\t\t<\/div>\n\t\t\t\t<\/div>\n\t\t<div class=\"elementor-element elementor-element-7350857 e-con-full e-flex wpr-particle-no wpr-jarallax-no wpr-parallax-no wpr-sticky-section-no wpr-equal-height-no e-con e-child\" data-id=\"7350857\" data-element_type=\"container\" data-e-type=\"container\">\n\t\t\t\t<div class=\"elementor-element elementor-element-c5e8e41 elementor-widget elementor-widget-heading\" data-id=\"c5e8e41\" data-element_type=\"widget\" data-e-type=\"widget\" data-widget_type=\"heading.default\">\n\t\t\t\t<div class=\"elementor-widget-container\">\n\t\t\t\t\t<h2 class=\"elementor-heading-title elementor-size-default\">H\u00e9bergement<\/h2>\t\t\t\t<\/div>\n\t\t\t\t<\/div>\n\t\t\t\t<div class=\"elementor-element elementor-element-c8bd995 elementor-widget elementor-widget-text-editor\" data-id=\"c8bd995\" data-element_type=\"widget\" data-e-type=\"widget\" data-widget_type=\"text-editor.default\">\n\t\t\t\t<div class=\"elementor-widget-container\">\n\t\t\t\t\t\t\t\t\t<p data-pm-slice=\"0 0 []\">Une maison d\u2019habitation tout confort qui permet aux vacanciers de se retrouver dans des conditions de vacances agr\u00e9ables en pleine campagne.<\/p><p>Capacit\u00e9 : 6 personnes maxi<\/p>\t\t\t\t\t\t\t\t<\/div>\n\t\t\t\t<\/div>\n\t\t\t\t<\/div>\n\t\t\t\t<\/div>\n\t\t\t\t<\/div>\n\t\t<div class=\"elementor-element elementor-element-29f1c08 e-con-full e-flex wpr-particle-no wpr-jarallax-no wpr-parallax-no wpr-sticky-section-no wpr-equal-height-no e-con e-child\" data-id=\"29f1c08\" data-element_type=\"container\" data-e-type=\"container\">\n\t\t\t\t<div class=\"elementor-element elementor-element-09345a3 elementor-widget elementor-widget-image\" data-id=\"09345a3\" data-element_type=\"widget\" data-e-type=\"widget\" data-widget_type=\"image.default\">\n\t\t\t\t<div class=\"elementor-widget-container\">\n\t\t\t\t\t\t\t\t\t\t\t\t\t\t\t<img fetchpriority=\"high\" decoding=\"async\" width=\"800\" height=\"534\" src=\"https:\/\/avenidaconseiletformation.com\/wp-content\/uploads\/2025\/06\/touristique-1-1024x683.png\" class=\"attachment-large size-large wp-image-1955\" alt=\"\" srcset=\"https:\/\/avenidaconseiletformation.com\/wp-content\/uploads\/2025\/06\/touristique-1-1024x683.png 1024w, https:\/\/avenidaconseiletformation.com\/wp-content\/uploads\/2025\/06\/touristique-1-300x200.png 300w, https:\/\/avenidaconseiletformation.com\/wp-content\/uploads\/2025\/06\/touristique-1-768x512.png 768w, https:\/\/avenidaconseiletformation.com\/wp-content\/uploads\/2025\/06\/touristique-1.png 1536w\" sizes=\"(max-width: 800px) 100vw, 800px\" \/>\t\t\t\t\t\t\t\t\t\t\t\t\t\t\t<\/div>\n\t\t\t\t<\/div>\n\t\t\t\t<\/div>\n\t\t\t\t\t<\/div>\n\t\t\t\t<\/div>\n\t\t<div class=\"elementor-element elementor-element-6118397 e-flex e-con-boxed wpr-particle-no wpr-jarallax-no wpr-parallax-no wpr-sticky-section-no wpr-equal-height-no e-con e-parent\" data-id=\"6118397\" data-element_type=\"container\" data-e-type=\"container\">\n\t\t\t\t\t<div class=\"e-con-inner\">\n\t\t<div class=\"elementor-element elementor-element-f6bc168 e-con-full e-flex wpr-particle-no wpr-jarallax-no wpr-parallax-no wpr-sticky-section-no wpr-equal-height-no e-con e-child\" data-id=\"f6bc168\" data-element_type=\"container\" data-e-type=\"container\">\n\t\t\t\t<div class=\"elementor-element elementor-element-44d8db9 elementor-widget elementor-widget-heading\" data-id=\"44d8db9\" data-element_type=\"widget\" data-e-type=\"widget\" data-widget_type=\"heading.default\">\n\t\t\t\t<div class=\"elementor-widget-container\">\n\t\t\t\t\t<h2 class=\"elementor-heading-title elementor-size-default\">Activit\u00e9s propos\u00e9es<\/h2>\t\t\t\t<\/div>\n\t\t\t\t<\/div>\n\t\t<div class=\"elementor-element elementor-element-c182cfc e-con-full e-flex wpr-particle-no wpr-jarallax-no wpr-parallax-no wpr-sticky-section-no wpr-equal-height-no e-con e-child\" data-id=\"c182cfc\" data-element_type=\"container\" data-e-type=\"container\">\n\t\t\t\t<div class=\"elementor-element elementor-element-aaf1ef2 elementor-widget elementor-widget-text-editor\" data-id=\"aaf1ef2\" data-element_type=\"widget\" data-e-type=\"widget\" data-widget_type=\"text-editor.default\">\n\t\t\t\t<div class=\"elementor-widget-container\">\n\t\t\t\t\t\t\t\t\t<p data-pm-slice=\"0 0 []\">Notre formule vous permet de partager entre amis ou en couple une exp\u00e9rience originale dans une des plus belles r\u00e9gions de France.<\/p><p data-pm-slice=\"0 0 []\">Gr\u00e2ce \u00e0 Pesto, notre Lagotto Romagnolo (chien truffier), vous pourrez d\u00e9couvrir l\u2019art du cavage.<\/p><p data-pm-slice=\"0 0 []\">Le march\u00e9 au Truffes de Lalbenque est vraiment une attraction \u00e0 ne pas manquer. Vous pourrez d\u00e9guster un repas 100% truffe qui ravira vos papilles. Pour couronner le tout, les vignobles du Quercy n\u2019auront plus de secret pour vous.<\/p><p data-pm-slice=\"0 0 []\">Il ne serait pas raisonnable de quitter le Quercy sans visiter Caussade, r\u00e9sidence internationale du chapeau et plus particuli\u00e8rement le Canotier. \u200b<\/p><p data-pm-slice=\"0 0 []\">Cette formule est \u00e0 395\u20ac par r\u00e9sidents, petit d\u00e9jeuner et repas du second soir compris.<\/p>\t\t\t\t\t\t\t\t<\/div>\n\t\t\t\t<\/div>\n\t\t\t\t<\/div>\n\t\t\t\t<\/div>\n\t\t<div class=\"elementor-element elementor-element-1345581 e-con-full e-flex wpr-particle-no wpr-jarallax-no wpr-parallax-no wpr-sticky-section-no wpr-equal-height-no e-con e-child\" data-id=\"1345581\" data-element_type=\"container\" data-e-type=\"container\">\n\t\t\t\t<div class=\"elementor-element elementor-element-5ca61b3 elementor-widget elementor-widget-image\" data-id=\"5ca61b3\" data-element_type=\"widget\" data-e-type=\"widget\" data-widget_type=\"image.default\">\n\t\t\t\t<div class=\"elementor-widget-container\">\n\t\t\t\t\t\t\t\t\t\t\t\t\t\t\t<img decoding=\"async\" src=\"https:\/\/avenidaconseiletformation.com\/wp-content\/uploads\/2025\/06\/planning-touriste-e1748855997227.png\" title=\"planning touriste\" alt=\"planning touriste\" loading=\"lazy\" \/>\t\t\t\t\t\t\t\t\t\t\t\t\t\t\t<\/div>\n\t\t\t\t<\/div>\n\t\t\t\t<\/div>\n\t\t\t\t\t<\/div>\n\t\t\t\t<\/div>\n\t\t\t\t<\/div>\n\t\t","protected":false},"excerpt":{"rendered":"<p>S\u00e9jour touristique 3 Jours au c\u0153ur\u00a0du Quercy Blanc. D\u00e9couverte de l\u2019art du cavage (Truffe) et des vignobles du Quercy H\u00e9bergement Une maison d\u2019habitation tout confort qui permet aux vacanciers de se retrouver dans des conditions de vacances agr\u00e9ables en pleine campagne. Capacit\u00e9 : 6 personnes maxi Activit\u00e9s propos\u00e9es Notre formule vous permet de partager entre amis ou en couple une exp\u00e9rience originale dans une des plus belles r\u00e9gions de France. Gr\u00e2ce \u00e0 Pesto, notre Lagotto Romagnolo (chien truffier), vous pourrez d\u00e9couvrir l\u2019art du cavage. Le march\u00e9 au Truffes de Lalbenque est vraiment une attraction \u00e0 ne pas manquer. Vous pourrez d\u00e9guster un repas 100% truffe qui ravira vos papilles. Pour couronner le tout, les vignobles du Quercy n\u2019auront plus de secret pour vous. Il ne serait pas raisonnable de quitter le Quercy sans visiter Caussade, r\u00e9sidence internationale du chapeau et plus particuli\u00e8rement le Canotier. \u200b Cette formule est \u00e0 395\u20ac par r\u00e9sidents, petit d\u00e9jeuner et repas du second soir compris.<\/p>\n","protected":false},"author":1,"featured_media":0,"parent":0,"menu_order":0,"comment_status":"closed","ping_status":"closed","template":"","meta":{"footnotes":""},"class_list":["post-1750","page","type-page","status-publish","hentry"],"_links":{"self":[{"href":"https:\/\/avenidaconseiletformation.com\/index.php\/wp-json\/wp\/v2\/pages\/1750","targetHints":{"allow":["GET"]}}],"collection":[{"href":"https:\/\/avenidaconseiletformation.com\/index.php\/wp-json\/wp\/v2\/pages"}],"about":[{"href":"https:\/\/avenidaconseiletformation.com\/index.php\/wp-json\/wp\/v2\/types\/page"}],"author":[{"embeddable":true,"href":"https:\/\/avenidaconseiletformation.com\/index.php\/wp-json\/wp\/v2\/users\/1"}],"replies":[{"embeddable":true,"href":"https:\/\/avenidaconseiletformation.com\/index.php\/wp-json\/wp\/v2\/comments?post=1750"}],"version-history":[{"count":32,"href":"https:\/\/avenidaconseiletformation.com\/index.php\/wp-json\/wp\/v2\/pages\/1750\/revisions"}],"predecessor-version":[{"id":2343,"href":"https:\/\/avenidaconseiletformation.com\/index.php\/wp-json\/wp\/v2\/pages\/1750\/revisions\/2343"}],"wp:attachment":[{"href":"https:\/\/avenidaconseiletformation.com\/index.php\/wp-json\/wp\/v2\/media?parent=1750"}],"curies":[{"name":"wp","href":"https:\/\/api.w.org\/{rel}","templated":true}]}}