{"id":1753,"date":"2025-05-28T11:15:19","date_gmt":"2025-05-28T09:15:19","guid":{"rendered":"https:\/\/avenidaconseiletformation.com\/?page_id=1753"},"modified":"2025-06-10T11:19:25","modified_gmt":"2025-06-10T09:19:25","slug":"sejour-bien-etre","status":"publish","type":"page","link":"https:\/\/avenidaconseiletformation.com\/index.php\/sejour-bien-etre\/","title":{"rendered":"S\u00e9jour bien-\u00eatre"},"content":{"rendered":"\t\t<div data-elementor-type=\"wp-page\" data-elementor-id=\"1753\" class=\"elementor elementor-1753\">\n\t\t\t\t<div class=\"elementor-element elementor-element-3e09e488 e-flex e-con-boxed wpr-particle-no wpr-jarallax-no wpr-parallax-no wpr-sticky-section-no wpr-equal-height-no e-con e-parent\" data-id=\"3e09e488\" data-element_type=\"container\" data-e-type=\"container\">\n\t\t\t\t\t<div class=\"e-con-inner\">\n\t\t<div class=\"elementor-element elementor-element-7dc72429 e-con-full e-flex wpr-particle-no wpr-jarallax-no wpr-parallax-no wpr-sticky-section-no wpr-equal-height-no e-con e-child\" data-id=\"7dc72429\" data-element_type=\"container\" data-e-type=\"container\">\n\t\t<div class=\"elementor-element elementor-element-1f6ed47e e-con-full e-flex wpr-particle-no wpr-jarallax-no wpr-parallax-no wpr-sticky-section-no wpr-equal-height-no e-con e-child\" data-id=\"1f6ed47e\" data-element_type=\"container\" data-e-type=\"container\">\n\t\t<div class=\"elementor-element elementor-element-68a32ecd e-con-full e-flex wpr-particle-no wpr-jarallax-no wpr-parallax-no wpr-sticky-section-no wpr-equal-height-no e-con e-child\" data-id=\"68a32ecd\" data-element_type=\"container\" data-e-type=\"container\">\n\t\t\t\t<div class=\"elementor-element elementor-element-20febb00 elementor-widget elementor-widget-heading\" data-id=\"20febb00\" data-element_type=\"widget\" data-e-type=\"widget\" data-widget_type=\"heading.default\">\n\t\t\t\t<div class=\"elementor-widget-container\">\n\t\t\t\t\t<h2 class=\"elementor-heading-title elementor-size-default\">S\u00e9jour Bien-\u00eatre<\/h2>\t\t\t\t<\/div>\n\t\t\t\t<\/div>\n\t\t\t\t<\/div>\n\t\t\t\t<div class=\"elementor-element elementor-element-174e8d86 elementor-widget elementor-widget-text-editor\" data-id=\"174e8d86\" data-element_type=\"widget\" data-e-type=\"widget\" data-widget_type=\"text-editor.default\">\n\t\t\t\t<div class=\"elementor-widget-container\">\n\t\t\t\t\t\t\t\t\t<p data-pm-slice=\"0 0 []\"><span class=\"OYPEnA\">3 jours au coeur du quercy blanc. entre ami(es) pour un moment hors du temps et de la routine.\u00a0<\/span><\/p>\t\t\t\t\t\t\t\t<\/div>\n\t\t\t\t<\/div>\n\t\t<div class=\"elementor-element elementor-element-4a8727a e-con-full e-flex wpr-particle-no wpr-jarallax-no wpr-parallax-no wpr-sticky-section-no wpr-equal-height-no e-con e-child\" data-id=\"4a8727a\" data-element_type=\"container\" data-e-type=\"container\">\n\t\t\t\t<div class=\"elementor-element elementor-element-6f9064a1 elementor-widget elementor-widget-heading\" data-id=\"6f9064a1\" data-element_type=\"widget\" data-e-type=\"widget\" data-widget_type=\"heading.default\">\n\t\t\t\t<div class=\"elementor-widget-container\">\n\t\t\t\t\t<h2 class=\"elementor-heading-title elementor-size-default\">H\u00e9bergement<\/h2>\t\t\t\t<\/div>\n\t\t\t\t<\/div>\n\t\t\t\t<div class=\"elementor-element elementor-element-7fb21825 elementor-widget elementor-widget-text-editor\" data-id=\"7fb21825\" data-element_type=\"widget\" data-e-type=\"widget\" data-widget_type=\"text-editor.default\">\n\t\t\t\t<div class=\"elementor-widget-container\">\n\t\t\t\t\t\t\t\t\t<p class=\"cgHgbA pYZEjA Xp24Nw PanoWQ\"><span class=\"OYPEnA\">Une maison d\u2019habitation tout confort qui permet aux vacanciers de se retrouver dans des conditions de vacances agr\u00e9ables en pleine campagne<\/span><\/p><p class=\"cgHgbA pYZEjA Xp24Nw\"><span class=\"OYPEnA\">Capacit\u00e9 : 8 personnes maxi<\/span><\/p>\t\t\t\t\t\t\t\t<\/div>\n\t\t\t\t<\/div>\n\t\t\t\t<\/div>\n\t\t\t\t<\/div>\n\t\t\t\t<\/div>\n\t\t<div class=\"elementor-element elementor-element-8e78de9 e-con-full e-flex wpr-particle-no wpr-jarallax-no wpr-parallax-no wpr-sticky-section-no wpr-equal-height-no e-con e-child\" data-id=\"8e78de9\" data-element_type=\"container\" data-e-type=\"container\">\n\t\t\t\t<div class=\"elementor-element elementor-element-5ffe5576 elementor-widget elementor-widget-image\" data-id=\"5ffe5576\" data-element_type=\"widget\" data-e-type=\"widget\" data-widget_type=\"image.default\">\n\t\t\t\t<div class=\"elementor-widget-container\">\n\t\t\t\t\t\t\t\t\t\t\t\t\t\t\t<img fetchpriority=\"high\" decoding=\"async\" width=\"800\" height=\"534\" src=\"https:\/\/avenidaconseiletformation.com\/wp-content\/uploads\/2025\/06\/bienetre-1024x683.png\" class=\"attachment-large size-large wp-image-1918\" alt=\"\" srcset=\"https:\/\/avenidaconseiletformation.com\/wp-content\/uploads\/2025\/06\/bienetre-1024x683.png 1024w, https:\/\/avenidaconseiletformation.com\/wp-content\/uploads\/2025\/06\/bienetre-300x200.png 300w, https:\/\/avenidaconseiletformation.com\/wp-content\/uploads\/2025\/06\/bienetre-768x512.png 768w, https:\/\/avenidaconseiletformation.com\/wp-content\/uploads\/2025\/06\/bienetre.png 1536w\" sizes=\"(max-width: 800px) 100vw, 800px\" \/>\t\t\t\t\t\t\t\t\t\t\t\t\t\t\t<\/div>\n\t\t\t\t<\/div>\n\t\t\t\t<\/div>\n\t\t\t\t\t<\/div>\n\t\t\t\t<\/div>\n\t\t<div class=\"elementor-element elementor-element-13382fd5 e-flex e-con-boxed wpr-particle-no wpr-jarallax-no wpr-parallax-no wpr-sticky-section-no wpr-equal-height-no e-con e-parent\" data-id=\"13382fd5\" data-element_type=\"container\" data-e-type=\"container\">\n\t\t\t\t\t<div class=\"e-con-inner\">\n\t\t<div class=\"elementor-element elementor-element-361e7d37 e-con-full e-flex wpr-particle-no wpr-jarallax-no wpr-parallax-no wpr-sticky-section-no wpr-equal-height-no e-con e-child\" data-id=\"361e7d37\" data-element_type=\"container\" data-e-type=\"container\">\n\t\t\t\t<div class=\"elementor-element elementor-element-266744ba elementor-widget elementor-widget-heading\" data-id=\"266744ba\" data-element_type=\"widget\" data-e-type=\"widget\" data-widget_type=\"heading.default\">\n\t\t\t\t<div class=\"elementor-widget-container\">\n\t\t\t\t\t<h2 class=\"elementor-heading-title elementor-size-default\">Activit\u00e9s propos\u00e9es<\/h2>\t\t\t\t<\/div>\n\t\t\t\t<\/div>\n\t\t<div class=\"elementor-element elementor-element-410a1172 e-con-full e-flex wpr-particle-no wpr-jarallax-no wpr-parallax-no wpr-sticky-section-no wpr-equal-height-no e-con e-child\" data-id=\"410a1172\" data-element_type=\"container\" data-e-type=\"container\">\n\t\t\t\t<div class=\"elementor-element elementor-element-33ad644b elementor-widget elementor-widget-text-editor\" data-id=\"33ad644b\" data-element_type=\"widget\" data-e-type=\"widget\" data-widget_type=\"text-editor.default\">\n\t\t\t\t<div class=\"elementor-widget-container\">\n\t\t\t\t\t\t\t\t\t<p class=\"cgHgbA nxe3IQ Xp24Nw PanoWQ\"><span class=\"OYPEnA\">Notre formule vous permet de partager entre amis ou en couple une exp\u00e9rience originale dans une des plus belles r\u00e9gions de France.<\/span><\/p><p class=\"cgHgbA nxe3IQ Xp24Nw PanoWQ\"><span class=\"OYPEnA\">\u00a0<\/span><span class=\"OYPEnA\">Massage \u00e0 domicile, assis ou couch\u00e9, pour un moment de d\u00e9tente garantis. <\/span><\/p><p class=\"cgHgbA nxe3IQ Xp24Nw PanoWQ\"><span class=\"OYPEnA\">Suivant la saison, nous vous proposerons une activit\u00e9 de plein air (randonn\u00e9e, cano\u00eb,<br \/>balade\u2026) suivant le niveau de chacun accompagn\u00e9 par notre animateur. <\/span><\/p><p class=\"cgHgbA nxe3IQ Xp24Nw PanoWQ\"><span class=\"OYPEnA\">Une soir\u00e9e vous sera propos\u00e9, vous n\u2019aurez rien \u00e0 vous occuper le trajet sera fait par notre animateur. <\/span><\/p><p class=\"cgHgbA nxe3IQ Xp24Nw PanoWQ\"><span class=\"OYPEnA\">Pour finir votre s\u00e9jour et recharger vos batteries avant le retour \u00e0 la vie quotidienne, un<br \/>temps de Yoga sera propos\u00e9.<\/span><\/p><p data-pm-slice=\"0 0 []\">Cette formule est \u00e0 395\u20ac par r\u00e9sidents.<\/p>\t\t\t\t\t\t\t\t<\/div>\n\t\t\t\t<\/div>\n\t\t\t\t<\/div>\n\t\t\t\t<\/div>\n\t\t<div class=\"elementor-element elementor-element-68e40cc9 e-con-full e-flex wpr-particle-no wpr-jarallax-no wpr-parallax-no wpr-sticky-section-no wpr-equal-height-no e-con e-child\" data-id=\"68e40cc9\" data-element_type=\"container\" data-e-type=\"container\">\n\t\t\t\t<div class=\"elementor-element elementor-element-289734b7 elementor-widget elementor-widget-image\" data-id=\"289734b7\" data-element_type=\"widget\" data-e-type=\"widget\" data-widget_type=\"image.default\">\n\t\t\t\t<div class=\"elementor-widget-container\">\n\t\t\t\t\t\t\t\t\t\t\t\t\t\t\t<img decoding=\"async\" src=\"https:\/\/avenidaconseiletformation.com\/wp-content\/uploads\/2025\/06\/planning-bienetre-e1748938290712.png\" title=\"planning bienetre\" alt=\"planning bienetre\" loading=\"lazy\" \/>\t\t\t\t\t\t\t\t\t\t\t\t\t\t\t<\/div>\n\t\t\t\t<\/div>\n\t\t\t\t<\/div>\n\t\t\t\t\t<\/div>\n\t\t\t\t<\/div>\n\t\t\t\t<\/div>\n\t\t","protected":false},"excerpt":{"rendered":"<p>S\u00e9jour Bien-\u00eatre 3 jours au coeur du quercy blanc. entre ami(es) pour un moment hors du temps et de la routine.\u00a0 H\u00e9bergement Une maison d\u2019habitation tout confort qui permet aux vacanciers de se retrouver dans des conditions de vacances agr\u00e9ables en pleine campagne Capacit\u00e9 : 8 personnes maxi Activit\u00e9s propos\u00e9es Notre formule vous permet de partager entre amis ou en couple une exp\u00e9rience originale dans une des plus belles r\u00e9gions de France. \u00a0Massage \u00e0 domicile, assis ou couch\u00e9, pour un moment de d\u00e9tente garantis. Suivant la saison, nous vous proposerons une activit\u00e9 de plein air (randonn\u00e9e, cano\u00eb,balade\u2026) suivant le niveau de chacun accompagn\u00e9 par notre animateur. Une soir\u00e9e vous sera propos\u00e9, vous n\u2019aurez rien \u00e0 vous occuper le trajet sera fait par notre animateur. Pour finir votre s\u00e9jour et recharger vos batteries avant le retour \u00e0 la vie quotidienne, untemps de Yoga sera propos\u00e9. Cette formule est \u00e0 395\u20ac par r\u00e9sidents.<\/p>\n","protected":false},"author":1,"featured_media":0,"parent":0,"menu_order":0,"comment_status":"closed","ping_status":"closed","template":"","meta":{"footnotes":""},"class_list":["post-1753","page","type-page","status-publish","hentry"],"_links":{"self":[{"href":"https:\/\/avenidaconseiletformation.com\/index.php\/wp-json\/wp\/v2\/pages\/1753","targetHints":{"allow":["GET"]}}],"collection":[{"href":"https:\/\/avenidaconseiletformation.com\/index.php\/wp-json\/wp\/v2\/pages"}],"about":[{"href":"https:\/\/avenidaconseiletformation.com\/index.php\/wp-json\/wp\/v2\/types\/page"}],"author":[{"embeddable":true,"href":"https:\/\/avenidaconseiletformation.com\/index.php\/wp-json\/wp\/v2\/users\/1"}],"replies":[{"embeddable":true,"href":"https:\/\/avenidaconseiletformation.com\/index.php\/wp-json\/wp\/v2\/comments?post=1753"}],"version-history":[{"count":44,"href":"https:\/\/avenidaconseiletformation.com\/index.php\/wp-json\/wp\/v2\/pages\/1753\/revisions"}],"predecessor-version":[{"id":2337,"href":"https:\/\/avenidaconseiletformation.com\/index.php\/wp-json\/wp\/v2\/pages\/1753\/revisions\/2337"}],"wp:attachment":[{"href":"https:\/\/avenidaconseiletformation.com\/index.php\/wp-json\/wp\/v2\/media?parent=1753"}],"curies":[{"name":"wp","href":"https:\/\/api.w.org\/{rel}","templated":true}]}}