{"id":1806,"date":"2025-05-28T16:17:16","date_gmt":"2025-05-28T14:17:16","guid":{"rendered":"https:\/\/avenidaconseiletformation.com\/?page_id=1806"},"modified":"2025-06-10T11:28:47","modified_gmt":"2025-06-10T09:28:47","slug":"seminaire-entreprise","status":"publish","type":"page","link":"https:\/\/avenidaconseiletformation.com\/index.php\/seminaire-entreprise\/","title":{"rendered":"S\u00e9minaire d&rsquo;entreprise"},"content":{"rendered":"\t\t<div data-elementor-type=\"wp-page\" data-elementor-id=\"1806\" class=\"elementor elementor-1806\">\n\t\t\t\t<div class=\"elementor-element elementor-element-494655f1 e-flex e-con-boxed wpr-particle-no wpr-jarallax-no wpr-parallax-no wpr-sticky-section-no wpr-equal-height-no e-con e-parent\" data-id=\"494655f1\" data-element_type=\"container\" data-e-type=\"container\">\n\t\t\t\t\t<div class=\"e-con-inner\">\n\t\t<div class=\"elementor-element elementor-element-2b9eccb6 e-con-full e-flex wpr-particle-no wpr-jarallax-no wpr-parallax-no wpr-sticky-section-no wpr-equal-height-no e-con e-child\" data-id=\"2b9eccb6\" data-element_type=\"container\" data-e-type=\"container\">\n\t\t<div class=\"elementor-element elementor-element-553ae965 e-con-full e-flex wpr-particle-no wpr-jarallax-no wpr-parallax-no wpr-sticky-section-no wpr-equal-height-no e-con e-child\" data-id=\"553ae965\" data-element_type=\"container\" data-e-type=\"container\">\n\t\t<div class=\"elementor-element elementor-element-ba7b7f6 e-con-full e-flex wpr-particle-no wpr-jarallax-no wpr-parallax-no wpr-sticky-section-no wpr-equal-height-no e-con e-child\" data-id=\"ba7b7f6\" data-element_type=\"container\" data-e-type=\"container\">\n\t\t\t\t<div class=\"elementor-element elementor-element-40a64c13 elementor-widget elementor-widget-heading\" data-id=\"40a64c13\" data-element_type=\"widget\" data-e-type=\"widget\" data-widget_type=\"heading.default\">\n\t\t\t\t<div class=\"elementor-widget-container\">\n\t\t\t\t\t<h2 class=\"elementor-heading-title elementor-size-default\">S\u00e9minaire\/R\u00e9union<br>d'entreprise<\/h2>\t\t\t\t<\/div>\n\t\t\t\t<\/div>\n\t\t\t\t<\/div>\n\t\t\t\t<div class=\"elementor-element elementor-element-24122680 elementor-widget elementor-widget-text-editor\" data-id=\"24122680\" data-element_type=\"widget\" data-e-type=\"widget\" data-widget_type=\"text-editor.default\">\n\t\t\t\t<div class=\"elementor-widget-container\">\n\t\t\t\t\t\t\t\t\t<p data-pm-slice=\"0 0 []\">2 Jours au\u00a0<span style=\"font-size: 1rem;\">c\u0153ur\u00a0<\/span><span style=\"font-size: 1rem;\">du Quercy Blanc. Entre coll\u00e8gues pour un moment hors du temps et de la routine pour faire le point sur les objectifs pass\u00e9s et a venir<\/span><\/p>\t\t\t\t\t\t\t\t<\/div>\n\t\t\t\t<\/div>\n\t\t<div class=\"elementor-element elementor-element-7b4e54e0 e-con-full e-flex wpr-particle-no wpr-jarallax-no wpr-parallax-no wpr-sticky-section-no wpr-equal-height-no e-con e-child\" data-id=\"7b4e54e0\" data-element_type=\"container\" data-e-type=\"container\">\n\t\t\t\t<div class=\"elementor-element elementor-element-4b06745 elementor-widget elementor-widget-heading\" data-id=\"4b06745\" data-element_type=\"widget\" data-e-type=\"widget\" data-widget_type=\"heading.default\">\n\t\t\t\t<div class=\"elementor-widget-container\">\n\t\t\t\t\t<h2 class=\"elementor-heading-title elementor-size-default\">H\u00e9bergement<\/h2>\t\t\t\t<\/div>\n\t\t\t\t<\/div>\n\t\t\t\t<div class=\"elementor-element elementor-element-21ff0e77 elementor-widget elementor-widget-text-editor\" data-id=\"21ff0e77\" data-element_type=\"widget\" data-e-type=\"widget\" data-widget_type=\"text-editor.default\">\n\t\t\t\t<div class=\"elementor-widget-container\">\n\t\t\t\t\t\t\t\t\t<p data-pm-slice=\"1 1 []\">Une maison d\u2019habitation tout confort\u00a0<span style=\"font-size: 1rem;\">qui permet aux vacanciers de se\u00a0<\/span><span style=\"font-size: 1rem;\">retrouver dans des conditions de travail\u00a0<\/span><span style=\"font-size: 1rem;\">agr\u00e9ables en pleine campagne<\/span><\/p><p>Capacit\u00e9 : 8 maximum<\/p>\t\t\t\t\t\t\t\t<\/div>\n\t\t\t\t<\/div>\n\t\t\t\t<\/div>\n\t\t\t\t<\/div>\n\t\t\t\t<\/div>\n\t\t<div class=\"elementor-element elementor-element-53472946 e-con-full e-flex wpr-particle-no wpr-jarallax-no wpr-parallax-no wpr-sticky-section-no wpr-equal-height-no e-con e-child\" data-id=\"53472946\" data-element_type=\"container\" data-e-type=\"container\">\n\t\t\t\t<div class=\"elementor-element elementor-element-3086dbd7 elementor-widget elementor-widget-image\" data-id=\"3086dbd7\" data-element_type=\"widget\" data-e-type=\"widget\" data-widget_type=\"image.default\">\n\t\t\t\t<div class=\"elementor-widget-container\">\n\t\t\t\t\t\t\t\t\t\t\t\t\t\t\t<img fetchpriority=\"high\" decoding=\"async\" width=\"800\" height=\"534\" src=\"https:\/\/avenidaconseiletformation.com\/wp-content\/uploads\/2025\/06\/image_2025-06-03_113610403-1024x683.png\" class=\"attachment-large size-large wp-image-1948\" alt=\"\" srcset=\"https:\/\/avenidaconseiletformation.com\/wp-content\/uploads\/2025\/06\/image_2025-06-03_113610403-1024x683.png 1024w, https:\/\/avenidaconseiletformation.com\/wp-content\/uploads\/2025\/06\/image_2025-06-03_113610403-300x200.png 300w, https:\/\/avenidaconseiletformation.com\/wp-content\/uploads\/2025\/06\/image_2025-06-03_113610403-768x512.png 768w, https:\/\/avenidaconseiletformation.com\/wp-content\/uploads\/2025\/06\/image_2025-06-03_113610403.png 1536w\" sizes=\"(max-width: 800px) 100vw, 800px\" \/>\t\t\t\t\t\t\t\t\t\t\t\t\t\t\t<\/div>\n\t\t\t\t<\/div>\n\t\t\t\t<\/div>\n\t\t\t\t\t<\/div>\n\t\t\t\t<\/div>\n\t\t<div class=\"elementor-element elementor-element-4c9f8c8 e-flex e-con-boxed wpr-particle-no wpr-jarallax-no wpr-parallax-no wpr-sticky-section-no wpr-equal-height-no e-con e-parent\" data-id=\"4c9f8c8\" data-element_type=\"container\" data-e-type=\"container\">\n\t\t\t\t\t<div class=\"e-con-inner\">\n\t\t<div class=\"elementor-element elementor-element-8360664 e-con-full e-flex wpr-particle-no wpr-jarallax-no wpr-parallax-no wpr-sticky-section-no wpr-equal-height-no e-con e-child\" data-id=\"8360664\" data-element_type=\"container\" data-e-type=\"container\">\n\t\t\t\t<div class=\"elementor-element elementor-element-7f0982cf elementor-widget elementor-widget-heading\" data-id=\"7f0982cf\" data-element_type=\"widget\" data-e-type=\"widget\" data-widget_type=\"heading.default\">\n\t\t\t\t<div class=\"elementor-widget-container\">\n\t\t\t\t\t<h2 class=\"elementor-heading-title elementor-size-default\">Activit\u00e9s propos\u00e9es<\/h2>\t\t\t\t<\/div>\n\t\t\t\t<\/div>\n\t\t<div class=\"elementor-element elementor-element-3c370af3 e-con-full e-flex wpr-particle-no wpr-jarallax-no wpr-parallax-no wpr-sticky-section-no wpr-equal-height-no e-con e-child\" data-id=\"3c370af3\" data-element_type=\"container\" data-e-type=\"container\">\n\t\t\t\t<div class=\"elementor-element elementor-element-2f149f40 elementor-widget elementor-widget-text-editor\" data-id=\"2f149f40\" data-element_type=\"widget\" data-e-type=\"widget\" data-widget_type=\"text-editor.default\">\n\t\t\t\t<div class=\"elementor-widget-container\">\n\t\t\t\t\t\t\t\t\t<p data-pm-slice=\"0 0 []\">\u00a0<\/p><p>Notre formule vous permet de partager entre coll\u00e8gues une exp\u00e9rience originale dans une des plus belles r\u00e9gions de France. Partagez du temps de travail serein et productif en campagne.<\/p><p>Vous venez travailler et nous nous occupons du reste.<\/p><p data-pm-slice=\"0 0 []\">Cette formule est \u00e0 985\u20ac pour 6 \u00e0 8 personnes. Petit d\u00e9jeuner et repas du midi compris, activit\u00e9 possible en suppl\u00e9ment.<\/p>\t\t\t\t\t\t\t\t<\/div>\n\t\t\t\t<\/div>\n\t\t\t\t<\/div>\n\t\t\t\t<\/div>\n\t\t<div class=\"elementor-element elementor-element-11527b94 e-con-full e-flex wpr-particle-no wpr-jarallax-no wpr-parallax-no wpr-sticky-section-no wpr-equal-height-no e-con e-child\" data-id=\"11527b94\" data-element_type=\"container\" data-e-type=\"container\">\n\t\t\t\t<div class=\"elementor-element elementor-element-5ec41d37 elementor-widget elementor-widget-image\" data-id=\"5ec41d37\" data-element_type=\"widget\" data-e-type=\"widget\" data-widget_type=\"image.default\">\n\t\t\t\t<div class=\"elementor-widget-container\">\n\t\t\t\t\t\t\t\t\t\t\t\t\t\t\t<img decoding=\"async\" src=\"https:\/\/avenidaconseiletformation.com\/wp-content\/uploads\/2025\/06\/planning-entreprise-1-e1748938226791.png\" title=\"planning entreprise\" alt=\"planning entreprise\" loading=\"lazy\" \/>\t\t\t\t\t\t\t\t\t\t\t\t\t\t\t<\/div>\n\t\t\t\t<\/div>\n\t\t\t\t<\/div>\n\t\t\t\t\t<\/div>\n\t\t\t\t<\/div>\n\t\t\t\t<\/div>\n\t\t","protected":false},"excerpt":{"rendered":"<p>S\u00e9minaire\/R\u00e9uniond&rsquo;entreprise 2 Jours au\u00a0c\u0153ur\u00a0du Quercy Blanc. Entre coll\u00e8gues pour un moment hors du temps et de la routine pour faire le point sur les objectifs pass\u00e9s et a venir H\u00e9bergement Une maison d\u2019habitation tout confort\u00a0qui permet aux vacanciers de se\u00a0retrouver dans des conditions de travail\u00a0agr\u00e9ables en pleine campagne Capacit\u00e9 : 8 maximum Activit\u00e9s propos\u00e9es \u00a0 Notre formule vous permet de partager entre coll\u00e8gues une exp\u00e9rience originale dans une des plus belles r\u00e9gions de France. Partagez du temps de travail serein et productif en campagne. Vous venez travailler et nous nous occupons du reste. Cette formule est \u00e0 985\u20ac pour 6 \u00e0 8 personnes. Petit d\u00e9jeuner et repas du midi compris, activit\u00e9 possible en suppl\u00e9ment.<\/p>\n","protected":false},"author":1,"featured_media":0,"parent":0,"menu_order":0,"comment_status":"closed","ping_status":"closed","template":"","meta":{"footnotes":""},"class_list":["post-1806","page","type-page","status-publish","hentry"],"_links":{"self":[{"href":"https:\/\/avenidaconseiletformation.com\/index.php\/wp-json\/wp\/v2\/pages\/1806","targetHints":{"allow":["GET"]}}],"collection":[{"href":"https:\/\/avenidaconseiletformation.com\/index.php\/wp-json\/wp\/v2\/pages"}],"about":[{"href":"https:\/\/avenidaconseiletformation.com\/index.php\/wp-json\/wp\/v2\/types\/page"}],"author":[{"embeddable":true,"href":"https:\/\/avenidaconseiletformation.com\/index.php\/wp-json\/wp\/v2\/users\/1"}],"replies":[{"embeddable":true,"href":"https:\/\/avenidaconseiletformation.com\/index.php\/wp-json\/wp\/v2\/comments?post=1806"}],"version-history":[{"count":22,"href":"https:\/\/avenidaconseiletformation.com\/index.php\/wp-json\/wp\/v2\/pages\/1806\/revisions"}],"predecessor-version":[{"id":2347,"href":"https:\/\/avenidaconseiletformation.com\/index.php\/wp-json\/wp\/v2\/pages\/1806\/revisions\/2347"}],"wp:attachment":[{"href":"https:\/\/avenidaconseiletformation.com\/index.php\/wp-json\/wp\/v2\/media?parent=1806"}],"curies":[{"name":"wp","href":"https:\/\/api.w.org\/{rel}","templated":true}]}}