{"id":1840,"date":"2025-06-02T10:08:47","date_gmt":"2025-06-02T08:08:47","guid":{"rendered":"https:\/\/avenidaconseiletformation.com\/?page_id=1840"},"modified":"2025-06-10T11:50:19","modified_gmt":"2025-06-10T09:50:19","slug":"sejour-maman-solo","status":"publish","type":"page","link":"https:\/\/avenidaconseiletformation.com\/index.php\/sejour-maman-solo\/","title":{"rendered":"S\u00e9jour maman solo"},"content":{"rendered":"\t\t<div data-elementor-type=\"wp-page\" data-elementor-id=\"1840\" class=\"elementor elementor-1840\">\n\t\t\t\t<div class=\"elementor-element elementor-element-3e05b3a7 e-flex e-con-boxed wpr-particle-no wpr-jarallax-no wpr-parallax-no wpr-sticky-section-no wpr-equal-height-no e-con e-parent\" data-id=\"3e05b3a7\" data-element_type=\"container\" data-e-type=\"container\">\n\t\t\t\t\t<div class=\"e-con-inner\">\n\t\t<div class=\"elementor-element elementor-element-6c3baa64 e-con-full e-flex wpr-particle-no wpr-jarallax-no wpr-parallax-no wpr-sticky-section-no wpr-equal-height-no e-con e-child\" data-id=\"6c3baa64\" data-element_type=\"container\" data-e-type=\"container\">\n\t\t<div class=\"elementor-element elementor-element-13c519dd e-con-full e-flex wpr-particle-no wpr-jarallax-no wpr-parallax-no wpr-sticky-section-no wpr-equal-height-no e-con e-child\" data-id=\"13c519dd\" data-element_type=\"container\" data-e-type=\"container\">\n\t\t<div class=\"elementor-element elementor-element-8bd36a e-con-full e-flex wpr-particle-no wpr-jarallax-no wpr-parallax-no wpr-sticky-section-no wpr-equal-height-no e-con e-child\" data-id=\"8bd36a\" data-element_type=\"container\" data-e-type=\"container\">\n\t\t\t\t<div class=\"elementor-element elementor-element-645fc63b elementor-widget elementor-widget-heading\" data-id=\"645fc63b\" data-element_type=\"widget\" data-e-type=\"widget\" data-widget_type=\"heading.default\">\n\t\t\t\t<div class=\"elementor-widget-container\">\n\t\t\t\t\t<h2 class=\"elementor-heading-title elementor-size-default\">S\u00e9jour maman solo<\/h2>\t\t\t\t<\/div>\n\t\t\t\t<\/div>\n\t\t\t\t<\/div>\n\t\t\t\t<div class=\"elementor-element elementor-element-4c35bee8 elementor-widget elementor-widget-text-editor\" data-id=\"4c35bee8\" data-element_type=\"widget\" data-e-type=\"widget\" data-widget_type=\"text-editor.default\">\n\t\t\t\t<div class=\"elementor-widget-container\">\n\t\t\t\t\t\t\t\t\t<p data-pm-slice=\"0 0 []\">2 Jours au coeur du quercy Blanc. Entre amie(s) pour un moment hors du temps et de la routiNE avec vos enfants pris encharge sur des moments fort<\/p>\t\t\t\t\t\t\t\t<\/div>\n\t\t\t\t<\/div>\n\t\t<div class=\"elementor-element elementor-element-2de4d942 e-con-full e-flex wpr-particle-no wpr-jarallax-no wpr-parallax-no wpr-sticky-section-no wpr-equal-height-no e-con e-child\" data-id=\"2de4d942\" data-element_type=\"container\" data-e-type=\"container\">\n\t\t\t\t<div class=\"elementor-element elementor-element-44a62991 elementor-widget elementor-widget-heading\" data-id=\"44a62991\" data-element_type=\"widget\" data-e-type=\"widget\" data-widget_type=\"heading.default\">\n\t\t\t\t<div class=\"elementor-widget-container\">\n\t\t\t\t\t<h2 class=\"elementor-heading-title elementor-size-default\">H\u00e9bergement<\/h2>\t\t\t\t<\/div>\n\t\t\t\t<\/div>\n\t\t\t\t<div class=\"elementor-element elementor-element-70b9307a elementor-widget elementor-widget-text-editor\" data-id=\"70b9307a\" data-element_type=\"widget\" data-e-type=\"widget\" data-widget_type=\"text-editor.default\">\n\t\t\t\t<div class=\"elementor-widget-container\">\n\t\t\t\t\t\t\t\t\t<p class=\"cgHgbA pYZEjA Xp24Nw PanoWQ\"><span class=\"OYPEnA\">Une maison d\u2019habitation tout confort qui permet aux vacanciers de se retrouver dans des conditions de vacances agr\u00e9ables en pleine campagne<\/span><\/p><p class=\"cgHgbA pYZEjA Xp24Nw PanoWQ\"><span class=\"OYPEnA\">Capacit\u00e9 : 3 familles maxi<\/span><\/p>\t\t\t\t\t\t\t\t<\/div>\n\t\t\t\t<\/div>\n\t\t\t\t<\/div>\n\t\t\t\t<\/div>\n\t\t\t\t<\/div>\n\t\t<div class=\"elementor-element elementor-element-1ce26985 e-con-full e-flex wpr-particle-no wpr-jarallax-no wpr-parallax-no wpr-sticky-section-no wpr-equal-height-no e-con e-child\" data-id=\"1ce26985\" data-element_type=\"container\" data-e-type=\"container\">\n\t\t\t\t<div class=\"elementor-element elementor-element-517c521 elementor-widget elementor-widget-image\" data-id=\"517c521\" data-element_type=\"widget\" data-e-type=\"widget\" data-widget_type=\"image.default\">\n\t\t\t\t<div class=\"elementor-widget-container\">\n\t\t\t\t\t\t\t\t\t\t\t\t\t\t\t<img fetchpriority=\"high\" decoding=\"async\" width=\"1536\" height=\"1024\" src=\"https:\/\/avenidaconseiletformation.com\/wp-content\/uploads\/2025\/06\/mamansolo.png\" class=\"attachment-full size-full wp-image-1933\" alt=\"\" srcset=\"https:\/\/avenidaconseiletformation.com\/wp-content\/uploads\/2025\/06\/mamansolo.png 1536w, https:\/\/avenidaconseiletformation.com\/wp-content\/uploads\/2025\/06\/mamansolo-300x200.png 300w, https:\/\/avenidaconseiletformation.com\/wp-content\/uploads\/2025\/06\/mamansolo-1024x683.png 1024w, https:\/\/avenidaconseiletformation.com\/wp-content\/uploads\/2025\/06\/mamansolo-768x512.png 768w\" sizes=\"(max-width: 1536px) 100vw, 1536px\" \/>\t\t\t\t\t\t\t\t\t\t\t\t\t\t\t<\/div>\n\t\t\t\t<\/div>\n\t\t\t\t<\/div>\n\t\t\t\t\t<\/div>\n\t\t\t\t<\/div>\n\t\t<div class=\"elementor-element elementor-element-2066e12b e-flex e-con-boxed wpr-particle-no wpr-jarallax-no wpr-parallax-no wpr-sticky-section-no wpr-equal-height-no e-con e-parent\" data-id=\"2066e12b\" data-element_type=\"container\" data-e-type=\"container\">\n\t\t\t\t\t<div class=\"e-con-inner\">\n\t\t<div class=\"elementor-element elementor-element-30daa49f e-con-full e-flex wpr-particle-no wpr-jarallax-no wpr-parallax-no wpr-sticky-section-no wpr-equal-height-no e-con e-child\" data-id=\"30daa49f\" data-element_type=\"container\" data-e-type=\"container\">\n\t\t\t\t<div class=\"elementor-element elementor-element-25be4902 elementor-widget elementor-widget-heading\" data-id=\"25be4902\" data-element_type=\"widget\" data-e-type=\"widget\" data-widget_type=\"heading.default\">\n\t\t\t\t<div class=\"elementor-widget-container\">\n\t\t\t\t\t<h2 class=\"elementor-heading-title elementor-size-default\">Activit\u00e9s propos\u00e9es<\/h2>\t\t\t\t<\/div>\n\t\t\t\t<\/div>\n\t\t<div class=\"elementor-element elementor-element-ed2cbe7 e-con-full e-flex wpr-particle-no wpr-jarallax-no wpr-parallax-no wpr-sticky-section-no wpr-equal-height-no e-con e-child\" data-id=\"ed2cbe7\" data-element_type=\"container\" data-e-type=\"container\">\n\t\t\t\t<div class=\"elementor-element elementor-element-6e5e851b elementor-widget elementor-widget-text-editor\" data-id=\"6e5e851b\" data-element_type=\"widget\" data-e-type=\"widget\" data-widget_type=\"text-editor.default\">\n\t\t\t\t<div class=\"elementor-widget-container\">\n\t\t\t\t\t\t\t\t\t<p data-pm-slice=\"0 0 []\">Notre formule vous permet de partager entre amis ou avec vos enfants une exp\u00e9rienceoriginale dans une des plus belles r\u00e9gions de France.<\/p><p data-pm-slice=\"0 0 []\">Partagez du temps en famille, tout en ayant du temps pour vous.<\/p><p data-pm-slice=\"0 0 []\">Des animateurs.trices, prennent en charge vos enfants pour vous permettre de passer dutemps entre copines ou de rencontrer d\u2019autres mamans dans votre situation.<\/p><p data-pm-slice=\"0 0 []\">Au programme, d\u00e9tente, temps pour soi, temps festif sans se soucier du moyen de garde.<\/p><p data-pm-slice=\"0 0 []\">Cette formule est \u00e0 375\u20ac pour un adulte et 2 enfants, paiment en plusieurs fois possible.<\/p><p data-pm-slice=\"0 0 []\">\u00a0<\/p><p data-pm-slice=\"0 0 []\">\u00a0<\/p>\t\t\t\t\t\t\t\t<\/div>\n\t\t\t\t<\/div>\n\t\t\t\t<\/div>\n\t\t\t\t<\/div>\n\t\t<div class=\"elementor-element elementor-element-5c53dd05 e-con-full e-flex wpr-particle-no wpr-jarallax-no wpr-parallax-no wpr-sticky-section-no wpr-equal-height-no e-con e-child\" data-id=\"5c53dd05\" data-element_type=\"container\" data-e-type=\"container\">\n\t\t\t\t<div class=\"elementor-element elementor-element-35b56c93 elementor-widget elementor-widget-image\" data-id=\"35b56c93\" data-element_type=\"widget\" data-e-type=\"widget\" data-widget_type=\"image.default\">\n\t\t\t\t<div class=\"elementor-widget-container\">\n\t\t\t\t\t\t\t\t\t\t\t\t\t\t\t<img decoding=\"async\" src=\"https:\/\/avenidaconseiletformation.com\/wp-content\/uploads\/2025\/06\/planning-maman-solo-1-e1748875229161.png\" title=\"planning maman solo\" alt=\"planning maman solo\" loading=\"lazy\" \/>\t\t\t\t\t\t\t\t\t\t\t\t\t\t\t<\/div>\n\t\t\t\t<\/div>\n\t\t\t\t<\/div>\n\t\t\t\t\t<\/div>\n\t\t\t\t<\/div>\n\t\t\t\t<\/div>\n\t\t","protected":false},"excerpt":{"rendered":"<p>S\u00e9jour maman solo 2 Jours au coeur du quercy Blanc. Entre amie(s) pour un moment hors du temps et de la routiNE avec vos enfants pris encharge sur des moments fort H\u00e9bergement Une maison d\u2019habitation tout confort qui permet aux vacanciers de se retrouver dans des conditions de vacances agr\u00e9ables en pleine campagne Capacit\u00e9 : 3 familles maxi Activit\u00e9s propos\u00e9es Notre formule vous permet de partager entre amis ou avec vos enfants une exp\u00e9rienceoriginale dans une des plus belles r\u00e9gions de France. Partagez du temps en famille, tout en ayant du temps pour vous. Des animateurs.trices, prennent en charge vos enfants pour vous permettre de passer dutemps entre copines ou de rencontrer d\u2019autres mamans dans votre situation. Au programme, d\u00e9tente, temps pour soi, temps festif sans se soucier du moyen de garde. Cette formule est \u00e0 375\u20ac pour un adulte et 2 enfants, paiment en plusieurs fois possible. \u00a0 \u00a0<\/p>\n","protected":false},"author":1,"featured_media":0,"parent":0,"menu_order":0,"comment_status":"closed","ping_status":"closed","template":"","meta":{"footnotes":""},"class_list":["post-1840","page","type-page","status-publish","hentry"],"_links":{"self":[{"href":"https:\/\/avenidaconseiletformation.com\/index.php\/wp-json\/wp\/v2\/pages\/1840","targetHints":{"allow":["GET"]}}],"collection":[{"href":"https:\/\/avenidaconseiletformation.com\/index.php\/wp-json\/wp\/v2\/pages"}],"about":[{"href":"https:\/\/avenidaconseiletformation.com\/index.php\/wp-json\/wp\/v2\/types\/page"}],"author":[{"embeddable":true,"href":"https:\/\/avenidaconseiletformation.com\/index.php\/wp-json\/wp\/v2\/users\/1"}],"replies":[{"embeddable":true,"href":"https:\/\/avenidaconseiletformation.com\/index.php\/wp-json\/wp\/v2\/comments?post=1840"}],"version-history":[{"count":28,"href":"https:\/\/avenidaconseiletformation.com\/index.php\/wp-json\/wp\/v2\/pages\/1840\/revisions"}],"predecessor-version":[{"id":2365,"href":"https:\/\/avenidaconseiletformation.com\/index.php\/wp-json\/wp\/v2\/pages\/1840\/revisions\/2365"}],"wp:attachment":[{"href":"https:\/\/avenidaconseiletformation.com\/index.php\/wp-json\/wp\/v2\/media?parent=1840"}],"curies":[{"name":"wp","href":"https:\/\/api.w.org\/{rel}","templated":true}]}}