{"id":1876,"date":"2025-06-02T15:42:52","date_gmt":"2025-06-02T13:42:52","guid":{"rendered":"https:\/\/avenidaconseiletformation.com\/?page_id=1876"},"modified":"2025-06-10T10:57:45","modified_gmt":"2025-06-10T08:57:45","slug":"sejour-personnes-vulnerables","status":"publish","type":"page","link":"https:\/\/avenidaconseiletformation.com\/index.php\/sejour-personnes-vulnerables\/","title":{"rendered":"S\u00e9jour personnes vuln\u00e9rables"},"content":{"rendered":"\t\t<div data-elementor-type=\"wp-page\" data-elementor-id=\"1876\" class=\"elementor elementor-1876\">\n\t\t\t\t<div class=\"elementor-element elementor-element-276203e6 e-flex e-con-boxed wpr-particle-no wpr-jarallax-no wpr-parallax-no wpr-sticky-section-no wpr-equal-height-no e-con e-parent\" data-id=\"276203e6\" data-element_type=\"container\" data-e-type=\"container\">\n\t\t\t\t\t<div class=\"e-con-inner\">\n\t\t<div class=\"elementor-element elementor-element-4d0f682 e-con-full e-flex wpr-particle-no wpr-jarallax-no wpr-parallax-no wpr-sticky-section-no wpr-equal-height-no e-con e-child\" data-id=\"4d0f682\" data-element_type=\"container\" data-e-type=\"container\">\n\t\t<div class=\"elementor-element elementor-element-27fcf4c5 e-con-full e-flex wpr-particle-no wpr-jarallax-no wpr-parallax-no wpr-sticky-section-no wpr-equal-height-no e-con e-child\" data-id=\"27fcf4c5\" data-element_type=\"container\" data-e-type=\"container\">\n\t\t<div class=\"elementor-element elementor-element-25f3da35 e-con-full e-flex wpr-particle-no wpr-jarallax-no wpr-parallax-no wpr-sticky-section-no wpr-equal-height-no e-con e-child\" data-id=\"25f3da35\" data-element_type=\"container\" data-e-type=\"container\">\n\t\t\t\t<div class=\"elementor-element elementor-element-79947e3a elementor-widget elementor-widget-heading\" data-id=\"79947e3a\" data-element_type=\"widget\" data-e-type=\"widget\" data-widget_type=\"heading.default\">\n\t\t\t\t<div class=\"elementor-widget-container\">\n\t\t\t\t\t<h2 class=\"elementor-heading-title elementor-size-default\">S\u00e9jour pour structure PSH<\/h2>\t\t\t\t<\/div>\n\t\t\t\t<\/div>\n\t\t\t\t<\/div>\n\t\t\t\t<div class=\"elementor-element elementor-element-7f8f90d8 elementor-widget elementor-widget-text-editor\" data-id=\"7f8f90d8\" data-element_type=\"widget\" data-e-type=\"widget\" data-widget_type=\"text-editor.default\">\n\t\t\t\t<div class=\"elementor-widget-container\">\n\t\t\t\t\t\t\t\t\t<p data-pm-slice=\"0 0 []\">5 Jours au coeur du quercy Blanc. pour se reconstruire, gagner en confiance en soi et retrouver de la rassurance<\/p>\t\t\t\t\t\t\t\t<\/div>\n\t\t\t\t<\/div>\n\t\t<div class=\"elementor-element elementor-element-47c86f0c e-con-full e-flex wpr-particle-no wpr-jarallax-no wpr-parallax-no wpr-sticky-section-no wpr-equal-height-no e-con e-child\" data-id=\"47c86f0c\" data-element_type=\"container\" data-e-type=\"container\">\n\t\t\t\t<div class=\"elementor-element elementor-element-21c50a0f elementor-widget elementor-widget-heading\" data-id=\"21c50a0f\" data-element_type=\"widget\" data-e-type=\"widget\" data-widget_type=\"heading.default\">\n\t\t\t\t<div class=\"elementor-widget-container\">\n\t\t\t\t\t<h2 class=\"elementor-heading-title elementor-size-default\">H\u00e9bergement<\/h2>\t\t\t\t<\/div>\n\t\t\t\t<\/div>\n\t\t\t\t<div class=\"elementor-element elementor-element-7bdfa0a0 elementor-widget elementor-widget-text-editor\" data-id=\"7bdfa0a0\" data-element_type=\"widget\" data-e-type=\"widget\" data-widget_type=\"text-editor.default\">\n\t\t\t\t<div class=\"elementor-widget-container\">\n\t\t\t\t\t\t\t\t\t<p style=\"position: relative; top: calc(var(--1Zy1_A, 0)*1em); counter-reset: list-1 0 list-2 0 list-3 0 list-4 0 list-5 0 list-6 0 list-7 0 list-8 0; background-color: #ffffff; --caumqq: 12.0002px; line-height: 19px; --py_8za: 0; --ojepfa: 0; --uycvzq: none; list-style-type: none; --wp-dark-mode-inline-bgcolor: #242525; margin: 0px 0px 0px calc(var(--oJepFA)*1em); text-align: left;\" data-wp-dark-mode-inline-bgcolor=\"\">Une maison d\u2019habitation tout confortqui permet aux r\u00e9sidents de se retrouverdans des conditions de vacance agr\u00e9able.<\/p><p data-wp-dark-mode-inline-bgcolor=\"\">\u00a0<\/p><p style=\"position: relative; top: calc(var(--1Zy1_A, 0)*1em); counter-reset: list-1 0 list-2 0 list-3 0 list-4 0 list-5 0 list-6 0 list-7 0 list-8 0; background-color: #ffffff; --caumqq: 12.0002px; line-height: 19px; --py_8za: 0; --ojepfa: 0; --uycvzq: none; list-style-type: none; --wp-dark-mode-inline-bgcolor: #242525; margin: 0px 0px 0px calc(var(--oJepFA)*1em); text-align: left;\" data-wp-dark-mode-inline-bgcolor=\"\">Capacit\u00e9 : 6 r\u00e9sidents et 2 accompagnants.<\/p>\t\t\t\t\t\t\t\t<\/div>\n\t\t\t\t<\/div>\n\t\t\t\t<\/div>\n\t\t\t\t<\/div>\n\t\t\t\t<\/div>\n\t\t<div class=\"elementor-element elementor-element-4dfd0c33 e-con-full e-flex wpr-particle-no wpr-jarallax-no wpr-parallax-no wpr-sticky-section-no wpr-equal-height-no e-con e-child\" data-id=\"4dfd0c33\" data-element_type=\"container\" data-e-type=\"container\">\n\t\t\t\t<div class=\"elementor-element elementor-element-76e433fe elementor-widget elementor-widget-image\" data-id=\"76e433fe\" data-element_type=\"widget\" data-e-type=\"widget\" data-widget_type=\"image.default\">\n\t\t\t\t<div class=\"elementor-widget-container\">\n\t\t\t\t\t\t\t\t\t\t\t\t\t\t\t<img decoding=\"async\" src=\"https:\/\/avenidaconseiletformation.com\/wp-content\/uploads\/2025\/06\/handicaper.png\" title=\"handicaper\" alt=\"handicaper\" loading=\"lazy\" \/>\t\t\t\t\t\t\t\t\t\t\t\t\t\t\t<\/div>\n\t\t\t\t<\/div>\n\t\t\t\t<\/div>\n\t\t\t\t\t<\/div>\n\t\t\t\t<\/div>\n\t\t<div class=\"elementor-element elementor-element-73393696 e-flex e-con-boxed wpr-particle-no wpr-jarallax-no wpr-parallax-no wpr-sticky-section-no wpr-equal-height-no e-con e-parent\" data-id=\"73393696\" data-element_type=\"container\" data-e-type=\"container\">\n\t\t\t\t\t<div class=\"e-con-inner\">\n\t\t<div class=\"elementor-element elementor-element-61f036f0 e-con-full e-flex wpr-particle-no wpr-jarallax-no wpr-parallax-no wpr-sticky-section-no wpr-equal-height-no e-con e-child\" data-id=\"61f036f0\" data-element_type=\"container\" data-e-type=\"container\">\n\t\t\t\t<div class=\"elementor-element elementor-element-4f397d12 elementor-widget elementor-widget-heading\" data-id=\"4f397d12\" data-element_type=\"widget\" data-e-type=\"widget\" data-widget_type=\"heading.default\">\n\t\t\t\t<div class=\"elementor-widget-container\">\n\t\t\t\t\t<h2 class=\"elementor-heading-title elementor-size-default\">Activit\u00e9s propos\u00e9es<\/h2>\t\t\t\t<\/div>\n\t\t\t\t<\/div>\n\t\t<div class=\"elementor-element elementor-element-2605b6b2 e-con-full e-flex wpr-particle-no wpr-jarallax-no wpr-parallax-no wpr-sticky-section-no wpr-equal-height-no e-con e-child\" data-id=\"2605b6b2\" data-element_type=\"container\" data-e-type=\"container\">\n\t\t\t\t<div class=\"elementor-element elementor-element-701a05bb elementor-widget elementor-widget-text-editor\" data-id=\"701a05bb\" data-element_type=\"widget\" data-e-type=\"widget\" data-widget_type=\"text-editor.default\">\n\t\t\t\t<div class=\"elementor-widget-container\">\n\t\t\t\t\t\t\t\t\t<p data-pm-slice=\"0 0 []\">Le nombre de r\u00e9sidents accueillis est de 6, afin de faciliter les interactions, de permettre un \u00e9change riche et der\u00e9veiller leur cr\u00e9ativit\u00e9.<\/p><p data-pm-slice=\"0 0 []\">Les activit\u00e9s que nous proposons se font avec le groupe au complet et notre intervenant n\u2019a besoin que d\u2019un adulte avec lui en face \u00e0 face public.<\/p><p data-pm-slice=\"0 0 []\">Une autre formule est possible, nous proposons une offre confort avec un.e maitre.sse de maison qui s\u2019occupe de la logistique (Courses), entretien de la maison, confection des repas.<\/p><p data-pm-slice=\"0 0 []\">Cette formule est \u00e0 570\u20ac par r\u00e9sidents pour la semaine. Pour les personnes venant de loin, il est possible d\u2019arriver le dimanche pour 35\u20ac suppl\u00e9mentaires par r\u00e9sident afin d\u2019optimiser le temps d\u2019activit\u00e9.<\/p><p data-pm-slice=\"0 0 []\">Les activit\u00e9s se d\u00e9roulent comme suit: de 9h30 \u00e0 11h45 de 15h \u00e0 17h La piscine est \u00e0 disposition du groupe mais n\u2019est ouverte que de juin \u00e0 septembre suivant la m\u00e9t\u00e9o.<\/p>\t\t\t\t\t\t\t\t<\/div>\n\t\t\t\t<\/div>\n\t\t\t\t<\/div>\n\t\t\t\t<\/div>\n\t\t<div class=\"elementor-element elementor-element-52f71225 e-con-full e-flex wpr-particle-no wpr-jarallax-no wpr-parallax-no wpr-sticky-section-no wpr-equal-height-no e-con e-child\" data-id=\"52f71225\" data-element_type=\"container\" data-e-type=\"container\">\n\t\t\t\t<div class=\"elementor-element elementor-element-17b304c8 elementor-widget elementor-widget-image\" data-id=\"17b304c8\" data-element_type=\"widget\" data-e-type=\"widget\" data-widget_type=\"image.default\">\n\t\t\t\t<div class=\"elementor-widget-container\">\n\t\t\t\t\t\t\t\t\t\t\t\t\t\t\t<img decoding=\"async\" src=\"https:\/\/avenidaconseiletformation.com\/wp-content\/uploads\/2025\/06\/planning-handicap-e1748875755562.png\" title=\"planning handicap\" alt=\"planning handicap\" loading=\"lazy\" \/>\t\t\t\t\t\t\t\t\t\t\t\t\t\t\t<\/div>\n\t\t\t\t<\/div>\n\t\t\t\t<\/div>\n\t\t\t\t\t<\/div>\n\t\t\t\t<\/div>\n\t\t\t\t<\/div>\n\t\t","protected":false},"excerpt":{"rendered":"<p>S\u00e9jour pour structure PSH 5 Jours au coeur du quercy Blanc. pour se reconstruire, gagner en confiance en soi et retrouver de la rassurance H\u00e9bergement Une maison d\u2019habitation tout confortqui permet aux r\u00e9sidents de se retrouverdans des conditions de vacance agr\u00e9able. \u00a0 Capacit\u00e9 : 6 r\u00e9sidents et 2 accompagnants. Activit\u00e9s propos\u00e9es Le nombre de r\u00e9sidents accueillis est de 6, afin de faciliter les interactions, de permettre un \u00e9change riche et der\u00e9veiller leur cr\u00e9ativit\u00e9. Les activit\u00e9s que nous proposons se font avec le groupe au complet et notre intervenant n\u2019a besoin que d\u2019un adulte avec lui en face \u00e0 face public. Une autre formule est possible, nous proposons une offre confort avec un.e maitre.sse de maison qui s\u2019occupe de la logistique (Courses), entretien de la maison, confection des repas. Cette formule est \u00e0 570\u20ac par r\u00e9sidents pour la semaine. Pour les personnes venant de loin, il est possible d\u2019arriver le dimanche pour 35\u20ac suppl\u00e9mentaires par r\u00e9sident afin d\u2019optimiser le temps d\u2019activit\u00e9. Les activit\u00e9s se d\u00e9roulent comme suit: de 9h30 \u00e0 11h45 de 15h \u00e0 17h La piscine est \u00e0 disposition du groupe mais n\u2019est ouverte que de juin \u00e0 septembre suivant la m\u00e9t\u00e9o.<\/p>\n","protected":false},"author":1,"featured_media":0,"parent":0,"menu_order":0,"comment_status":"closed","ping_status":"closed","template":"","meta":{"footnotes":""},"class_list":["post-1876","page","type-page","status-publish","hentry"],"_links":{"self":[{"href":"https:\/\/avenidaconseiletformation.com\/index.php\/wp-json\/wp\/v2\/pages\/1876","targetHints":{"allow":["GET"]}}],"collection":[{"href":"https:\/\/avenidaconseiletformation.com\/index.php\/wp-json\/wp\/v2\/pages"}],"about":[{"href":"https:\/\/avenidaconseiletformation.com\/index.php\/wp-json\/wp\/v2\/types\/page"}],"author":[{"embeddable":true,"href":"https:\/\/avenidaconseiletformation.com\/index.php\/wp-json\/wp\/v2\/users\/1"}],"replies":[{"embeddable":true,"href":"https:\/\/avenidaconseiletformation.com\/index.php\/wp-json\/wp\/v2\/comments?post=1876"}],"version-history":[{"count":52,"href":"https:\/\/avenidaconseiletformation.com\/index.php\/wp-json\/wp\/v2\/pages\/1876\/revisions"}],"predecessor-version":[{"id":2330,"href":"https:\/\/avenidaconseiletformation.com\/index.php\/wp-json\/wp\/v2\/pages\/1876\/revisions\/2330"}],"wp:attachment":[{"href":"https:\/\/avenidaconseiletformation.com\/index.php\/wp-json\/wp\/v2\/media?parent=1876"}],"curies":[{"name":"wp","href":"https:\/\/api.w.org\/{rel}","templated":true}]}}