{"id":237,"date":"2025-01-09T13:42:48","date_gmt":"2025-01-09T12:42:48","guid":{"rendered":"https:\/\/avenidaconseiletformation.com\/?page_id=237"},"modified":"2025-06-04T16:19:30","modified_gmt":"2025-06-04T14:19:30","slug":"formations-en-langues","status":"publish","type":"page","link":"https:\/\/avenidaconseiletformation.com\/index.php\/formations-en-langues\/","title":{"rendered":"Formations en langues"},"content":{"rendered":"\t\t<div data-elementor-type=\"wp-page\" data-elementor-id=\"237\" class=\"elementor elementor-237\">\n\t\t\t\t<div class=\"elementor-element elementor-element-71e9047 e-flex e-con-boxed wpr-particle-no wpr-jarallax-no wpr-parallax-no wpr-sticky-section-no wpr-equal-height-no e-con e-parent\" data-id=\"71e9047\" data-element_type=\"container\" data-e-type=\"container\">\n\t\t\t\t\t<div class=\"e-con-inner\">\n\t\t\t\t<div class=\"elementor-element elementor-element-08e699c elementor-widget elementor-widget-spacer\" data-id=\"08e699c\" data-element_type=\"widget\" data-e-type=\"widget\" data-widget_type=\"spacer.default\">\n\t\t\t\t<div class=\"elementor-widget-container\">\n\t\t\t\t\t\t\t<div class=\"elementor-spacer\">\n\t\t\t<div class=\"elementor-spacer-inner\"><\/div>\n\t\t<\/div>\n\t\t\t\t\t\t<\/div>\n\t\t\t\t<\/div>\n\t\t\t\t<div class=\"elementor-element elementor-element-c9d1d21 elementor-widget elementor-widget-heading\" data-id=\"c9d1d21\" data-element_type=\"widget\" data-e-type=\"widget\" data-widget_type=\"heading.default\">\n\t\t\t\t<div class=\"elementor-widget-container\">\n\t\t\t\t\t<h2 class=\"elementor-heading-title elementor-size-default\">Pr\u00e9sentation G\u00e9n\u00e9rale des langues <\/h2>\t\t\t\t<\/div>\n\t\t\t\t<\/div>\n\t\t\t\t<div class=\"elementor-element elementor-element-3fd054e elementor-widget elementor-widget-text-editor\" data-id=\"3fd054e\" data-element_type=\"widget\" data-e-type=\"widget\" data-widget_type=\"text-editor.default\">\n\t\t\t\t<div class=\"elementor-widget-container\">\n\t\t\t\t\t\t\t\t\t<p>Choisir des formations en langue en immersion avec Avenida Formation, pr\u00e9sente de nombreux avantages qui peuvent consid\u00e9rablement am\u00e9liorer l&rsquo;apprentissage d&rsquo;une nouvelle langue.<\/p>\t\t\t\t\t\t\t\t<\/div>\n\t\t\t\t<\/div>\n\t\t\t\t<div class=\"elementor-element elementor-element-b121ab5 elementor-widget elementor-widget-heading\" data-id=\"b121ab5\" data-element_type=\"widget\" data-e-type=\"widget\" data-widget_type=\"heading.default\">\n\t\t\t\t<div class=\"elementor-widget-container\">\n\t\t\t\t\t<h4 class=\"elementor-heading-title elementor-size-default\">Voici quelques raisons pour lesquelles cette m\u00e9thode est particuli\u00e8rement efficace :<\/h4>\t\t\t\t<\/div>\n\t\t\t\t<\/div>\n\t\t\t\t\t<\/div>\n\t\t\t\t<\/div>\n\t\t<div class=\"elementor-element elementor-element-1153f03 e-flex e-con-boxed wpr-particle-no wpr-jarallax-no wpr-parallax-no wpr-sticky-section-no wpr-equal-height-no e-con e-parent\" data-id=\"1153f03\" data-element_type=\"container\" data-e-type=\"container\">\n\t\t\t\t\t<div class=\"e-con-inner\">\n\t\t<div class=\"elementor-element elementor-element-535127b e-con-full e-flex wpr-particle-no wpr-jarallax-no wpr-parallax-no wpr-sticky-section-no wpr-equal-height-no e-con e-child\" data-id=\"535127b\" data-element_type=\"container\" data-e-type=\"container\">\n\t\t\t\t<div class=\"elementor-element elementor-element-a9ba4c1 elementor-widget elementor-widget-heading\" data-id=\"a9ba4c1\" data-element_type=\"widget\" data-e-type=\"widget\" data-widget_type=\"heading.default\">\n\t\t\t\t<div class=\"elementor-widget-container\">\n\t\t\t\t\t<h4 class=\"elementor-heading-title elementor-size-default\">Pratique quotidienne :<\/h4>\t\t\t\t<\/div>\n\t\t\t\t<\/div>\n\t\t\t\t<div class=\"elementor-element elementor-element-8748d17 elementor-widget elementor-widget-text-editor\" data-id=\"8748d17\" data-element_type=\"widget\" data-e-type=\"widget\" data-widget_type=\"text-editor.default\">\n\t\t\t\t<div class=\"elementor-widget-container\">\n\t\t\t\t\t\t\t\t\t<p align=\"left\">L&rsquo;immersion permet de pratiquer la langue de mani\u00e8re constante et naturelle, en int\u00e9grant l&rsquo;apprentissage dans la vie quotidienne. Cela aide \u00e0 renforcer les comp\u00e9tences linguistiques de mani\u00e8re organique.<\/p>\t\t\t\t\t\t\t\t<\/div>\n\t\t\t\t<\/div>\n\t\t\t\t<\/div>\n\t\t<div class=\"elementor-element elementor-element-1183385 e-con-full e-flex wpr-particle-no wpr-jarallax-no wpr-parallax-no wpr-sticky-section-no wpr-equal-height-no e-con e-child\" data-id=\"1183385\" data-element_type=\"container\" data-e-type=\"container\">\n\t\t\t\t<div class=\"elementor-element elementor-element-3c0ebf0 elementor-widget elementor-widget-heading\" data-id=\"3c0ebf0\" data-element_type=\"widget\" data-e-type=\"widget\" data-widget_type=\"heading.default\">\n\t\t\t\t<div class=\"elementor-widget-container\">\n\t\t\t\t\t<h4 class=\"elementor-heading-title elementor-size-default\">Contexte culturel :<\/h4>\t\t\t\t<\/div>\n\t\t\t\t<\/div>\n\t\t\t\t<div class=\"elementor-element elementor-element-cefc4a3 elementor-widget elementor-widget-text-editor\" data-id=\"cefc4a3\" data-element_type=\"widget\" data-e-type=\"widget\" data-widget_type=\"text-editor.default\">\n\t\t\t\t<div class=\"elementor-widget-container\">\n\t\t\t\t\t\t\t\t\t<p align=\"left\">En \u00e9tant immerg\u00e9 dans un environnement o\u00f9 la langue est parl\u00e9e, les apprenants ont l&rsquo;occasion de d\u00e9couvrir la culture, les coutumes et les nuances de la langue, ce qui enrichit leur compr\u00e9hension et leur utilisation.<\/p>\t\t\t\t\t\t\t\t<\/div>\n\t\t\t\t<\/div>\n\t\t\t\t<\/div>\n\t\t<div class=\"elementor-element elementor-element-e58cf53 e-con-full e-flex wpr-particle-no wpr-jarallax-no wpr-parallax-no wpr-sticky-section-no wpr-equal-height-no e-con e-child\" data-id=\"e58cf53\" data-element_type=\"container\" data-e-type=\"container\">\n\t\t\t\t<div class=\"elementor-element elementor-element-4242b66 elementor-widget elementor-widget-heading\" data-id=\"4242b66\" data-element_type=\"widget\" data-e-type=\"widget\" data-widget_type=\"heading.default\">\n\t\t\t\t<div class=\"elementor-widget-container\">\n\t\t\t\t\t<h4 class=\"elementor-heading-title elementor-size-default\">Am\u00e9lioration de la prononciation :<\/h4>\t\t\t\t<\/div>\n\t\t\t\t<\/div>\n\t\t\t\t<div class=\"elementor-element elementor-element-0528dd3 elementor-widget elementor-widget-text-editor\" data-id=\"0528dd3\" data-element_type=\"widget\" data-e-type=\"widget\" data-widget_type=\"text-editor.default\">\n\t\t\t\t<div class=\"elementor-widget-container\">\n\t\t\t\t\t\t\t\t\t<p align=\"left\">L&rsquo;exposition \u00e0 des locuteurs natifs ou actifs permet d&rsquo;am\u00e9liorer la prononciation et l&rsquo;accent, car les apprenants peuvent \u00e9couter et reproduire les sons et les intonations de mani\u00e8re plus pr\u00e9cise.<\/p>\t\t\t\t\t\t\t\t<\/div>\n\t\t\t\t<\/div>\n\t\t\t\t<\/div>\n\t\t<div class=\"elementor-element elementor-element-aaaa479 e-con-full e-flex wpr-particle-no wpr-jarallax-no wpr-parallax-no wpr-sticky-section-no wpr-equal-height-no e-con e-child\" data-id=\"aaaa479\" data-element_type=\"container\" data-e-type=\"container\">\n\t\t\t\t<div class=\"elementor-element elementor-element-34f17b7 elementor-widget elementor-widget-heading\" data-id=\"34f17b7\" data-element_type=\"widget\" data-e-type=\"widget\" data-widget_type=\"heading.default\">\n\t\t\t\t<div class=\"elementor-widget-container\">\n\t\t\t\t\t<h4 class=\"elementor-heading-title elementor-size-default\">Confiance en soi :<\/h4>\t\t\t\t<\/div>\n\t\t\t\t<\/div>\n\t\t\t\t<div class=\"elementor-element elementor-element-fe52ad6 elementor-widget elementor-widget-text-editor\" data-id=\"fe52ad6\" data-element_type=\"widget\" data-e-type=\"widget\" data-widget_type=\"text-editor.default\">\n\t\t\t\t<div class=\"elementor-widget-container\">\n\t\t\t\t\t\t\t\t\t<p align=\"left\">L&rsquo;immersion aide \u00e0 surmonter la peur de parler et \u00e0 d\u00e9velopper la confiance en soi. En interagissant r\u00e9guli\u00e8rement avec des locuteurs natifs ou actifs, les apprenants se sentent plus \u00e0 l&rsquo;aise pour utiliser la langue.<\/p>\t\t\t\t\t\t\t\t<\/div>\n\t\t\t\t<\/div>\n\t\t\t\t<\/div>\n\t\t<div class=\"elementor-element elementor-element-4e23ddd e-con-full e-flex wpr-particle-no wpr-jarallax-no wpr-parallax-no wpr-sticky-section-no wpr-equal-height-no e-con e-child\" data-id=\"4e23ddd\" data-element_type=\"container\" data-e-type=\"container\">\n\t\t\t\t<div class=\"elementor-element elementor-element-328c097 elementor-widget elementor-widget-heading\" data-id=\"328c097\" data-element_type=\"widget\" data-e-type=\"widget\" data-widget_type=\"heading.default\">\n\t\t\t\t<div class=\"elementor-widget-container\">\n\t\t\t\t\t<h4 class=\"elementor-heading-title elementor-size-default\">Apprentissage contextuel :<\/h4>\t\t\t\t<\/div>\n\t\t\t\t<\/div>\n\t\t\t\t<div class=\"elementor-element elementor-element-a39a17e elementor-widget elementor-widget-text-editor\" data-id=\"a39a17e\" data-element_type=\"widget\" data-e-type=\"widget\" data-widget_type=\"text-editor.default\">\n\t\t\t\t<div class=\"elementor-widget-container\">\n\t\t\t\t\t\t\t\t\t<p class=\"western\" align=\"left\">\u00a0Les formations en immersion favorisent un apprentissage bas\u00e9 sur des situations r\u00e9elles, ce qui permet aux apprenants de comprendre comment utiliser la langue dans des contextes vari\u00e9s et pratiques.<\/p>\t\t\t\t\t\t\t\t<\/div>\n\t\t\t\t<\/div>\n\t\t\t\t<\/div>\n\t\t<div class=\"elementor-element elementor-element-32e856b e-con-full e-flex wpr-particle-no wpr-jarallax-no wpr-parallax-no wpr-sticky-section-no wpr-equal-height-no e-con e-child\" data-id=\"32e856b\" data-element_type=\"container\" data-e-type=\"container\">\n\t\t\t\t<div class=\"elementor-element elementor-element-750b042 elementor-widget elementor-widget-heading\" data-id=\"750b042\" data-element_type=\"widget\" data-e-type=\"widget\" data-widget_type=\"heading.default\">\n\t\t\t\t<div class=\"elementor-widget-container\">\n\t\t\t\t\t<h4 class=\"elementor-heading-title elementor-size-default\">Motivation accrue :<\/h4>\t\t\t\t<\/div>\n\t\t\t\t<\/div>\n\t\t\t\t<div class=\"elementor-element elementor-element-49857d6 elementor-widget elementor-widget-text-editor\" data-id=\"49857d6\" data-element_type=\"widget\" data-e-type=\"widget\" data-widget_type=\"text-editor.default\">\n\t\t\t\t<div class=\"elementor-widget-container\">\n\t\t\t\t\t\t\t\t\t<p align=\"left\">L&rsquo;exp\u00e9rience immersive est souvent plus engageante et motivante. Les apprenants sont plong\u00e9s dans un environnement stimulant qui les incite \u00e0 s&rsquo;investir davantage dans leur apprentissage.<\/p>\t\t\t\t\t\t\t\t<\/div>\n\t\t\t\t<\/div>\n\t\t\t\t<\/div>\n\t\t<div class=\"elementor-element elementor-element-0db8d5a e-con-full e-flex wpr-particle-no wpr-jarallax-no wpr-parallax-no wpr-sticky-section-no wpr-equal-height-no e-con e-child\" data-id=\"0db8d5a\" data-element_type=\"container\" data-e-type=\"container\">\n\t\t\t\t<div class=\"elementor-element elementor-element-e5b64fd elementor-widget elementor-widget-heading\" data-id=\"e5b64fd\" data-element_type=\"widget\" data-e-type=\"widget\" data-widget_type=\"heading.default\">\n\t\t\t\t<div class=\"elementor-widget-container\">\n\t\t\t\t\t<h4 class=\"elementor-heading-title elementor-size-default\">D\u00e9veloppement des comp\u00e9tences sociales :<\/h4>\t\t\t\t<\/div>\n\t\t\t\t<\/div>\n\t\t\t\t<div class=\"elementor-element elementor-element-841d700 elementor-widget elementor-widget-text-editor\" data-id=\"841d700\" data-element_type=\"widget\" data-e-type=\"widget\" data-widget_type=\"text-editor.default\">\n\t\t\t\t<div class=\"elementor-widget-container\">\n\t\t\t\t\t\t\t\t\t<p align=\"left\">L&rsquo;immersion favorise les interactions sociales, ce qui permet aux apprenants de d\u00e9velopper des comp\u00e9tences interpersonnelles tout en pratiquant la langue.<\/p>\t\t\t\t\t\t\t\t<\/div>\n\t\t\t\t<\/div>\n\t\t\t\t<\/div>\n\t\t<div class=\"elementor-element elementor-element-d08f9bd e-con-full e-flex wpr-particle-no wpr-jarallax-no wpr-parallax-no wpr-sticky-section-no wpr-equal-height-no e-con e-child\" data-id=\"d08f9bd\" data-element_type=\"container\" data-e-type=\"container\">\n\t\t\t\t<div class=\"elementor-element elementor-element-2023b3e elementor-widget elementor-widget-heading\" data-id=\"2023b3e\" data-element_type=\"widget\" data-e-type=\"widget\" data-widget_type=\"heading.default\">\n\t\t\t\t<div class=\"elementor-widget-container\">\n\t\t\t\t\t<h4 class=\"elementor-heading-title elementor-size-default\">R\u00e9sultats rapides :<\/h4>\t\t\t\t<\/div>\n\t\t\t\t<\/div>\n\t\t\t\t<div class=\"elementor-element elementor-element-ef5798e elementor-widget elementor-widget-text-editor\" data-id=\"ef5798e\" data-element_type=\"widget\" data-e-type=\"widget\" data-widget_type=\"text-editor.default\">\n\t\t\t\t<div class=\"elementor-widget-container\">\n\t\t\t\t\t\t\t\t\t<p align=\"left\">Les formations en immersion peuvent conduire \u00e0 des progr\u00e8s rapides, car les apprenants sont expos\u00e9s \u00e0 la langue de mani\u00e8re intensive et continue.<\/p>\t\t\t\t\t\t\t\t<\/div>\n\t\t\t\t<\/div>\n\t\t\t\t<\/div>\n\t\t<div class=\"elementor-element elementor-element-73abfee e-con-full e-flex wpr-particle-no wpr-jarallax-no wpr-parallax-no wpr-sticky-section-no wpr-equal-height-no e-con e-child\" data-id=\"73abfee\" data-element_type=\"container\" data-e-type=\"container\">\n\t\t\t\t<div class=\"elementor-element elementor-element-3b8c1da elementor-widget elementor-widget-heading\" data-id=\"3b8c1da\" data-element_type=\"widget\" data-e-type=\"widget\" data-widget_type=\"heading.default\">\n\t\t\t\t<div class=\"elementor-widget-container\">\n\t\t\t\t\t<h4 class=\"elementor-heading-title elementor-size-default\">Cours th\u00e9oriques<\/h4>\t\t\t\t<\/div>\n\t\t\t\t<\/div>\n\t\t\t\t<div class=\"elementor-element elementor-element-db3ed04 elementor-widget elementor-widget-text-editor\" data-id=\"db3ed04\" data-element_type=\"widget\" data-e-type=\"widget\" data-widget_type=\"text-editor.default\">\n\t\t\t\t<div class=\"elementor-widget-container\">\n\t\t\t\t\t\t\t\t\t<p align=\"left\">Chez Avenida Formation, des cours th\u00e9oriques par demi-journ\u00e9e viennent renforcer les connaissances des apprenants pour une meilleure maitrise de la langue.<\/p>\t\t\t\t\t\t\t\t<\/div>\n\t\t\t\t<\/div>\n\t\t\t\t<\/div>\n\t\t\t\t\t<\/div>\n\t\t\t\t<\/div>\n\t\t<div class=\"elementor-element elementor-element-2bb158c e-flex e-con-boxed wpr-particle-no wpr-jarallax-no wpr-parallax-no wpr-sticky-section-no wpr-equal-height-no e-con e-parent\" data-id=\"2bb158c\" data-element_type=\"container\" data-e-type=\"container\">\n\t\t\t\t\t<div class=\"e-con-inner\">\n\t\t\t\t<div class=\"elementor-element elementor-element-4a4f7e9 elementor-widget elementor-widget-text-editor\" data-id=\"4a4f7e9\" data-element_type=\"widget\" data-e-type=\"widget\" data-widget_type=\"text-editor.default\">\n\t\t\t\t<div class=\"elementor-widget-container\">\n\t\t\t\t\t\t\t\t\t<p>En somme, les formations en langue en immersion offrent une approche dynamique et efficace pour apprendre une nouvelle langue, en combinant pratique, culture et interaction sociale. C&rsquo;est une m\u00e9thode qui favorise un apprentissage durable et enrichissant.<\/p>\t\t\t\t\t\t\t\t<\/div>\n\t\t\t\t<\/div>\n\t\t\t\t\t<\/div>\n\t\t\t\t<\/div>\n\t\t<div class=\"elementor-element elementor-element-3bbc6bb e-flex e-con-boxed wpr-particle-no wpr-jarallax-no wpr-parallax-no wpr-sticky-section-no wpr-equal-height-no e-con e-parent\" data-id=\"3bbc6bb\" data-element_type=\"container\" data-e-type=\"container\">\n\t\t\t\t\t<div class=\"e-con-inner\">\n\t\t<div class=\"elementor-element elementor-element-5ef48f8 e-con-full e-flex wpr-particle-no wpr-jarallax-no wpr-parallax-no wpr-sticky-section-no wpr-equal-height-no e-con e-child\" data-id=\"5ef48f8\" data-element_type=\"container\" data-e-type=\"container\">\n\t\t\t\t<div class=\"elementor-element elementor-element-4c27052 elementor-widget elementor-widget-image\" data-id=\"4c27052\" data-element_type=\"widget\" data-e-type=\"widget\" data-widget_type=\"image.default\">\n\t\t\t\t<div class=\"elementor-widget-container\">\n\t\t\t\t\t\t\t\t\t\t\t\t<figure class=\"wp-caption\">\n\t\t\t\t\t\t\t\t\t\t\t<a href=\"https:\/\/avenidaconseiletformation.com\/index.php\/formation-en-anglais\/\">\n\t\t\t\t\t\t\t<img fetchpriority=\"high\" decoding=\"async\" width=\"300\" height=\"225\" src=\"https:\/\/avenidaconseiletformation.com\/wp-content\/uploads\/2025\/01\/An_artistic_representation_of_the_English_language_featuring_elements_like_famous_English_literature1-300x225.png\" class=\"elementor-animation-shrink attachment-medium size-medium wp-image-666\" alt=\"\" srcset=\"https:\/\/avenidaconseiletformation.com\/wp-content\/uploads\/2025\/01\/An_artistic_representation_of_the_English_language_featuring_elements_like_famous_English_literature1-300x225.png 300w, https:\/\/avenidaconseiletformation.com\/wp-content\/uploads\/2025\/01\/An_artistic_representation_of_the_English_language_featuring_elements_like_famous_English_literature1-768x576.png 768w, https:\/\/avenidaconseiletformation.com\/wp-content\/uploads\/2025\/01\/An_artistic_representation_of_the_English_language_featuring_elements_like_famous_English_literature1.png 1024w\" sizes=\"(max-width: 300px) 100vw, 300px\" \/>\t\t\t\t\t\t\t\t<\/a>\n\t\t\t\t\t\t\t\t\t\t\t<figcaption class=\"widget-image-caption wp-caption-text\">Anglais<\/figcaption>\n\t\t\t\t\t\t\t\t\t\t<\/figure>\n\t\t\t\t\t\t\t\t\t<\/div>\n\t\t\t\t<\/div>\n\t\t\t\t<\/div>\n\t\t<div class=\"elementor-element elementor-element-7952dcc e-con-full e-flex wpr-particle-no wpr-jarallax-no wpr-parallax-no wpr-sticky-section-no wpr-equal-height-no e-con e-child\" data-id=\"7952dcc\" data-element_type=\"container\" data-e-type=\"container\">\n\t\t\t\t<div class=\"elementor-element elementor-element-a241836 elementor-widget elementor-widget-image\" data-id=\"a241836\" data-element_type=\"widget\" data-e-type=\"widget\" data-widget_type=\"image.default\">\n\t\t\t\t<div class=\"elementor-widget-container\">\n\t\t\t\t\t\t\t\t\t\t\t\t<figure class=\"wp-caption\">\n\t\t\t\t\t\t\t\t\t\t\t<a href=\"https:\/\/avenidaconseiletformation.com\/index.php\/formation-en-espagnol\/\">\n\t\t\t\t\t\t\t<img decoding=\"async\" width=\"300\" height=\"225\" src=\"https:\/\/avenidaconseiletformation.com\/wp-content\/uploads\/2025\/01\/An_artistic_representation_of_the_Spanish_language_featuring_elements_like_famous_Spanish_literature1-300x225.png\" class=\"elementor-animation-shrink attachment-medium size-medium wp-image-667\" alt=\"\" srcset=\"https:\/\/avenidaconseiletformation.com\/wp-content\/uploads\/2025\/01\/An_artistic_representation_of_the_Spanish_language_featuring_elements_like_famous_Spanish_literature1-300x225.png 300w, https:\/\/avenidaconseiletformation.com\/wp-content\/uploads\/2025\/01\/An_artistic_representation_of_the_Spanish_language_featuring_elements_like_famous_Spanish_literature1-768x576.png 768w, https:\/\/avenidaconseiletformation.com\/wp-content\/uploads\/2025\/01\/An_artistic_representation_of_the_Spanish_language_featuring_elements_like_famous_Spanish_literature1.png 1024w\" sizes=\"(max-width: 300px) 100vw, 300px\" \/>\t\t\t\t\t\t\t\t<\/a>\n\t\t\t\t\t\t\t\t\t\t\t<figcaption class=\"widget-image-caption wp-caption-text\">Espagnol<\/figcaption>\n\t\t\t\t\t\t\t\t\t\t<\/figure>\n\t\t\t\t\t\t\t\t\t<\/div>\n\t\t\t\t<\/div>\n\t\t\t\t<\/div>\n\t\t<div class=\"elementor-element elementor-element-b301892 e-con-full e-flex wpr-particle-no wpr-jarallax-no wpr-parallax-no wpr-sticky-section-no wpr-equal-height-no e-con e-child\" data-id=\"b301892\" data-element_type=\"container\" data-e-type=\"container\">\n\t\t\t\t<div class=\"elementor-element elementor-element-5636a6e elementor-widget elementor-widget-image\" data-id=\"5636a6e\" data-element_type=\"widget\" data-e-type=\"widget\" data-widget_type=\"image.default\">\n\t\t\t\t<div class=\"elementor-widget-container\">\n\t\t\t\t\t\t\t\t\t\t\t\t<figure class=\"wp-caption\">\n\t\t\t\t\t\t\t\t\t\t\t<a href=\"https:\/\/avenidaconseiletformation.com\/index.php\/formation-en-francais\/\">\n\t\t\t\t\t\t\t<img decoding=\"async\" width=\"300\" height=\"225\" src=\"https:\/\/avenidaconseiletformation.com\/wp-content\/uploads\/2025\/01\/An_artistic_representation_of_the_French_language_featuring_elements_like_famous_French_literature_b-300x225.png\" class=\"elementor-animation-shrink attachment-medium size-medium wp-image-671\" alt=\"\" srcset=\"https:\/\/avenidaconseiletformation.com\/wp-content\/uploads\/2025\/01\/An_artistic_representation_of_the_French_language_featuring_elements_like_famous_French_literature_b-300x225.png 300w, https:\/\/avenidaconseiletformation.com\/wp-content\/uploads\/2025\/01\/An_artistic_representation_of_the_French_language_featuring_elements_like_famous_French_literature_b-768x576.png 768w, https:\/\/avenidaconseiletformation.com\/wp-content\/uploads\/2025\/01\/An_artistic_representation_of_the_French_language_featuring_elements_like_famous_French_literature_b.png 1024w\" sizes=\"(max-width: 300px) 100vw, 300px\" \/>\t\t\t\t\t\t\t\t<\/a>\n\t\t\t\t\t\t\t\t\t\t\t<figcaption class=\"widget-image-caption wp-caption-text\">Fran\u00e7ais<\/figcaption>\n\t\t\t\t\t\t\t\t\t\t<\/figure>\n\t\t\t\t\t\t\t\t\t<\/div>\n\t\t\t\t<\/div>\n\t\t\t\t<\/div>\n\t\t\t\t\t<\/div>\n\t\t\t\t<\/div>\n\t\t\t\t<\/div>\n\t\t","protected":false},"excerpt":{"rendered":"<p>Pr\u00e9sentation G\u00e9n\u00e9rale des langues Choisir des formations en langue en immersion avec Avenida Formation, pr\u00e9sente de nombreux avantages qui peuvent consid\u00e9rablement am\u00e9liorer l&rsquo;apprentissage d&rsquo;une nouvelle langue. Voici quelques raisons pour lesquelles cette m\u00e9thode est particuli\u00e8rement efficace : Pratique quotidienne : L&rsquo;immersion permet de pratiquer la langue de mani\u00e8re constante et naturelle, en int\u00e9grant l&rsquo;apprentissage dans la vie quotidienne. Cela aide \u00e0 renforcer les comp\u00e9tences linguistiques de mani\u00e8re organique. Contexte culturel : En \u00e9tant immerg\u00e9 dans un environnement o\u00f9 la langue est parl\u00e9e, les apprenants ont l&rsquo;occasion de d\u00e9couvrir la culture, les coutumes et les nuances de la langue, ce qui enrichit leur compr\u00e9hension et leur utilisation. Am\u00e9lioration de la prononciation : L&rsquo;exposition \u00e0 des locuteurs natifs ou actifs permet d&rsquo;am\u00e9liorer la prononciation et l&rsquo;accent, car les apprenants peuvent \u00e9couter et reproduire les sons et les intonations de mani\u00e8re plus pr\u00e9cise. Confiance en soi : L&rsquo;immersion aide \u00e0 surmonter la peur de parler et \u00e0 d\u00e9velopper la confiance en soi. En interagissant r\u00e9guli\u00e8rement avec des locuteurs natifs ou actifs, les apprenants se sentent plus \u00e0 l&rsquo;aise pour utiliser la langue. Apprentissage contextuel : \u00a0Les formations en immersion favorisent un apprentissage bas\u00e9 sur des situations r\u00e9elles, ce qui permet aux apprenants de comprendre comment utiliser la langue dans des contextes vari\u00e9s et pratiques. Motivation accrue : L&rsquo;exp\u00e9rience immersive est souvent plus engageante et motivante. Les apprenants sont plong\u00e9s dans un environnement stimulant qui les incite \u00e0 s&rsquo;investir davantage dans leur apprentissage. D\u00e9veloppement des comp\u00e9tences sociales : L&rsquo;immersion favorise les interactions sociales, ce qui permet aux apprenants de d\u00e9velopper des comp\u00e9tences interpersonnelles tout en pratiquant la langue. R\u00e9sultats rapides : Les formations en immersion peuvent conduire \u00e0 des progr\u00e8s rapides, car les apprenants sont expos\u00e9s \u00e0 la langue de mani\u00e8re intensive et continue. Cours th\u00e9oriques Chez Avenida Formation, des cours th\u00e9oriques par demi-journ\u00e9e viennent renforcer les connaissances des apprenants pour une meilleure maitrise de la langue. En somme, les formations en langue en immersion offrent une approche dynamique et efficace pour apprendre une nouvelle langue, en combinant pratique, culture et interaction sociale. C&rsquo;est une m\u00e9thode qui favorise un apprentissage durable et enrichissant. Anglais Espagnol Fran\u00e7ais<\/p>\n","protected":false},"author":3,"featured_media":0,"parent":0,"menu_order":0,"comment_status":"closed","ping_status":"closed","template":"","meta":{"footnotes":""},"class_list":["post-237","page","type-page","status-publish","hentry"],"_links":{"self":[{"href":"https:\/\/avenidaconseiletformation.com\/index.php\/wp-json\/wp\/v2\/pages\/237","targetHints":{"allow":["GET"]}}],"collection":[{"href":"https:\/\/avenidaconseiletformation.com\/index.php\/wp-json\/wp\/v2\/pages"}],"about":[{"href":"https:\/\/avenidaconseiletformation.com\/index.php\/wp-json\/wp\/v2\/types\/page"}],"author":[{"embeddable":true,"href":"https:\/\/avenidaconseiletformation.com\/index.php\/wp-json\/wp\/v2\/users\/3"}],"replies":[{"embeddable":true,"href":"https:\/\/avenidaconseiletformation.com\/index.php\/wp-json\/wp\/v2\/comments?post=237"}],"version-history":[{"count":88,"href":"https:\/\/avenidaconseiletformation.com\/index.php\/wp-json\/wp\/v2\/pages\/237\/revisions"}],"predecessor-version":[{"id":2224,"href":"https:\/\/avenidaconseiletformation.com\/index.php\/wp-json\/wp\/v2\/pages\/237\/revisions\/2224"}],"wp:attachment":[{"href":"https:\/\/avenidaconseiletformation.com\/index.php\/wp-json\/wp\/v2\/media?parent=237"}],"curies":[{"name":"wp","href":"https:\/\/api.w.org\/{rel}","templated":true}]}}