{"id":242,"date":"2025-01-09T13:43:50","date_gmt":"2025-01-09T12:43:50","guid":{"rendered":"https:\/\/avenidaconseiletformation.com\/?page_id=242"},"modified":"2025-06-16T10:37:00","modified_gmt":"2025-06-16T08:37:00","slug":"les-formations-medico-sociales","status":"publish","type":"page","link":"https:\/\/avenidaconseiletformation.com\/index.php\/les-formations-medico-sociales\/","title":{"rendered":"Formations m\u00e9dico-sociales"},"content":{"rendered":"\t\t<div data-elementor-type=\"wp-page\" data-elementor-id=\"242\" class=\"elementor elementor-242\">\n\t\t\t\t<div class=\"elementor-element elementor-element-2c88f27 e-flex e-con-boxed wpr-particle-no wpr-jarallax-no wpr-parallax-no wpr-sticky-section-no wpr-equal-height-no e-con e-parent\" data-id=\"2c88f27\" data-element_type=\"container\" data-e-type=\"container\">\n\t\t\t\t\t<div class=\"e-con-inner\">\n\t\t\t\t<div class=\"elementor-element elementor-element-d1ec082 elementor-widget elementor-widget-heading\" data-id=\"d1ec082\" data-element_type=\"widget\" data-e-type=\"widget\" data-widget_type=\"heading.default\">\n\t\t\t\t<div class=\"elementor-widget-container\">\n\t\t\t\t\t<h2 class=\"elementor-heading-title elementor-size-default\">Pr\u00e9sentation G\u00e9n\u00e9rale des formations m\u00e9dico-sociales<\/h2>\t\t\t\t<\/div>\n\t\t\t\t<\/div>\n\t\t\t\t<div class=\"elementor-element elementor-element-44ac6f9 elementor-widget elementor-widget-text-editor\" data-id=\"44ac6f9\" data-element_type=\"widget\" data-e-type=\"widget\" data-widget_type=\"text-editor.default\">\n\t\t\t\t<div class=\"elementor-widget-container\">\n\t\t\t\t\t\t\t\t\t<p style=\"text-align: center;\">Avenida Formation est un organisme de formation d\u00e9di\u00e9 \u00e0 l&rsquo;accompagnement des professionnels du secteur m\u00e9dico-social. Nous proposons une gamme compl\u00e8te de formations adapt\u00e9es aux besoins des \u00e9tablissements et des travailleurs sociaux, afin de renforcer leurs comp\u00e9tences et d&rsquo;am\u00e9liorer la qualit\u00e9 des services offerts aux usagers.<\/p>\t\t\t\t\t\t\t\t<\/div>\n\t\t\t\t<\/div>\n\t\t\t\t\t<\/div>\n\t\t\t\t<\/div>\n\t\t<div class=\"elementor-element elementor-element-a903fca e-flex e-con-boxed wpr-particle-no wpr-jarallax-no wpr-parallax-no wpr-sticky-section-no wpr-equal-height-no e-con e-parent\" data-id=\"a903fca\" data-element_type=\"container\" data-e-type=\"container\">\n\t\t\t\t\t<div class=\"e-con-inner\">\n\t\t<div class=\"elementor-element elementor-element-87af63b e-con-full e-flex wpr-particle-no wpr-jarallax-no wpr-parallax-no wpr-sticky-section-no wpr-equal-height-no e-con e-child\" data-id=\"87af63b\" data-element_type=\"container\" data-e-type=\"container\">\n\t\t\t\t<div class=\"elementor-element elementor-element-8e8e41d elementor-widget elementor-widget-heading\" data-id=\"8e8e41d\" data-element_type=\"widget\" data-e-type=\"widget\" data-widget_type=\"heading.default\">\n\t\t\t\t<div class=\"elementor-widget-container\">\n\t\t\t\t\t<h2 class=\"elementor-heading-title elementor-size-default\">Pourquoi choisir Avenida Formation ?<\/h2>\t\t\t\t<\/div>\n\t\t\t\t<\/div>\n\t\t\t\t<\/div>\n\t\t<div class=\"elementor-element elementor-element-b85509f e-con-full e-flex wpr-particle-no wpr-jarallax-no wpr-parallax-no wpr-sticky-section-no wpr-equal-height-no e-con e-child\" data-id=\"b85509f\" data-element_type=\"container\" data-e-type=\"container\">\n\t\t\t\t<div class=\"elementor-element elementor-element-375c163 elementor-widget elementor-widget-text-editor\" data-id=\"375c163\" data-element_type=\"widget\" data-e-type=\"widget\" data-widget_type=\"text-editor.default\">\n\t\t\t\t<div class=\"elementor-widget-container\">\n\t\t\t\t\t\t\t\t\t<h5 style=\"text-align: center;\"><span style=\"color: #2f8aa0;\">Une expertise reconnue<\/span><\/h5><p style=\"text-align: center;\">Nos formateurs sont des professionnels exp\u00e9riment\u00e9s, issus du secteur m\u00e9dico-social. Ils apportent une connaissance approfondie des enjeux et des pratiques actuelles, garantissant ainsi des formations de haute qualit\u00e9.<\/p>\t\t\t\t\t\t\t\t<\/div>\n\t\t\t\t<\/div>\n\t\t\t\t<\/div>\n\t\t<div class=\"elementor-element elementor-element-50711a6 e-con-full e-flex wpr-particle-no wpr-jarallax-no wpr-parallax-no wpr-sticky-section-no wpr-equal-height-no e-con e-child\" data-id=\"50711a6\" data-element_type=\"container\" data-e-type=\"container\">\n\t\t\t\t<div class=\"elementor-element elementor-element-0e42873 elementor-widget elementor-widget-text-editor\" data-id=\"0e42873\" data-element_type=\"widget\" data-e-type=\"widget\" data-widget_type=\"text-editor.default\">\n\t\t\t\t<div class=\"elementor-widget-container\">\n\t\t\t\t\t\t\t\t\t<h5 style=\"text-align: center;\"><span style=\"color: #2f8aa0;\">Une approche pratique et interactive<\/span><\/h5><p style=\"text-align: center;\">Nos formations privil\u00e9gient une approche active et participative. Gr\u00e2ce \u00e0 des mises en situation, des \u00e9tudes de cas et des \u00e9changes de pratiques, les participants peuvent appliquer imm\u00e9diatement les connaissances acquises dans leur environnement professionnel.<\/p>\t\t\t\t\t\t\t\t<\/div>\n\t\t\t\t<\/div>\n\t\t\t\t<\/div>\n\t\t<div class=\"elementor-element elementor-element-e7f11f9 e-con-full e-flex wpr-particle-no wpr-jarallax-no wpr-parallax-no wpr-sticky-section-no wpr-equal-height-no e-con e-child\" data-id=\"e7f11f9\" data-element_type=\"container\" data-e-type=\"container\">\n\t\t\t\t<div class=\"elementor-element elementor-element-d076f66 elementor-widget elementor-widget-text-editor\" data-id=\"d076f66\" data-element_type=\"widget\" data-e-type=\"widget\" data-widget_type=\"text-editor.default\">\n\t\t\t\t<div class=\"elementor-widget-container\">\n\t\t\t\t\t\t\t\t\t<h5 style=\"text-align: center;\"><span style=\"color: #2f8aa0;\">Certification et reconnaissance\u00a0<\/span><\/h5><p style=\"text-align: center;\">Les formations d&rsquo;Avenida Formation sont certifi\u00e9es et reconnues par les acteurs du secteur. Cela permet aux participants d&rsquo;am\u00e9liorer leur employabilit\u00e9 et de valoriser leurs comp\u00e9tences aupr\u00e8s de leurs employeurs.<\/p>\t\t\t\t\t\t\t\t<\/div>\n\t\t\t\t<\/div>\n\t\t\t\t<\/div>\n\t\t<div class=\"elementor-element elementor-element-b9cd09b e-con-full e-flex wpr-particle-no wpr-jarallax-no wpr-parallax-no wpr-sticky-section-no wpr-equal-height-no e-con e-child\" data-id=\"b9cd09b\" data-element_type=\"container\" data-e-type=\"container\">\n\t\t\t\t<div class=\"elementor-element elementor-element-feb3a48 elementor-widget elementor-widget-text-editor\" data-id=\"feb3a48\" data-element_type=\"widget\" data-e-type=\"widget\" data-widget_type=\"text-editor.default\">\n\t\t\t\t<div class=\"elementor-widget-container\">\n\t\t\t\t\t\t\t\t\t<h5 style=\"text-align: center;\"><span style=\"color: #2f8aa0;\">Suivi et accompagnement<\/span><\/h5><p style=\"text-align: center;\">Nous croyons en l&rsquo;importance d&rsquo;un suivi post-formation.<br \/>Avenida Formation s&rsquo;engage \u00e0 accompagner les participants dans la mise en \u0153uvre des comp\u00e9tences acquises, en proposant des ressources et des conseils adapt\u00e9s.<\/p>\t\t\t\t\t\t\t\t<\/div>\n\t\t\t\t<\/div>\n\t\t\t\t<\/div>\n\t\t<div class=\"elementor-element elementor-element-88f555d e-con-full e-flex wpr-particle-no wpr-jarallax-no wpr-parallax-no wpr-sticky-section-no wpr-equal-height-no e-con e-child\" data-id=\"88f555d\" data-element_type=\"container\" data-e-type=\"container\">\n\t\t\t\t<div class=\"elementor-element elementor-element-667f068 elementor-widget elementor-widget-text-editor\" data-id=\"667f068\" data-element_type=\"widget\" data-e-type=\"widget\" data-widget_type=\"text-editor.default\">\n\t\t\t\t<div class=\"elementor-widget-container\">\n\t\t\t\t\t\t\t\t\t<p style=\"text-align: center;\">En choisissant Avenida Formation pour vos formations m\u00e9dico-sociales, vous optez pour un partenaire engag\u00e9 dans la qualit\u00e9 de l&rsquo;accompagnement et le d\u00e9veloppement professionnel. Ensemble, construisons un avenir meilleur pour les professionnels et les usagers du secteur m\u00e9dico-social.<\/p>\t\t\t\t\t\t\t\t<\/div>\n\t\t\t\t<\/div>\n\t\t\t\t<div class=\"elementor-element elementor-element-fdd1a7e elementor-widget elementor-widget-heading\" data-id=\"fdd1a7e\" data-element_type=\"widget\" data-e-type=\"widget\" data-widget_type=\"heading.default\">\n\t\t\t\t<div class=\"elementor-widget-container\">\n\t\t\t\t\t<h3 class=\"elementor-heading-title elementor-size-default\">Les formations continues<\/h3>\t\t\t\t<\/div>\n\t\t\t\t<\/div>\n\t\t\t\t<\/div>\n\t\t\t\t\t<\/div>\n\t\t\t\t<\/div>\n\t\t<div class=\"elementor-element elementor-element-29c5cc8 e-flex e-con-boxed wpr-particle-no wpr-jarallax-no wpr-parallax-no wpr-sticky-section-no wpr-equal-height-no e-con e-parent\" data-id=\"29c5cc8\" data-element_type=\"container\" data-e-type=\"container\">\n\t\t\t\t\t<div class=\"e-con-inner\">\n\t\t<div class=\"elementor-element elementor-element-c68516e e-con-full e-flex wpr-particle-no wpr-jarallax-no wpr-parallax-no wpr-sticky-section-no wpr-equal-height-no e-con e-child\" data-id=\"c68516e\" data-element_type=\"container\" data-e-type=\"container\">\n\t\t\t\t<div class=\"elementor-element elementor-element-14152f8 elementor-widget elementor-widget-image\" data-id=\"14152f8\" data-element_type=\"widget\" data-e-type=\"widget\" data-widget_type=\"image.default\">\n\t\t\t\t<div class=\"elementor-widget-container\">\n\t\t\t\t\t\t\t\t\t\t\t\t<figure class=\"wp-caption\">\n\t\t\t\t\t\t\t\t\t\t\t<a href=\"https:\/\/avenidaconseiletformation.com\/index.php\/accueil-des-enfants-aux-besoins-particuliers-en-accueil-de-loisirs\/\">\n\t\t\t\t\t\t\t<img fetchpriority=\"high\" decoding=\"async\" width=\"800\" height=\"600\" src=\"https:\/\/avenidaconseiletformation.com\/wp-content\/uploads\/2025\/02\/forma-medico-1.png\" class=\"elementor-animation-shrink attachment-large size-large wp-image-1497\" alt=\"\" srcset=\"https:\/\/avenidaconseiletformation.com\/wp-content\/uploads\/2025\/02\/forma-medico-1.png 1024w, https:\/\/avenidaconseiletformation.com\/wp-content\/uploads\/2025\/02\/forma-medico-1-300x225.png 300w, https:\/\/avenidaconseiletformation.com\/wp-content\/uploads\/2025\/02\/forma-medico-1-768x576.png 768w\" sizes=\"(max-width: 800px) 100vw, 800px\" \/>\t\t\t\t\t\t\t\t<\/a>\n\t\t\t\t\t\t\t\t\t\t\t<figcaption class=\"widget-image-caption wp-caption-text\">Accueil des enfants aux besoins particuliers en accueil de loisirs<\/figcaption>\n\t\t\t\t\t\t\t\t\t\t<\/figure>\n\t\t\t\t\t\t\t\t\t<\/div>\n\t\t\t\t<\/div>\n\t\t\t\t<\/div>\n\t\t<div class=\"elementor-element elementor-element-22679ed e-con-full e-flex wpr-particle-no wpr-jarallax-no wpr-parallax-no wpr-sticky-section-no wpr-equal-height-no e-con e-child\" data-id=\"22679ed\" data-element_type=\"container\" data-e-type=\"container\">\n\t\t\t\t<div class=\"elementor-element elementor-element-a4f0794 elementor-widget elementor-widget-image\" data-id=\"a4f0794\" data-element_type=\"widget\" data-e-type=\"widget\" data-widget_type=\"image.default\">\n\t\t\t\t<div class=\"elementor-widget-container\">\n\t\t\t\t\t\t\t\t\t\t\t\t<figure class=\"wp-caption\">\n\t\t\t\t\t\t\t\t\t\t\t<a href=\"https:\/\/avenidaconseiletformation.com\/index.php\/la-theorie-de-lattachement-chez-les-enfants-places\/\">\n\t\t\t\t\t\t\t<img decoding=\"async\" width=\"800\" height=\"600\" src=\"https:\/\/avenidaconseiletformation.com\/wp-content\/uploads\/2025\/02\/LA-THEORIE-DE-LATTACHEMENT_image2.png\" class=\"elementor-animation-shrink attachment-large size-large wp-image-1525\" alt=\"\" srcset=\"https:\/\/avenidaconseiletformation.com\/wp-content\/uploads\/2025\/02\/LA-THEORIE-DE-LATTACHEMENT_image2.png 1024w, https:\/\/avenidaconseiletformation.com\/wp-content\/uploads\/2025\/02\/LA-THEORIE-DE-LATTACHEMENT_image2-300x225.png 300w, https:\/\/avenidaconseiletformation.com\/wp-content\/uploads\/2025\/02\/LA-THEORIE-DE-LATTACHEMENT_image2-768x576.png 768w\" sizes=\"(max-width: 800px) 100vw, 800px\" \/>\t\t\t\t\t\t\t\t<\/a>\n\t\t\t\t\t\t\t\t\t\t\t<figcaption class=\"widget-image-caption wp-caption-text\">La th\u00e9orie de l'attachement chez les enfants plac\u00e9s <\/figcaption>\n\t\t\t\t\t\t\t\t\t\t<\/figure>\n\t\t\t\t\t\t\t\t\t<\/div>\n\t\t\t\t<\/div>\n\t\t\t\t<\/div>\n\t\t<div class=\"elementor-element elementor-element-d5d79d9 e-con-full e-flex wpr-particle-no wpr-jarallax-no wpr-parallax-no wpr-sticky-section-no wpr-equal-height-no e-con e-child\" data-id=\"d5d79d9\" data-element_type=\"container\" data-e-type=\"container\">\n\t\t\t\t<div class=\"elementor-element elementor-element-bc1a2b6 elementor-widget elementor-widget-image\" data-id=\"bc1a2b6\" data-element_type=\"widget\" data-e-type=\"widget\" data-widget_type=\"image.default\">\n\t\t\t\t<div class=\"elementor-widget-container\">\n\t\t\t\t\t\t\t\t\t\t\t\t<figure class=\"wp-caption\">\n\t\t\t\t\t\t\t\t\t\t\t<a href=\"https:\/\/avenidaconseiletformation.com\/index.php\/accompagnement-denfant\/\">\n\t\t\t\t\t\t\t<img decoding=\"async\" width=\"800\" height=\"600\" src=\"https:\/\/avenidaconseiletformation.com\/wp-content\/uploads\/2025\/01\/Image2.jpeg\" class=\"elementor-animation-shrink attachment-large size-large wp-image-1186\" alt=\"\" srcset=\"https:\/\/avenidaconseiletformation.com\/wp-content\/uploads\/2025\/01\/Image2.jpeg 1024w, https:\/\/avenidaconseiletformation.com\/wp-content\/uploads\/2025\/01\/Image2-300x225.jpeg 300w, https:\/\/avenidaconseiletformation.com\/wp-content\/uploads\/2025\/01\/Image2-768x576.jpeg 768w\" sizes=\"(max-width: 800px) 100vw, 800px\" \/>\t\t\t\t\t\t\t\t<\/a>\n\t\t\t\t\t\t\t\t\t\t\t<figcaption class=\"widget-image-caption wp-caption-text\">Accompagnement d'enfant avec des troubles du comportement<\/figcaption>\n\t\t\t\t\t\t\t\t\t\t<\/figure>\n\t\t\t\t\t\t\t\t\t<\/div>\n\t\t\t\t<\/div>\n\t\t\t\t<\/div>\n\t\t<div class=\"elementor-element elementor-element-9de7e69 e-con-full e-flex wpr-particle-no wpr-jarallax-no wpr-parallax-no wpr-sticky-section-no wpr-equal-height-no e-con e-child\" data-id=\"9de7e69\" data-element_type=\"container\" data-e-type=\"container\">\n\t\t\t\t<div class=\"elementor-element elementor-element-eaecc69 elementor-widget elementor-widget-image\" data-id=\"eaecc69\" data-element_type=\"widget\" data-e-type=\"widget\" data-widget_type=\"image.default\">\n\t\t\t\t<div class=\"elementor-widget-container\">\n\t\t\t\t\t\t\t\t\t\t\t\t<figure class=\"wp-caption\">\n\t\t\t\t\t\t\t\t\t\t\t<a href=\"https:\/\/avenidaconseiletformation.com\/index.php\/construire-un-projet-danimation\/\">\n\t\t\t\t\t\t\t<img loading=\"lazy\" decoding=\"async\" width=\"800\" height=\"600\" src=\"https:\/\/avenidaconseiletformation.com\/wp-content\/uploads\/2025\/02\/CONSTRUIRE-UN-PROJET1.png\" class=\"elementor-animation-shrink attachment-large size-large wp-image-1590\" alt=\"\" srcset=\"https:\/\/avenidaconseiletformation.com\/wp-content\/uploads\/2025\/02\/CONSTRUIRE-UN-PROJET1.png 1024w, https:\/\/avenidaconseiletformation.com\/wp-content\/uploads\/2025\/02\/CONSTRUIRE-UN-PROJET1-300x225.png 300w, https:\/\/avenidaconseiletformation.com\/wp-content\/uploads\/2025\/02\/CONSTRUIRE-UN-PROJET1-768x576.png 768w\" sizes=\"(max-width: 800px) 100vw, 800px\" \/>\t\t\t\t\t\t\t\t<\/a>\n\t\t\t\t\t\t\t\t\t\t\t<figcaption class=\"widget-image-caption wp-caption-text\">Construire un projet d'animation<\/figcaption>\n\t\t\t\t\t\t\t\t\t\t<\/figure>\n\t\t\t\t\t\t\t\t\t<\/div>\n\t\t\t\t<\/div>\n\t\t\t\t<\/div>\n\t\t<div class=\"elementor-element elementor-element-684baaf e-con-full e-flex wpr-particle-no wpr-jarallax-no wpr-parallax-no wpr-sticky-section-no wpr-equal-height-no e-con e-child\" data-id=\"684baaf\" data-element_type=\"container\" data-e-type=\"container\">\n\t\t\t\t<div class=\"elementor-element elementor-element-10c9a25 elementor-widget elementor-widget-image\" data-id=\"10c9a25\" data-element_type=\"widget\" data-e-type=\"widget\" data-widget_type=\"image.default\">\n\t\t\t\t<div class=\"elementor-widget-container\">\n\t\t\t\t\t\t\t\t\t\t\t\t<figure class=\"wp-caption\">\n\t\t\t\t\t\t\t\t\t\t\t<a href=\"https:\/\/avenidaconseiletformation.com\/index.php\/gestion-des-conflits\/\">\n\t\t\t\t\t\t\t<img loading=\"lazy\" decoding=\"async\" width=\"800\" height=\"600\" src=\"https:\/\/avenidaconseiletformation.com\/wp-content\/uploads\/2025\/02\/gestion-des-conflit1.png\" class=\"elementor-animation-shrink attachment-large size-large wp-image-1690\" alt=\"\" srcset=\"https:\/\/avenidaconseiletformation.com\/wp-content\/uploads\/2025\/02\/gestion-des-conflit1.png 1024w, https:\/\/avenidaconseiletformation.com\/wp-content\/uploads\/2025\/02\/gestion-des-conflit1-300x225.png 300w, https:\/\/avenidaconseiletformation.com\/wp-content\/uploads\/2025\/02\/gestion-des-conflit1-768x576.png 768w\" sizes=\"(max-width: 800px) 100vw, 800px\" \/>\t\t\t\t\t\t\t\t<\/a>\n\t\t\t\t\t\t\t\t\t\t\t<figcaption class=\"widget-image-caption wp-caption-text\">Gestion des conflits<\/figcaption>\n\t\t\t\t\t\t\t\t\t\t<\/figure>\n\t\t\t\t\t\t\t\t\t<\/div>\n\t\t\t\t<\/div>\n\t\t\t\t<\/div>\n\t\t<div class=\"elementor-element elementor-element-0d0a6ad e-con-full e-flex wpr-particle-no wpr-jarallax-no wpr-parallax-no wpr-sticky-section-no wpr-equal-height-no e-con e-child\" data-id=\"0d0a6ad\" data-element_type=\"container\" data-e-type=\"container\">\n\t\t\t\t<div class=\"elementor-element elementor-element-ff175c1 elementor-widget elementor-widget-image\" data-id=\"ff175c1\" data-element_type=\"widget\" data-e-type=\"widget\" data-widget_type=\"image.default\">\n\t\t\t\t<div class=\"elementor-widget-container\">\n\t\t\t\t\t\t\t\t\t\t\t\t<figure class=\"wp-caption\">\n\t\t\t\t\t\t\t\t\t\t\t<a href=\"https:\/\/avenidaconseiletformation.com\/index.php\/accueil-des-enfants-cas-complexe-en-institutions\/\">\n\t\t\t\t\t\t\t<img loading=\"lazy\" decoding=\"async\" width=\"800\" height=\"600\" src=\"https:\/\/avenidaconseiletformation.com\/wp-content\/uploads\/2025\/02\/forma-medico-2.png\" class=\"elementor-animation-shrink attachment-large size-large wp-image-1498\" alt=\"\" srcset=\"https:\/\/avenidaconseiletformation.com\/wp-content\/uploads\/2025\/02\/forma-medico-2.png 1024w, https:\/\/avenidaconseiletformation.com\/wp-content\/uploads\/2025\/02\/forma-medico-2-300x225.png 300w, https:\/\/avenidaconseiletformation.com\/wp-content\/uploads\/2025\/02\/forma-medico-2-768x576.png 768w\" sizes=\"(max-width: 800px) 100vw, 800px\" \/>\t\t\t\t\t\t\t\t<\/a>\n\t\t\t\t\t\t\t\t\t\t\t<figcaption class=\"widget-image-caption wp-caption-text\">Accueil des Enfants \"Cas Complexe\" en Institutions<\/figcaption>\n\t\t\t\t\t\t\t\t\t\t<\/figure>\n\t\t\t\t\t\t\t\t\t<\/div>\n\t\t\t\t<\/div>\n\t\t\t\t<\/div>\n\t\t<div class=\"elementor-element elementor-element-221a848 e-con-full e-flex wpr-particle-no wpr-jarallax-no wpr-parallax-no wpr-sticky-section-no wpr-equal-height-no e-con e-child\" data-id=\"221a848\" data-element_type=\"container\" data-e-type=\"container\">\n\t\t\t\t<div class=\"elementor-element elementor-element-1a7c19d elementor-widget elementor-widget-image\" data-id=\"1a7c19d\" data-element_type=\"widget\" data-e-type=\"widget\" data-widget_type=\"image.default\">\n\t\t\t\t<div class=\"elementor-widget-container\">\n\t\t\t\t\t\t\t\t\t\t\t\t<figure class=\"wp-caption\">\n\t\t\t\t\t\t\t\t\t\t\t<a href=\"https:\/\/avenidaconseiletformation.com\/index.php\/formation-educateur-facilitateur-a-domicile\/\">\n\t\t\t\t\t\t\t<img loading=\"lazy\" decoding=\"async\" width=\"800\" height=\"600\" src=\"https:\/\/avenidaconseiletformation.com\/wp-content\/uploads\/2025\/06\/image_2025-06-16_102715610.png\" class=\"elementor-animation-shrink attachment-large size-large wp-image-2530\" alt=\"\" srcset=\"https:\/\/avenidaconseiletformation.com\/wp-content\/uploads\/2025\/06\/image_2025-06-16_102715610.png 1024w, https:\/\/avenidaconseiletformation.com\/wp-content\/uploads\/2025\/06\/image_2025-06-16_102715610-300x225.png 300w, https:\/\/avenidaconseiletformation.com\/wp-content\/uploads\/2025\/06\/image_2025-06-16_102715610-768x576.png 768w\" sizes=\"(max-width: 800px) 100vw, 800px\" \/>\t\t\t\t\t\t\t\t<\/a>\n\t\t\t\t\t\t\t\t\t\t\t<figcaption class=\"widget-image-caption wp-caption-text\">Formation \u00e9ducateur\/facilitateur \u00e0 domicile<\/figcaption>\n\t\t\t\t\t\t\t\t\t\t<\/figure>\n\t\t\t\t\t\t\t\t\t<\/div>\n\t\t\t\t<\/div>\n\t\t\t\t<\/div>\n\t\t\t\t\t<\/div>\n\t\t\t\t<\/div>\n\t\t\t\t<\/div>\n\t\t","protected":false},"excerpt":{"rendered":"<p>Pr\u00e9sentation G\u00e9n\u00e9rale des formations m\u00e9dico-sociales Avenida Formation est un organisme de formation d\u00e9di\u00e9 \u00e0 l&rsquo;accompagnement des professionnels du secteur m\u00e9dico-social. Nous proposons une gamme compl\u00e8te de formations adapt\u00e9es aux besoins des \u00e9tablissements et des travailleurs sociaux, afin de renforcer leurs comp\u00e9tences et d&rsquo;am\u00e9liorer la qualit\u00e9 des services offerts aux usagers. Pourquoi choisir Avenida Formation ? Une expertise reconnue Nos formateurs sont des professionnels exp\u00e9riment\u00e9s, issus du secteur m\u00e9dico-social. Ils apportent une connaissance approfondie des enjeux et des pratiques actuelles, garantissant ainsi des formations de haute qualit\u00e9. Une approche pratique et interactive Nos formations privil\u00e9gient une approche active et participative. Gr\u00e2ce \u00e0 des mises en situation, des \u00e9tudes de cas et des \u00e9changes de pratiques, les participants peuvent appliquer imm\u00e9diatement les connaissances acquises dans leur environnement professionnel. Certification et reconnaissance\u00a0 Les formations d&rsquo;Avenida Formation sont certifi\u00e9es et reconnues par les acteurs du secteur. Cela permet aux participants d&rsquo;am\u00e9liorer leur employabilit\u00e9 et de valoriser leurs comp\u00e9tences aupr\u00e8s de leurs employeurs. Suivi et accompagnement Nous croyons en l&rsquo;importance d&rsquo;un suivi post-formation.Avenida Formation s&rsquo;engage \u00e0 accompagner les participants dans la mise en \u0153uvre des comp\u00e9tences acquises, en proposant des ressources et des conseils adapt\u00e9s. En choisissant Avenida Formation pour vos formations m\u00e9dico-sociales, vous optez pour un partenaire engag\u00e9 dans la qualit\u00e9 de l&rsquo;accompagnement et le d\u00e9veloppement professionnel. Ensemble, construisons un avenir meilleur pour les professionnels et les usagers du secteur m\u00e9dico-social. Les formations continues Accueil des enfants aux besoins particuliers en accueil de loisirs La th\u00e9orie de l&rsquo;attachement chez les enfants plac\u00e9s Accompagnement d&rsquo;enfant avec des troubles du comportement Construire un projet d&rsquo;animation Gestion des conflits Accueil des Enfants \u00ab\u00a0Cas Complexe\u00a0\u00bb en Institutions Formation \u00e9ducateur\/facilitateur \u00e0 domicile<\/p>\n","protected":false},"author":3,"featured_media":0,"parent":0,"menu_order":0,"comment_status":"closed","ping_status":"closed","template":"","meta":{"footnotes":""},"class_list":["post-242","page","type-page","status-publish","hentry"],"_links":{"self":[{"href":"https:\/\/avenidaconseiletformation.com\/index.php\/wp-json\/wp\/v2\/pages\/242","targetHints":{"allow":["GET"]}}],"collection":[{"href":"https:\/\/avenidaconseiletformation.com\/index.php\/wp-json\/wp\/v2\/pages"}],"about":[{"href":"https:\/\/avenidaconseiletformation.com\/index.php\/wp-json\/wp\/v2\/types\/page"}],"author":[{"embeddable":true,"href":"https:\/\/avenidaconseiletformation.com\/index.php\/wp-json\/wp\/v2\/users\/3"}],"replies":[{"embeddable":true,"href":"https:\/\/avenidaconseiletformation.com\/index.php\/wp-json\/wp\/v2\/comments?post=242"}],"version-history":[{"count":125,"href":"https:\/\/avenidaconseiletformation.com\/index.php\/wp-json\/wp\/v2\/pages\/242\/revisions"}],"predecessor-version":[{"id":2545,"href":"https:\/\/avenidaconseiletformation.com\/index.php\/wp-json\/wp\/v2\/pages\/242\/revisions\/2545"}],"wp:attachment":[{"href":"https:\/\/avenidaconseiletformation.com\/index.php\/wp-json\/wp\/v2\/media?parent=242"}],"curies":[{"name":"wp","href":"https:\/\/api.w.org\/{rel}","templated":true}]}}