{"id":2510,"date":"2025-06-13T12:51:06","date_gmt":"2025-06-13T10:51:06","guid":{"rendered":"https:\/\/avenidaconseiletformation.com\/?page_id=2510"},"modified":"2025-06-16T09:41:16","modified_gmt":"2025-06-16T07:41:16","slug":"sejour-adultes-situation-handicap","status":"publish","type":"page","link":"https:\/\/avenidaconseiletformation.com\/index.php\/sejour-adultes-situation-handicap\/","title":{"rendered":"S\u00e9jour adultes en situation de handicap"},"content":{"rendered":"\t\t<div data-elementor-type=\"wp-post\" data-elementor-id=\"2510\" class=\"elementor elementor-2510\">\n\t\t\t\t<div class=\"elementor-element elementor-element-7dfc68d9 e-flex e-con-boxed wpr-particle-no wpr-jarallax-no wpr-parallax-no wpr-sticky-section-no wpr-equal-height-no e-con e-parent\" data-id=\"7dfc68d9\" data-element_type=\"container\" data-e-type=\"container\">\n\t\t\t\t\t<div class=\"e-con-inner\">\n\t\t<div class=\"elementor-element elementor-element-5f904a27 e-con-full e-flex wpr-particle-no wpr-jarallax-no wpr-parallax-no wpr-sticky-section-no wpr-equal-height-no e-con e-child\" data-id=\"5f904a27\" data-element_type=\"container\" data-e-type=\"container\">\n\t\t<div class=\"elementor-element elementor-element-35f26bfd e-con-full e-flex wpr-particle-no wpr-jarallax-no wpr-parallax-no wpr-sticky-section-no wpr-equal-height-no e-con e-child\" data-id=\"35f26bfd\" data-element_type=\"container\" data-e-type=\"container\">\n\t\t<div class=\"elementor-element elementor-element-3d5110ab e-con-full e-flex wpr-particle-no wpr-jarallax-no wpr-parallax-no wpr-sticky-section-no wpr-equal-height-no e-con e-child\" data-id=\"3d5110ab\" data-element_type=\"container\" data-e-type=\"container\">\n\t\t\t\t<div class=\"elementor-element elementor-element-3c218c78 elementor-widget elementor-widget-heading\" data-id=\"3c218c78\" data-element_type=\"widget\" data-e-type=\"widget\" data-widget_type=\"heading.default\">\n\t\t\t\t<div class=\"elementor-widget-container\">\n\t\t\t\t\t<h2 class=\"elementor-heading-title elementor-size-default\">S\u00e9jour pour adulte en situation de handicap<\/h2>\t\t\t\t<\/div>\n\t\t\t\t<\/div>\n\t\t\t\t<\/div>\n\t\t\t\t<div class=\"elementor-element elementor-element-688eaaab elementor-widget elementor-widget-text-editor\" data-id=\"688eaaab\" data-element_type=\"widget\" data-e-type=\"widget\" data-widget_type=\"text-editor.default\">\n\t\t\t\t<div class=\"elementor-widget-container\">\n\t\t\t\t\t\t\t\t\t<p data-pm-slice=\"0 0 []\">5 Jours et 4 nuits au c\u0153ur du Quercy Blanc pour les adultes en situation de handicap. Une d\u00e9couverte du patrimoine et des activit\u00e9s permettant de passer un s\u00e9jour agr\u00e9able.<\/p>\t\t\t\t\t\t\t\t<\/div>\n\t\t\t\t<\/div>\n\t\t<div class=\"elementor-element elementor-element-6e7c7626 e-con-full e-flex wpr-particle-no wpr-jarallax-no wpr-parallax-no wpr-sticky-section-no wpr-equal-height-no e-con e-child\" data-id=\"6e7c7626\" data-element_type=\"container\" data-e-type=\"container\">\n\t\t\t\t<div class=\"elementor-element elementor-element-37c52f2b elementor-widget elementor-widget-heading\" data-id=\"37c52f2b\" data-element_type=\"widget\" data-e-type=\"widget\" data-widget_type=\"heading.default\">\n\t\t\t\t<div class=\"elementor-widget-container\">\n\t\t\t\t\t<h2 class=\"elementor-heading-title elementor-size-default\">H\u00e9bergement<\/h2>\t\t\t\t<\/div>\n\t\t\t\t<\/div>\n\t\t\t\t<div class=\"elementor-element elementor-element-2ca776c6 elementor-widget elementor-widget-text-editor\" data-id=\"2ca776c6\" data-element_type=\"widget\" data-e-type=\"widget\" data-widget_type=\"text-editor.default\">\n\t\t\t\t<div class=\"elementor-widget-container\">\n\t\t\t\t\t\t\t\t\t<p data-pm-slice=\"0 0 []\">Une maison d\u2019habitation tout confort qui permet aux vacanciers de se retrouver dans des conditions de vacances agr\u00e9ables en pleine campagne.<\/p><p>Capacit\u00e9 : 5 vacanciers maxi et 2 ou 3 accompagnants.<\/p>\t\t\t\t\t\t\t\t<\/div>\n\t\t\t\t<\/div>\n\t\t\t\t<\/div>\n\t\t\t\t<\/div>\n\t\t\t\t<\/div>\n\t\t<div class=\"elementor-element elementor-element-42a6c537 e-con-full e-flex wpr-particle-no wpr-jarallax-no wpr-parallax-no wpr-sticky-section-no wpr-equal-height-no e-con e-child\" data-id=\"42a6c537\" data-element_type=\"container\" data-e-type=\"container\">\n\t\t\t\t<div class=\"elementor-element elementor-element-3439829d elementor-widget elementor-widget-image\" data-id=\"3439829d\" data-element_type=\"widget\" data-e-type=\"widget\" data-widget_type=\"image.default\">\n\t\t\t\t<div class=\"elementor-widget-container\">\n\t\t\t\t\t\t\t\t\t\t\t\t\t\t\t<img fetchpriority=\"high\" decoding=\"async\" width=\"800\" height=\"534\" src=\"https:\/\/avenidaconseiletformation.com\/wp-content\/uploads\/2025\/06\/image_2025-06-13_122719709-1024x683.png\" class=\"attachment-large size-large wp-image-2512\" alt=\"\" srcset=\"https:\/\/avenidaconseiletformation.com\/wp-content\/uploads\/2025\/06\/image_2025-06-13_122719709-1024x683.png 1024w, https:\/\/avenidaconseiletformation.com\/wp-content\/uploads\/2025\/06\/image_2025-06-13_122719709-300x200.png 300w, https:\/\/avenidaconseiletformation.com\/wp-content\/uploads\/2025\/06\/image_2025-06-13_122719709-768x512.png 768w, https:\/\/avenidaconseiletformation.com\/wp-content\/uploads\/2025\/06\/image_2025-06-13_122719709.png 1536w\" sizes=\"(max-width: 800px) 100vw, 800px\" \/>\t\t\t\t\t\t\t\t\t\t\t\t\t\t\t<\/div>\n\t\t\t\t<\/div>\n\t\t\t\t<\/div>\n\t\t\t\t\t<\/div>\n\t\t\t\t<\/div>\n\t\t<div class=\"elementor-element elementor-element-7437795e e-flex e-con-boxed wpr-particle-no wpr-jarallax-no wpr-parallax-no wpr-sticky-section-no wpr-equal-height-no e-con e-parent\" data-id=\"7437795e\" data-element_type=\"container\" data-e-type=\"container\">\n\t\t\t\t\t<div class=\"e-con-inner\">\n\t\t<div class=\"elementor-element elementor-element-517a4816 e-con-full e-flex wpr-particle-no wpr-jarallax-no wpr-parallax-no wpr-sticky-section-no wpr-equal-height-no e-con e-child\" data-id=\"517a4816\" data-element_type=\"container\" data-e-type=\"container\">\n\t\t\t\t<div class=\"elementor-element elementor-element-6b239965 elementor-widget elementor-widget-heading\" data-id=\"6b239965\" data-element_type=\"widget\" data-e-type=\"widget\" data-widget_type=\"heading.default\">\n\t\t\t\t<div class=\"elementor-widget-container\">\n\t\t\t\t\t<h2 class=\"elementor-heading-title elementor-size-default\">Activit\u00e9s propos\u00e9es<\/h2>\t\t\t\t<\/div>\n\t\t\t\t<\/div>\n\t\t<div class=\"elementor-element elementor-element-2f65fb95 e-con-full e-flex wpr-particle-no wpr-jarallax-no wpr-parallax-no wpr-sticky-section-no wpr-equal-height-no e-con e-child\" data-id=\"2f65fb95\" data-element_type=\"container\" data-e-type=\"container\">\n\t\t\t\t<div class=\"elementor-element elementor-element-4474f11f elementor-widget elementor-widget-text-editor\" data-id=\"4474f11f\" data-element_type=\"widget\" data-e-type=\"widget\" data-widget_type=\"text-editor.default\">\n\t\t\t\t<div class=\"elementor-widget-container\">\n\t\t\t\t\t\t\t\t\t<p data-pm-slice=\"0 0 []\">Nous proposons \u00e0 des personnes en situation de handicap une semaine de vacances \u00e0 la campagne pour gagner en autonomie. Tous nos s\u00e9jours sont encadr\u00e9s par des animateurs dipl\u00f4m\u00e9s (BPJEPS) et avec une grande exp\u00e9rience du handicap.<\/p><p data-pm-slice=\"0 0 []\">H\u00c9BERGEMENT CONFORTABLE<\/p><p data-pm-slice=\"0 0 []\">ACTIVIT\u00c9 DE LA VIE<\/p><p data-pm-slice=\"0 0 []\">QUOTIDIENNE<\/p><p data-pm-slice=\"0 0 []\">RANDONN\u00c9E P\u00c9DESTRE<\/p><p data-pm-slice=\"0 0 []\">D\u00c9COUVERTE DU PATRIMOINE<\/p><p data-pm-slice=\"0 0 []\">NON ADAPT\u00c9 AU PMR<\/p>\t\t\t\t\t\t\t\t<\/div>\n\t\t\t\t<\/div>\n\t\t\t\t<\/div>\n\t\t\t\t<\/div>\n\t\t<div class=\"elementor-element elementor-element-37ccc300 e-con-full e-flex wpr-particle-no wpr-jarallax-no wpr-parallax-no wpr-sticky-section-no wpr-equal-height-no e-con e-child\" data-id=\"37ccc300\" data-element_type=\"container\" data-e-type=\"container\">\n\t\t<div class=\"elementor-element elementor-element-4cc8bee e-con-full e-flex wpr-particle-no wpr-jarallax-no wpr-parallax-no wpr-sticky-section-no wpr-equal-height-no e-con e-child\" data-id=\"4cc8bee\" data-element_type=\"container\" data-e-type=\"container\">\n\t\t\t\t<div class=\"elementor-element elementor-element-6755d6a elementor-widget elementor-widget-heading\" data-id=\"6755d6a\" data-element_type=\"widget\" data-e-type=\"widget\" data-widget_type=\"heading.default\">\n\t\t\t\t<div class=\"elementor-widget-container\">\n\t\t\t\t\t<h2 class=\"elementor-heading-title elementor-size-default\">D\u00e9tails<\/h2>\t\t\t\t<\/div>\n\t\t\t\t<\/div>\n\t\t\t\t<\/div>\n\t\t<div class=\"elementor-element elementor-element-412ec3b e-con-full e-flex wpr-particle-no wpr-jarallax-no wpr-parallax-no wpr-sticky-section-no wpr-equal-height-no e-con e-child\" data-id=\"412ec3b\" data-element_type=\"container\" data-e-type=\"container\">\n\t\t\t\t<div class=\"elementor-element elementor-element-089c685 elementor-widget elementor-widget-text-editor\" data-id=\"089c685\" data-element_type=\"widget\" data-e-type=\"widget\" data-widget_type=\"text-editor.default\">\n\t\t\t\t<div class=\"elementor-widget-container\">\n\t\t\t\t\t\t\t\t\t<p><strong><span style=\"color: #2f8aa0;\">La vie quotidienne et collective :<\/span><\/strong><\/p><p>Participation \u00e0 l&rsquo;\u00e9laboration des repas du choix \u00e0 la confection en passant par les courses.<\/p><p>Organisation des journ\u00e9es et des soir\u00e9es.<\/p><p>Participation \u00e0 la vie de la maison (mise de table, d\u00e9barassage&#8230;)<\/p><p>Toutes ses activit\u00e9s se font avec l&rsquo;accompagnement du r\u00e9f\u00e9rent et selon les capacit\u00e9s et la motivation des vacanciers<\/p>\t\t\t\t\t\t\t\t<\/div>\n\t\t\t\t<\/div>\n\t\t\t\t<\/div>\n\t\t<div class=\"elementor-element elementor-element-9d55c99 e-con-full e-flex wpr-particle-no wpr-jarallax-no wpr-parallax-no wpr-sticky-section-no wpr-equal-height-no e-con e-child\" data-id=\"9d55c99\" data-element_type=\"container\" data-e-type=\"container\">\n\t\t\t\t<div class=\"elementor-element elementor-element-4f6eb52 elementor-widget elementor-widget-text-editor\" data-id=\"4f6eb52\" data-element_type=\"widget\" data-e-type=\"widget\" data-widget_type=\"text-editor.default\">\n\t\t\t\t<div class=\"elementor-widget-container\">\n\t\t\t\t\t\t\t\t\t<p><strong><span style=\"color: #2f8aa0;\">D\u00e9couverte du patrimoine :<\/span><\/strong><\/p><p>Le pont Valentr\u00e9, Cahors<\/p><p>Les plus beaux villages de France:<\/p><p>Rocamadour, Saint Cirq- LAPOPIE,<\/p><p>Saint Antonin Noble Val&#8230;<\/p><p>Le mus\u00e9e du Chapeau, Caussade<\/p><p>L&rsquo;art du CAVAGE, recherche de la<\/p><p>Truffe, sur notre propri\u00e9t\u00e9.<\/p><p>Et pleins d&rsquo;autres choses mis en places avec les vacanciers.<\/p><p>Visite de la caserne des pompiers<\/p>\t\t\t\t\t\t\t\t<\/div>\n\t\t\t\t<\/div>\n\t\t\t\t<\/div>\n\t\t<div class=\"elementor-element elementor-element-59669bb e-con-full e-flex wpr-particle-no wpr-jarallax-no wpr-parallax-no wpr-sticky-section-no wpr-equal-height-no e-con e-child\" data-id=\"59669bb\" data-element_type=\"container\" data-e-type=\"container\">\n\t\t\t\t<div class=\"elementor-element elementor-element-7b53e68 elementor-widget elementor-widget-text-editor\" data-id=\"7b53e68\" data-element_type=\"widget\" data-e-type=\"widget\" data-widget_type=\"text-editor.default\">\n\t\t\t\t<div class=\"elementor-widget-container\">\n\t\t\t\t\t\t\t\t\t<p><strong><span style=\"color: #2f8aa0;\">Activit\u00e9s et jeux :<\/span><\/strong><\/p>\t\t\t\t\t\t\t\t<\/div>\n\t\t\t\t<\/div>\n\t\t\t\t<div class=\"elementor-element elementor-element-d02a91a elementor-widget elementor-widget-text-editor\" data-id=\"d02a91a\" data-element_type=\"widget\" data-e-type=\"widget\" data-widget_type=\"text-editor.default\">\n\t\t\t\t<div class=\"elementor-widget-container\">\n\t\t\t\t\t\t\t\t\t<p>Jeux adapt\u00e9s selon la saison, p\u00e9tanque, piscine, jeux en bois,<br \/>Balade en campagne<br \/>Sport adapt\u00e9, basket, foot, hand&#8230;<br \/>Th\u00e9\u00e2tre\/clown<br \/>P\u00e9che<br \/>Jeux de soci\u00e9t\u00e9<br \/>Veill\u00e9es<\/p>\t\t\t\t\t\t\t\t<\/div>\n\t\t\t\t<\/div>\n\t\t\t\t<\/div>\n\t\t\t\t<\/div>\n\t\t\t\t\t<\/div>\n\t\t\t\t<\/div>\n\t\t\t\t<\/div>\n\t\t","protected":false},"excerpt":{"rendered":"<p>S\u00e9jour pour adulte en situation de handicap 5 Jours et 4 nuits au c\u0153ur du Quercy Blanc pour les adultes en situation de handicap. Une d\u00e9couverte du patrimoine et des activit\u00e9s permettant de passer un s\u00e9jour agr\u00e9able. H\u00e9bergement Une maison d\u2019habitation tout confort qui permet aux vacanciers de se retrouver dans des conditions de vacances agr\u00e9ables en pleine campagne. Capacit\u00e9 : 5 vacanciers maxi et 2 ou 3 accompagnants. Activit\u00e9s propos\u00e9es Nous proposons \u00e0 des personnes en situation de handicap une semaine de vacances \u00e0 la campagne pour gagner en autonomie. Tous nos s\u00e9jours sont encadr\u00e9s par des animateurs dipl\u00f4m\u00e9s (BPJEPS) et avec une grande exp\u00e9rience du handicap. H\u00c9BERGEMENT CONFORTABLE ACTIVIT\u00c9 DE LA VIE QUOTIDIENNE RANDONN\u00c9E P\u00c9DESTRE D\u00c9COUVERTE DU PATRIMOINE NON ADAPT\u00c9 AU PMR D\u00e9tails La vie quotidienne et collective : Participation \u00e0 l&rsquo;\u00e9laboration des repas du choix \u00e0 la confection en passant par les courses. Organisation des journ\u00e9es et des soir\u00e9es. Participation \u00e0 la vie de la maison (mise de table, d\u00e9barassage&#8230;) Toutes ses activit\u00e9s se font avec l&rsquo;accompagnement du r\u00e9f\u00e9rent et selon les capacit\u00e9s et la motivation des vacanciers D\u00e9couverte du patrimoine : Le pont Valentr\u00e9, Cahors Les plus beaux villages de France: Rocamadour, Saint Cirq- LAPOPIE, Saint Antonin Noble Val&#8230; Le mus\u00e9e du Chapeau, Caussade L&rsquo;art du CAVAGE, recherche de la Truffe, sur notre propri\u00e9t\u00e9. Et pleins d&rsquo;autres choses mis en places avec les vacanciers. Visite de la caserne des pompiers Activit\u00e9s et jeux : Jeux adapt\u00e9s selon la saison, p\u00e9tanque, piscine, jeux en bois,Balade en campagneSport adapt\u00e9, basket, foot, hand&#8230;Th\u00e9\u00e2tre\/clownP\u00e9cheJeux de soci\u00e9t\u00e9Veill\u00e9es<\/p>\n","protected":false},"author":1,"featured_media":0,"parent":0,"menu_order":0,"comment_status":"closed","ping_status":"closed","template":"","meta":{"footnotes":""},"class_list":["post-2510","page","type-page","status-publish","hentry"],"_links":{"self":[{"href":"https:\/\/avenidaconseiletformation.com\/index.php\/wp-json\/wp\/v2\/pages\/2510","targetHints":{"allow":["GET"]}}],"collection":[{"href":"https:\/\/avenidaconseiletformation.com\/index.php\/wp-json\/wp\/v2\/pages"}],"about":[{"href":"https:\/\/avenidaconseiletformation.com\/index.php\/wp-json\/wp\/v2\/types\/page"}],"author":[{"embeddable":true,"href":"https:\/\/avenidaconseiletformation.com\/index.php\/wp-json\/wp\/v2\/users\/1"}],"replies":[{"embeddable":true,"href":"https:\/\/avenidaconseiletformation.com\/index.php\/wp-json\/wp\/v2\/comments?post=2510"}],"version-history":[{"count":8,"href":"https:\/\/avenidaconseiletformation.com\/index.php\/wp-json\/wp\/v2\/pages\/2510\/revisions"}],"predecessor-version":[{"id":2522,"href":"https:\/\/avenidaconseiletformation.com\/index.php\/wp-json\/wp\/v2\/pages\/2510\/revisions\/2522"}],"wp:attachment":[{"href":"https:\/\/avenidaconseiletformation.com\/index.php\/wp-json\/wp\/v2\/media?parent=2510"}],"curies":[{"name":"wp","href":"https:\/\/api.w.org\/{rel}","templated":true}]}}