{"id":2524,"date":"2025-06-16T10:31:08","date_gmt":"2025-06-16T08:31:08","guid":{"rendered":"https:\/\/avenidaconseiletformation.com\/?page_id=2524"},"modified":"2025-06-16T10:51:11","modified_gmt":"2025-06-16T08:51:11","slug":"formation-educateur-facilitateur-a-domicile","status":"publish","type":"page","link":"https:\/\/avenidaconseiletformation.com\/index.php\/formation-educateur-facilitateur-a-domicile\/","title":{"rendered":"Formation \u00c9ducateurs\/Facilitateur"},"content":{"rendered":"\t\t<div data-elementor-type=\"wp-page\" data-elementor-id=\"2524\" class=\"elementor elementor-2524\">\n\t\t\t\t<div class=\"elementor-element elementor-element-3b58a8c e-flex e-con-boxed wpr-particle-no wpr-jarallax-no wpr-parallax-no wpr-sticky-section-no wpr-equal-height-no e-con e-parent\" data-id=\"3b58a8c\" data-element_type=\"container\" data-e-type=\"container\">\n\t\t\t\t\t<div class=\"e-con-inner\">\n\t\t\t\t<div class=\"elementor-element elementor-element-bd92781 elementor-widget elementor-widget-heading\" data-id=\"bd92781\" data-element_type=\"widget\" data-e-type=\"widget\" data-widget_type=\"heading.default\">\n\t\t\t\t<div class=\"elementor-widget-container\">\n\t\t\t\t\t<h2 class=\"elementor-heading-title elementor-size-default\">\u00c9ducateur\/Facilitateur \u00e0 domicile<\/h2>\t\t\t\t<\/div>\n\t\t\t\t<\/div>\n\t\t\t\t\t<\/div>\n\t\t\t\t<\/div>\n\t\t<div class=\"elementor-element elementor-element-2217a945 e-grid e-con-boxed wpr-particle-no wpr-jarallax-no wpr-parallax-no wpr-sticky-section-no wpr-equal-height-no e-con e-child\" data-id=\"2217a945\" data-element_type=\"container\" data-e-type=\"container\">\n\t\t\t\t\t<div class=\"e-con-inner\">\n\t\t<div class=\"elementor-element elementor-element-536474d5 e-con-full e-flex wpr-particle-no wpr-jarallax-no wpr-parallax-no wpr-sticky-section-no wpr-equal-height-no e-con e-child\" data-id=\"536474d5\" data-element_type=\"container\" data-e-type=\"container\">\n\t\t<div class=\"elementor-element elementor-element-41423ae5 e-con-full e-flex wpr-particle-no wpr-jarallax-no wpr-parallax-no wpr-sticky-section-no wpr-equal-height-no e-con e-child\" data-id=\"41423ae5\" data-element_type=\"container\" data-e-type=\"container\">\n\t\t\t\t<div class=\"elementor-element elementor-element-1108d7d9 elementor-widget elementor-widget-text-editor\" data-id=\"1108d7d9\" data-element_type=\"widget\" data-e-type=\"widget\" data-widget_type=\"text-editor.default\">\n\t\t\t\t<div class=\"elementor-widget-container\">\n\t\t\t\t\t\t\t\t\t<h5 class=\"western\"><span style=\"color: #2f8aa0;\">Pr\u00e9requis :<\/span><\/h5><p class=\"western\"><span style=\"color: #7a7a7a;\">Avoir un diplome dans le social, pour plus d&rsquo;informations contactez-nous via le bouton ci-dessous.<\/span><\/p>\t\t\t\t\t\t\t\t<\/div>\n\t\t\t\t<\/div>\n\t\t\t\t<div class=\"elementor-element elementor-element-1c7fe2c3 elementor-widget elementor-widget-text-editor\" data-id=\"1c7fe2c3\" data-element_type=\"widget\" data-e-type=\"widget\" data-widget_type=\"text-editor.default\">\n\t\t\t\t<div class=\"elementor-widget-container\">\n\t\t\t\t\t\t\t\t\t<h5><span style=\"color: #2f8aa0;\">Tarif et dur\u00e9e :<\/span><\/h5><p><span style=\"color: #2f8aa0;\"><strong>MODULE 1: 5 JOURS<\/strong><\/span><\/p><ul><li><span style=\"color: #7a7a7a;\">Perfectionner ses connaissances sur les troubles neurod\u00e9veloppementaux<\/span><\/li><li><span style=\"color: #7a7a7a;\">D\u00e9couvrir la m\u00e9thodologie du recueil des besoins des parents<\/span><\/li><li><span style=\"color: #7a7a7a;\">Pr\u00e9sentation de la grille de lecture des entretiens avec les parents<\/span><\/li><li><span style=\"color: #7a7a7a;\">Savoir proposer un projet adapt\u00e9 aux besoins de la famille<\/span><\/li><li><span style=\"color: #7a7a7a;\">690\u20ac<\/span><\/li><\/ul><p><span style=\"color: #2f8aa0;\"><strong>MODULE 2: 3 JOURS<\/strong><\/span><\/p><ul><li><span style=\"color: #7a7a7a;\">Permettre de choisir sa forme juridique<\/span><\/li><li><span style=\"color: #7a7a7a;\">D\u00e9couvrir les obligations du m\u00e9tier en lib\u00e9ral<\/span><\/li><li><span style=\"color: #7a7a7a;\">D\u00e9couverte de la boite \u00e0 outils \u00e9clair du facilitateur \u00e0 domicile<\/span><\/li><li><span style=\"color: #7a7a7a;\">Cr\u00e9ation de sa boite \u00e0 outils<\/span><\/li><li><span style=\"color: #7a7a7a;\">414\u20ac<\/span><\/li><\/ul><p><span style=\"color: #2f8aa0;\"><strong>MODULE 3: 4 JOURS<\/strong><\/span><\/p><ul><li><span style=\"color: #7a7a7a;\">Approfondissement de la m\u00e9thodologie du recueil des besoins des parents<\/span><\/li><li><span style=\"color: #7a7a7a;\">Approfondissement de la grille de lecture.<\/span><\/li><li><span style=\"color: #7a7a7a;\">Pr\u00e9paration de l&rsquo;examen<\/span><\/li><li><span style=\"color: #7a7a7a;\">Examen<\/span><\/li><li><span style=\"color: #7a7a7a;\">550\u20ac<\/span><\/li><\/ul>\t\t\t\t\t\t\t\t<\/div>\n\t\t\t\t<\/div>\n\t\t\t\t<\/div>\n\t\t<div class=\"elementor-element elementor-element-203cd123 e-con-full e-flex wpr-particle-no wpr-jarallax-no wpr-parallax-no wpr-sticky-section-no wpr-equal-height-no e-con e-child\" data-id=\"203cd123\" data-element_type=\"container\" data-e-type=\"container\">\n\t\t\t\t<div class=\"elementor-element elementor-element-416383d2 elementor-widget elementor-widget-text-editor\" data-id=\"416383d2\" data-element_type=\"widget\" data-e-type=\"widget\" data-widget_type=\"text-editor.default\">\n\t\t\t\t<div class=\"elementor-widget-container\">\n\t\t\t\t\t\t\t\t\t<h5 class=\"western\"><span style=\"color: #2f8aa0;\">M\u00e9thode d&rsquo;\u00e9valuation :<\/span><\/h5><p align=\"left\"><span style=\"color: #7a7a7a;\">Quizz de connaissances, \u00e9tude de cas.<\/span><\/p>\t\t\t\t\t\t\t\t<\/div>\n\t\t\t\t<\/div>\n\t\t\t\t<div class=\"elementor-element elementor-element-53180c4 elementor-widget elementor-widget-text-editor\" data-id=\"53180c4\" data-element_type=\"widget\" data-e-type=\"widget\" data-widget_type=\"text-editor.default\">\n\t\t\t\t<div class=\"elementor-widget-container\">\n\t\t\t\t\t\t\t\t\t<h5><span style=\"color: #2f8aa0;\">M\u00e9thodes p\u00e9dagogiques :<\/span><\/h5><p><span style=\"color: #7a7a7a;\">Didactique, exp\u00e9rimentale, co-construction des savoirs, active, expositive.<\/span><\/p>\t\t\t\t\t\t\t\t<\/div>\n\t\t\t\t<\/div>\n\t\t<div class=\"elementor-element elementor-element-1d95faff e-con-full e-flex wpr-particle-no wpr-jarallax-no wpr-parallax-no wpr-sticky-section-no wpr-equal-height-no e-con e-child\" data-id=\"1d95faff\" data-element_type=\"container\" data-e-type=\"container\">\n\t\t\t\t<div class=\"elementor-element elementor-element-5d785943 elementor-widget elementor-widget-text-editor\" data-id=\"5d785943\" data-element_type=\"widget\" data-e-type=\"widget\" data-widget_type=\"text-editor.default\">\n\t\t\t\t<div class=\"elementor-widget-container\">\n\t\t\t\t\t\t\t\t\t<h5 class=\"western\" style=\"font-family: Roboto, sans-serif; color: #7a7a7a; --wp-dark-mode-inline-color: #9d9385;\" data-wp-dark-mode-inline-color=\"\"><span style=\"color: #2f8aa0; --wp-dark-mode-inline-color: #76b9c6;\" data-wp-dark-mode-inline-color=\"\">Public vis\u00e9e :<\/span><\/h5><p style=\"font-size: 16px;\"><span style=\"color: #7a7a7a;\">\u00c9ducateurs, AMP, AES, TISF, vous travaillez en structure et vous avez envie de mettre vos comp\u00e9tences au services des particuliers mais vous avez du mal a franchir le pas.<\/span><\/p>\t\t\t\t\t\t\t\t<\/div>\n\t\t\t\t<\/div>\n\t\t\t\t<div class=\"elementor-element elementor-element-23acbcee elementor-widget elementor-widget-text-editor\" data-id=\"23acbcee\" data-element_type=\"widget\" data-e-type=\"widget\" data-widget_type=\"text-editor.default\">\n\t\t\t\t<div class=\"elementor-widget-container\">\n\t\t\t\t\t\t\t\t\t<h5 class=\"western\"><span style=\"color: #2f8aa0;\">Accessibilit\u00e9 :<\/span><\/h5><p><span style=\"color: #7a7a7a;\">L\u2019acc\u00e8s, le rythme et le contenu de nos formations peuvent \u00eatre adapt\u00e9s, n\u2019h\u00e9sitez pas \u00e0 nous contacter.<\/span><\/p>\t\t\t\t\t\t\t\t<\/div>\n\t\t\t\t<\/div>\n\t\t\t\t<\/div>\n\t\t\t\t<\/div>\n\t\t\t\t<\/div>\n\t\t<div class=\"elementor-element elementor-element-19157243 e-con-full e-flex wpr-particle-no wpr-jarallax-no wpr-parallax-no wpr-sticky-section-no wpr-equal-height-no e-con e-child\" data-id=\"19157243\" data-element_type=\"container\" data-e-type=\"container\">\n\t\t\t\t<div class=\"elementor-element elementor-element-7cb24848 elementor-widget elementor-widget-image\" data-id=\"7cb24848\" data-element_type=\"widget\" data-e-type=\"widget\" data-widget_type=\"image.default\">\n\t\t\t\t<div class=\"elementor-widget-container\">\n\t\t\t\t\t\t\t\t\t\t\t\t\t\t\t<img fetchpriority=\"high\" decoding=\"async\" width=\"1536\" height=\"1024\" src=\"https:\/\/avenidaconseiletformation.com\/wp-content\/uploads\/2025\/06\/image_2025-06-16_104424459.png\" class=\"attachment-full size-full wp-image-2547\" alt=\"CHEH\" srcset=\"https:\/\/avenidaconseiletformation.com\/wp-content\/uploads\/2025\/06\/image_2025-06-16_104424459.png 1536w, https:\/\/avenidaconseiletformation.com\/wp-content\/uploads\/2025\/06\/image_2025-06-16_104424459-300x200.png 300w, https:\/\/avenidaconseiletformation.com\/wp-content\/uploads\/2025\/06\/image_2025-06-16_104424459-1024x683.png 1024w, https:\/\/avenidaconseiletformation.com\/wp-content\/uploads\/2025\/06\/image_2025-06-16_104424459-768x512.png 768w\" sizes=\"(max-width: 1536px) 100vw, 1536px\" \/>\t\t\t\t\t\t\t\t\t\t\t\t\t\t\t<\/div>\n\t\t\t\t<\/div>\n\t\t\t\t<div class=\"elementor-element elementor-element-754da0da elementor-widget elementor-widget-text-editor\" data-id=\"754da0da\" data-element_type=\"widget\" data-e-type=\"widget\" data-widget_type=\"text-editor.default\">\n\t\t\t\t<div class=\"elementor-widget-container\">\n\t\t\t\t\t\t\t\t\t<h5><span style=\"color: #2f8aa0;\">Objectifs de la formation :<\/span><\/h5><p><span style=\"color: #7a7a7a;\">Nous vous proposons un cursus de formation afin de vous donner des outils n\u00e9cessaires tant pour l&rsquo;accompagnement des publics que pour votre gestion administrative.<\/span><\/p>\t\t\t\t\t\t\t\t<\/div>\n\t\t\t\t<\/div>\n\t\t\t\t<div class=\"elementor-element elementor-element-5e74fd87 elementor-widget elementor-widget-text-editor\" data-id=\"5e74fd87\" data-element_type=\"widget\" data-e-type=\"widget\" data-widget_type=\"text-editor.default\">\n\t\t\t\t<div class=\"elementor-widget-container\">\n\t\t\t\t\t\t\t\t\t<h5 class=\"western\"><span style=\"color: #2f8aa0;\">D\u00e9lai d&rsquo;acc\u00e8s :<\/span><\/h5><p><span style=\"color: #7a7a7a;\">Les formations \u00e9tant faites sur mesure avec le donneur d&rsquo;ordre, L&rsquo;Imaginarium s&rsquo;engage \u00e0 donner une proposition chiffr\u00e9e et document\u00e9e en 30 jours ouvr\u00e9s apr\u00e8s la commande. Les calendriers sont mis en place avec le donneur d&rsquo;ordre.<\/span><\/p>\t\t\t\t\t\t\t\t<\/div>\n\t\t\t\t<\/div>\n\t\t\t\t<\/div>\n\t\t\t\t\t<\/div>\n\t\t\t\t<\/div>\n\t\t\t\t<\/div>\n\t\t","protected":false},"excerpt":{"rendered":"<p>\u00c9ducateur\/Facilitateur \u00e0 domicile Pr\u00e9requis : Avoir un diplome dans le social, pour plus d&rsquo;informations contactez-nous via le bouton ci-dessous. Tarif et dur\u00e9e : MODULE 1: 5 JOURS Perfectionner ses connaissances sur les troubles neurod\u00e9veloppementaux D\u00e9couvrir la m\u00e9thodologie du recueil des besoins des parents Pr\u00e9sentation de la grille de lecture des entretiens avec les parents Savoir proposer un projet adapt\u00e9 aux besoins de la famille 690\u20ac MODULE 2: 3 JOURS Permettre de choisir sa forme juridique D\u00e9couvrir les obligations du m\u00e9tier en lib\u00e9ral D\u00e9couverte de la boite \u00e0 outils \u00e9clair du facilitateur \u00e0 domicile Cr\u00e9ation de sa boite \u00e0 outils 414\u20ac MODULE 3: 4 JOURS Approfondissement de la m\u00e9thodologie du recueil des besoins des parents Approfondissement de la grille de lecture. Pr\u00e9paration de l&rsquo;examen Examen 550\u20ac M\u00e9thode d&rsquo;\u00e9valuation : Quizz de connaissances, \u00e9tude de cas. M\u00e9thodes p\u00e9dagogiques : Didactique, exp\u00e9rimentale, co-construction des savoirs, active, expositive. Public vis\u00e9e : \u00c9ducateurs, AMP, AES, TISF, vous travaillez en structure et vous avez envie de mettre vos comp\u00e9tences au services des particuliers mais vous avez du mal a franchir le pas. Accessibilit\u00e9 : L\u2019acc\u00e8s, le rythme et le contenu de nos formations peuvent \u00eatre adapt\u00e9s, n\u2019h\u00e9sitez pas \u00e0 nous contacter. Objectifs de la formation : Nous vous proposons un cursus de formation afin de vous donner des outils n\u00e9cessaires tant pour l&rsquo;accompagnement des publics que pour votre gestion administrative. D\u00e9lai d&rsquo;acc\u00e8s : Les formations \u00e9tant faites sur mesure avec le donneur d&rsquo;ordre, L&rsquo;Imaginarium s&rsquo;engage \u00e0 donner une proposition chiffr\u00e9e et document\u00e9e en 30 jours ouvr\u00e9s apr\u00e8s la commande. Les calendriers sont mis en place avec le donneur d&rsquo;ordre.<\/p>\n","protected":false},"author":1,"featured_media":0,"parent":0,"menu_order":0,"comment_status":"closed","ping_status":"closed","template":"","meta":{"footnotes":""},"class_list":["post-2524","page","type-page","status-publish","hentry"],"_links":{"self":[{"href":"https:\/\/avenidaconseiletformation.com\/index.php\/wp-json\/wp\/v2\/pages\/2524","targetHints":{"allow":["GET"]}}],"collection":[{"href":"https:\/\/avenidaconseiletformation.com\/index.php\/wp-json\/wp\/v2\/pages"}],"about":[{"href":"https:\/\/avenidaconseiletformation.com\/index.php\/wp-json\/wp\/v2\/types\/page"}],"author":[{"embeddable":true,"href":"https:\/\/avenidaconseiletformation.com\/index.php\/wp-json\/wp\/v2\/users\/1"}],"replies":[{"embeddable":true,"href":"https:\/\/avenidaconseiletformation.com\/index.php\/wp-json\/wp\/v2\/comments?post=2524"}],"version-history":[{"count":22,"href":"https:\/\/avenidaconseiletformation.com\/index.php\/wp-json\/wp\/v2\/pages\/2524\/revisions"}],"predecessor-version":[{"id":2560,"href":"https:\/\/avenidaconseiletformation.com\/index.php\/wp-json\/wp\/v2\/pages\/2524\/revisions\/2560"}],"wp:attachment":[{"href":"https:\/\/avenidaconseiletformation.com\/index.php\/wp-json\/wp\/v2\/media?parent=2524"}],"curies":[{"name":"wp","href":"https:\/\/api.w.org\/{rel}","templated":true}]}}